{"id":1021,"date":"2024-03-27T09:42:53","date_gmt":"2024-03-27T09:42:53","guid":{"rendered":"https:\/\/www.doctornelsoncaceres.es\/?page_id=1021"},"modified":"2025-03-10T14:25:03","modified_gmt":"2025-03-10T13:25:03","slug":"plasma-rico-en-plaquetas-prp","status":"publish","type":"page","link":"https:\/\/doctornelsoncaceres.es\/en\/tratamientos\/capillaries\/plasma-rico-en-plaquetas-prp\/","title":{"rendered":"Platelet rich plasma (PRP)"},"content":{"rendered":"<p>Es un tratamiento de rejuvenecimiento y AntiAging basado en la inyecci\u00f3n de c\u00e9lulas con funci\u00f3n reparadora.<\/p>\n\n\n\n<h3 class=\"wp-block-heading\">\u00bfEn qu\u00e9 consiste?<\/h3>\n\n\n\n<p><strong>Extraemos las c\u00e9lulas regeneradoras de tu propio organismo<\/strong>, mediante una peque\u00f1a extracci\u00f3n de sangre la tratamos con un procedimiento de laboratorio para posteriormente separar el plasma de la sangre, ya separado el plasma se inyecta para que este cumpla con su tarea regeneradora.<\/p>\n\n\n\n<h5 class=\"wp-block-heading\"><strong>Logra un aspecto m\u00e1s joven con tus propios factores de crecimiento<\/strong><\/h5>\n\n\n\n<p>He <strong>plasma rico en plaquetas (PRP)<\/strong> es un potente y novedoso tratamiento regenerador para combatir el envejecimiento facial. Este preparado es un <strong>derivado biol\u00f3gico elaborado a partir de la sangre del propio paciente<\/strong>, por lo que contiene una alta concentraci\u00f3n de sus factores de crecimiento.<\/p>\n\n\n\n<p><strong>El PRP es un procedimiento empleado desde hace a\u00f1os en m\u00faltiples \u00e1reas<\/strong>, como la medicina regenerativa, la cirug\u00eda maxilofacial, la medicina deportiva, la oftalmolog\u00eda o la odontolog\u00eda, pero se asocia principalmente a la medicina est\u00e9tica por su efectividad en el tratamiento de una gran cantidad de condiciones:<\/p>\n\n\n\n<ul class=\"wp-block-list\">\n<li>Arrugas<\/li>\n\n\n\n<li>Alopecia<\/li>\n\n\n\n<li>Cicatrices de acn\u00e9<\/li>\n\n\n\n<li>Flacidez cut\u00e1nea<\/li>\n<\/ul>\n\n\n\n<p><\/p>\n\n\n\n<h3 class=\"wp-block-heading\" id=\"h-beneficios-del-prp\">Beneficios del PRP<\/h3>\n\n\n\n<p>Los factores de crecimiento que concentra el plasma de cada paciente <strong>permiten potenciar y acelerar la regeneraci\u00f3n de sus tejidos<\/strong>, logrando un aspecto m\u00e1s joven:<\/p>\n\n\n\n<ul class=\"wp-block-list\">\n<li>Acci\u00f3n bioregeneradora.<\/li>\n\n\n\n<li>Hydration.<\/li>\n\n\n\n<li>Firmeza.<\/li>\n\n\n\n<li>Grosor.<\/li>\n\n\n\n<li>Alto perfil de seguridad, dada su naturaleza aut\u00f3loga, siempre que sea elaborado en condiciones \u00f3ptimas y de esterilidad.<\/li>\n\n\n\n<li>R\u00e1pida cicatrizaci\u00f3n en el postoperatorio en su aplicaci\u00f3n durante la cirug\u00eda de <strong>blefaroplastia<\/strong>.<\/li>\n<\/ul>\n\n\n\n<p><\/p>\n\n\n\n<h3 class=\"wp-block-heading\" id=\"h-que-se-consigue-con-el-prp\"><\/h3>\n\n\n\n<p>Es \u00fatil para <strong>regenerar tejidos da\u00f1ados, favoreciendo la creaci\u00f3n de nuevas c\u00e9lulas<\/strong>. Adem\u00e1s, estimula la creaci\u00f3n de otros compuestos como el col\u00e1geno, la elastina y el \u00e1cido hialur\u00f3nico. El PRP es tan beneficioso que no solo se emplea para mejorar la salud capilar, tambi\u00e9n para mejorar la calidad de la piel.<\/p>\n\n\n\n<h4 class=\"wp-block-heading\" id=\"h-antes-del-tratamiento-de-plasma\">Antes del tratamiento de plasma<\/h4>\n\n\n\n<ul class=\"wp-block-list\">\n<li><strong>Evita comer muchas grasas<\/strong>, como fritos, o hacer comidas copiosas.<\/li>\n\n\n\n<li><strong>Evita tomar bebidas azucaradas<\/strong> o zumos de fruta comerciales.<\/li>\n\n\n\n<li><strong>Evita beber alcohol<\/strong>.<\/li>\n\n\n\n<li><strong>Evita consumir<\/strong> helados y <strong>alimentos que tengan mucho az\u00facar<\/strong>.<\/li>\n<\/ul>\n\n\n\n<p><strong>cuando se puede lavar la cabeza despu\u00e9s del prp:<\/strong><\/p>\n\n\n\n<p>No laves el cabello inmediatamente: <strong>Evita lavar tu cabello en las primeras 24 horas despu\u00e9s del tratamiento PRP<\/strong>. Esto permite que las plaquetas y factores de crecimiento tengan tiempo para trabajar en el cuero cabelludo.<\/p>\n\n\n\n<p>He <strong>plasma rico en plaquetas<\/strong>(PRP) es un producto con grandes ventajas y numerosas utilidades. Entre sus indicaciones actuales se encuentra el <strong>tratamiento de la alopecia y el envejecimiento cut\u00e1neo<\/strong>.<\/p>\n\n\n\n<p>Una de sus principales ventajas es que <strong>es un producto que se obtiene del propio paciente<\/strong>, por lo que no ocasiona problemas de alergias ni de rechazos. Adem\u00e1s, no precisa la realizaci\u00f3n de pruebas previas, s\u00f3lo la valoraci\u00f3n dermatol\u00f3gica del paciente (historia cl\u00ednica y exploraci\u00f3n f\u00edsica con toma de im\u00e1genes cl\u00ednicas).<\/p>\n\n\n\n<h3 class=\"wp-block-heading\" id=\"h-que-conseguimos-con-el-tratamiento-de-prp\">\u00bfQu\u00e9 conseguimos con EL TRATAMIENTO DE PRP?<\/h3>\n\n\n\n<p>En el caso de la infiltraci\u00f3n del cuero cabelludo para el tratamiento de la alopecia se consigue la <strong>aparici\u00f3n de pelo nuevo y el aumento del grosor del ya existente<\/strong>. Todo ello se percibe como un aumento de la densidad capilar.<\/p>\n\n\n\n<p>En el caso de la infiltraci\u00f3n de la piel (cara o escote) para el tratamiento del foto o crono-envejecimiento se consigue <strong>aumentar la elasticidad, disminuir la flacidez, aumentar la luminosidad y disminuir las arrugas<\/strong>.<\/p>\n\n\n\n<h3 class=\"wp-block-heading\" id=\"h-tratamientos-capilares\">hair treatments<\/h3>\n\n\n<ul class=\"tratamientos wp-block-page-list\"><li class=\"wp-block-pages-list__item\"><a class=\"wp-block-pages-list__item__link\" href=\"https:\/\/doctornelsoncaceres.es\/en\/tratamientos\/capillaries\/hair-mesotherapy\/\">hair mesotherapy<\/a><\/li><li class=\"wp-block-pages-list__item\"><a class=\"wp-block-pages-list__item__link\" href=\"https:\/\/doctornelsoncaceres.es\/en\/tratamientos\/capillaries\/plasma-rico-en-plaquetas-prp\/\">Platelet rich plasma (PRP)<\/a><\/li><\/ul>","protected":false},"excerpt":{"rendered":"<p>El PRP, obtenido a trav\u00e9s de un proceso que concentra las plaquetas del propio paciente, es rico en factores de crecimiento que promueven la regeneraci\u00f3n celular y la reparaci\u00f3n de tejidos. Cuando se inyecta en el cuero cabelludo, el PRP act\u00faa estimulando los fol\u00edculos pilosos, lo que puede resultar en un cabello m\u00e1s denso y saludable.<\/p>","protected":false},"author":1,"featured_media":1023,"parent":1007,"menu_order":0,"comment_status":"closed","ping_status":"closed","template":"","meta":{"_eb_attr":"","_joinchat":[],"footnotes":""},"categories":[18],"tags":[10,12],"class_list":["post-1021","page","type-page","status-publish","has-post-thumbnail","hentry","category-capilar","tag-page-content-sidebar","tag-tratamiento"],"yoast_head":"<!-- This site is optimized with the Yoast SEO Premium plugin v21.5 (Yoast SEO v24.6) - https:\/\/yoast.com\/wordpress\/plugins\/seo\/ -->\n<title>Plasma rico en plaquetas (PRP) - Doctor Nelson C\u00e1ceres<\/title>\n<meta name=\"description\" content=\"Tratamiento regenerador de rejuvenecimiento y AntiAging basado en la inyecci\u00f3n de c\u00e9lulas con funci\u00f3n reparadora de tu propio organismo.\" \/>\n<meta name=\"robots\" content=\"index, follow, max-snippet:-1, max-image-preview:large, max-video-preview:-1\" \/>\n<link rel=\"canonical\" href=\"https:\/\/doctornelsoncaceres.es\/en\/tratamientos\/capillaries\/plasma-rico-en-plaquetas-prp\/\" \/>\n<meta property=\"og:locale\" content=\"en_GB\" \/>\n<meta property=\"og:type\" content=\"article\" \/>\n<meta property=\"og:title\" content=\"Plasma rico en plaquetas (PRP)\" \/>\n<meta property=\"og:description\" content=\"Tratamiento regenerador de rejuvenecimiento y AntiAging basado en la inyecci\u00f3n de c\u00e9lulas con funci\u00f3n reparadora de tu propio organismo.\" \/>\n<meta property=\"og:url\" content=\"https:\/\/doctornelsoncaceres.es\/en\/tratamientos\/capillaries\/plasma-rico-en-plaquetas-prp\/\" \/>\n<meta property=\"og:site_name\" content=\"Doctor Nelson C\u00e1ceres\" \/>\n<meta property=\"article:modified_time\" content=\"2025-03-10T13:25:03+00:00\" \/>\n<meta property=\"og:image\" content=\"https:\/\/doctornelsoncaceres.es\/wp-content\/uploads\/2024\/03\/banner-cabecera-tratamiento-prp-capilar-doctornelsoncaceres.jpg\" \/>\n\t<meta property=\"og:image:width\" content=\"800\" \/>\n\t<meta property=\"og:image:height\" content=\"800\" \/>\n\t<meta property=\"og:image:type\" content=\"image\/jpeg\" \/>\n<meta name=\"twitter:card\" content=\"summary_large_image\" \/>\n<meta name=\"twitter:label1\" content=\"Estimated reading time\" \/>\n\t<meta name=\"twitter:data1\" content=\"3 minutes\" \/>\n<script type=\"application\/ld+json\" class=\"yoast-schema-graph\">{\"@context\":\"https:\/\/schema.org\",\"@graph\":[{\"@type\":\"WebPage\",\"@id\":\"https:\/\/doctornelsoncaceres.es\/tratamientos\/capilares\/plasma-rico-en-plaquetas-prp\/\",\"url\":\"https:\/\/doctornelsoncaceres.es\/tratamientos\/capilares\/plasma-rico-en-plaquetas-prp\/\",\"name\":\"Plasma rico en plaquetas (PRP) - Doctor Nelson C\u00e1ceres\",\"isPartOf\":{\"@id\":\"https:\/\/doctornelsoncaceres.es\/en\/#website\"},\"primaryImageOfPage\":{\"@id\":\"https:\/\/doctornelsoncaceres.es\/tratamientos\/capilares\/plasma-rico-en-plaquetas-prp\/#primaryimage\"},\"image\":{\"@id\":\"https:\/\/doctornelsoncaceres.es\/tratamientos\/capilares\/plasma-rico-en-plaquetas-prp\/#primaryimage\"},\"thumbnailUrl\":\"https:\/\/doctornelsoncaceres.es\/wp-content\/uploads\/2024\/03\/banner-cabecera-tratamiento-prp-capilar-doctornelsoncaceres.jpg\",\"datePublished\":\"2024-03-27T09:42:53+00:00\",\"dateModified\":\"2025-03-10T13:25:03+00:00\",\"description\":\"Tratamiento regenerador de rejuvenecimiento y AntiAging basado en la inyecci\u00f3n de c\u00e9lulas con funci\u00f3n reparadora de tu propio organismo.\",\"breadcrumb\":{\"@id\":\"https:\/\/doctornelsoncaceres.es\/tratamientos\/capilares\/plasma-rico-en-plaquetas-prp\/#breadcrumb\"},\"inLanguage\":\"en-GB\",\"potentialAction\":[{\"@type\":\"ReadAction\",\"target\":[\"https:\/\/doctornelsoncaceres.es\/tratamientos\/capilares\/plasma-rico-en-plaquetas-prp\/\"]}]},{\"@type\":\"ImageObject\",\"inLanguage\":\"en-GB\",\"@id\":\"https:\/\/doctornelsoncaceres.es\/tratamientos\/capilares\/plasma-rico-en-plaquetas-prp\/#primaryimage\",\"url\":\"https:\/\/doctornelsoncaceres.es\/wp-content\/uploads\/2024\/03\/banner-cabecera-tratamiento-prp-capilar-doctornelsoncaceres.jpg\",\"contentUrl\":\"https:\/\/doctornelsoncaceres.es\/wp-content\/uploads\/2024\/03\/banner-cabecera-tratamiento-prp-capilar-doctornelsoncaceres.jpg\",\"width\":800,\"height\":800},{\"@type\":\"BreadcrumbList\",\"@id\":\"https:\/\/doctornelsoncaceres.es\/tratamientos\/capilares\/plasma-rico-en-plaquetas-prp\/#breadcrumb\",\"itemListElement\":[{\"@type\":\"ListItem\",\"position\":1,\"name\":\"Portada\",\"item\":\"https:\/\/doctornelsoncaceres.es\/\"},{\"@type\":\"ListItem\",\"position\":2,\"name\":\"Tratamientos\",\"item\":\"https:\/\/doctornelsoncaceres.es\/tratamientos\/\"},{\"@type\":\"ListItem\",\"position\":3,\"name\":\"Tratamientos Capilares\",\"item\":\"https:\/\/doctornelsoncaceres.es\/tratamientos\/capilares\/\"},{\"@type\":\"ListItem\",\"position\":4,\"name\":\"Plasma rico en plaquetas (PRP)\"}]},{\"@type\":\"WebSite\",\"@id\":\"https:\/\/doctornelsoncaceres.es\/en\/#website\",\"url\":\"https:\/\/doctornelsoncaceres.es\/en\/\",\"name\":\"Doctor Nelson C\u00e1ceres\",\"description\":\"Consulta de medicina est\u00e9tica en M\u00f3stoles\",\"alternateName\":\"Dr Nelson C\u00e1ceres\",\"potentialAction\":[{\"@type\":\"SearchAction\",\"target\":{\"@type\":\"EntryPoint\",\"urlTemplate\":\"https:\/\/doctornelsoncaceres.es\/en\/?s={search_term_string}\"},\"query-input\":{\"@type\":\"PropertyValueSpecification\",\"valueRequired\":true,\"valueName\":\"search_term_string\"}}],\"inLanguage\":\"en-GB\"}]}<\/script>\n<!-- \/ Yoast SEO Premium plugin. -->","yoast_head_json":{"title":"Plasma rico en plaquetas (PRP) - Doctor Nelson C\u00e1ceres","description":"Tratamiento regenerador de rejuvenecimiento y AntiAging basado en la inyecci\u00f3n de c\u00e9lulas con funci\u00f3n reparadora de tu propio organismo.","robots":{"index":"index","follow":"follow","max-snippet":"max-snippet:-1","max-image-preview":"max-image-preview:large","max-video-preview":"max-video-preview:-1"},"canonical":"https:\/\/doctornelsoncaceres.es\/en\/tratamientos\/capillaries\/plasma-rico-en-plaquetas-prp\/","og_locale":"en_GB","og_type":"article","og_title":"Plasma rico en plaquetas (PRP)","og_description":"Tratamiento regenerador de rejuvenecimiento y AntiAging basado en la inyecci\u00f3n de c\u00e9lulas con funci\u00f3n reparadora de tu propio organismo.","og_url":"https:\/\/doctornelsoncaceres.es\/en\/tratamientos\/capillaries\/plasma-rico-en-plaquetas-prp\/","og_site_name":"Doctor Nelson C\u00e1ceres","article_modified_time":"2025-03-10T13:25:03+00:00","og_image":[{"width":800,"height":800,"url":"https:\/\/doctornelsoncaceres.es\/wp-content\/uploads\/2024\/03\/banner-cabecera-tratamiento-prp-capilar-doctornelsoncaceres.jpg","type":"image\/jpeg"}],"twitter_card":"summary_large_image","twitter_misc":{"Estimated reading time":"3 minutes"},"schema":{"@context":"https:\/\/schema.org","@graph":[{"@type":"WebPage","@id":"https:\/\/doctornelsoncaceres.es\/tratamientos\/capilares\/plasma-rico-en-plaquetas-prp\/","url":"https:\/\/doctornelsoncaceres.es\/tratamientos\/capilares\/plasma-rico-en-plaquetas-prp\/","name":"Plasma rico en plaquetas (PRP) - Doctor Nelson C\u00e1ceres","isPartOf":{"@id":"https:\/\/doctornelsoncaceres.es\/en\/#website"},"primaryImageOfPage":{"@id":"https:\/\/doctornelsoncaceres.es\/tratamientos\/capilares\/plasma-rico-en-plaquetas-prp\/#primaryimage"},"image":{"@id":"https:\/\/doctornelsoncaceres.es\/tratamientos\/capilares\/plasma-rico-en-plaquetas-prp\/#primaryimage"},"thumbnailUrl":"https:\/\/doctornelsoncaceres.es\/wp-content\/uploads\/2024\/03\/banner-cabecera-tratamiento-prp-capilar-doctornelsoncaceres.jpg","datePublished":"2024-03-27T09:42:53+00:00","dateModified":"2025-03-10T13:25:03+00:00","description":"Tratamiento regenerador de rejuvenecimiento y AntiAging basado en la inyecci\u00f3n de c\u00e9lulas con funci\u00f3n reparadora de tu propio organismo.","breadcrumb":{"@id":"https:\/\/doctornelsoncaceres.es\/tratamientos\/capilares\/plasma-rico-en-plaquetas-prp\/#breadcrumb"},"inLanguage":"en-GB","potentialAction":[{"@type":"ReadAction","target":["https:\/\/doctornelsoncaceres.es\/tratamientos\/capilares\/plasma-rico-en-plaquetas-prp\/"]}]},{"@type":"ImageObject","inLanguage":"en-GB","@id":"https:\/\/doctornelsoncaceres.es\/tratamientos\/capilares\/plasma-rico-en-plaquetas-prp\/#primaryimage","url":"https:\/\/doctornelsoncaceres.es\/wp-content\/uploads\/2024\/03\/banner-cabecera-tratamiento-prp-capilar-doctornelsoncaceres.jpg","contentUrl":"https:\/\/doctornelsoncaceres.es\/wp-content\/uploads\/2024\/03\/banner-cabecera-tratamiento-prp-capilar-doctornelsoncaceres.jpg","width":800,"height":800},{"@type":"BreadcrumbList","@id":"https:\/\/doctornelsoncaceres.es\/tratamientos\/capilares\/plasma-rico-en-plaquetas-prp\/#breadcrumb","itemListElement":[{"@type":"ListItem","position":1,"name":"Portada","item":"https:\/\/doctornelsoncaceres.es\/"},{"@type":"ListItem","position":2,"name":"Tratamientos","item":"https:\/\/doctornelsoncaceres.es\/tratamientos\/"},{"@type":"ListItem","position":3,"name":"Tratamientos Capilares","item":"https:\/\/doctornelsoncaceres.es\/tratamientos\/capilares\/"},{"@type":"ListItem","position":4,"name":"Plasma rico en plaquetas (PRP)"}]},{"@type":"WebSite","@id":"https:\/\/doctornelsoncaceres.es\/en\/#website","url":"https:\/\/doctornelsoncaceres.es\/en\/","name":"Doctor Nelson C\u00e1ceres","description":"Consulta de medicina est\u00e9tica en M\u00f3stoles","alternateName":"Dr Nelson C\u00e1ceres","potentialAction":[{"@type":"SearchAction","target":{"@type":"EntryPoint","urlTemplate":"https:\/\/doctornelsoncaceres.es\/en\/?s={search_term_string}"},"query-input":{"@type":"PropertyValueSpecification","valueRequired":true,"valueName":"search_term_string"}}],"inLanguage":"en-GB"}]}},"_links":{"self":[{"href":"https:\/\/doctornelsoncaceres.es\/en\/wp-json\/wp\/v2\/pages\/1021","targetHints":{"allow":["GET"]}}],"collection":[{"href":"https:\/\/doctornelsoncaceres.es\/en\/wp-json\/wp\/v2\/pages"}],"about":[{"href":"https:\/\/doctornelsoncaceres.es\/en\/wp-json\/wp\/v2\/types\/page"}],"author":[{"embeddable":true,"href":"https:\/\/doctornelsoncaceres.es\/en\/wp-json\/wp\/v2\/users\/1"}],"replies":[{"embeddable":true,"href":"https:\/\/doctornelsoncaceres.es\/en\/wp-json\/wp\/v2\/comments?post=1021"}],"version-history":[{"count":5,"href":"https:\/\/doctornelsoncaceres.es\/en\/wp-json\/wp\/v2\/pages\/1021\/revisions"}],"predecessor-version":[{"id":1365,"href":"https:\/\/doctornelsoncaceres.es\/en\/wp-json\/wp\/v2\/pages\/1021\/revisions\/1365"}],"up":[{"embeddable":true,"href":"https:\/\/doctornelsoncaceres.es\/en\/wp-json\/wp\/v2\/pages\/1007"}],"wp:featuredmedia":[{"embeddable":true,"href":"https:\/\/doctornelsoncaceres.es\/en\/wp-json\/wp\/v2\/media\/1023"}],"wp:attachment":[{"href":"https:\/\/doctornelsoncaceres.es\/en\/wp-json\/wp\/v2\/media?parent=1021"}],"wp:term":[{"taxonomy":"category","embeddable":true,"href":"https:\/\/doctornelsoncaceres.es\/en\/wp-json\/wp\/v2\/categories?post=1021"},{"taxonomy":"post_tag","embeddable":true,"href":"https:\/\/doctornelsoncaceres.es\/en\/wp-json\/wp\/v2\/tags?post=1021"}],"curies":[{"name":"wp","href":"https:\/\/api.w.org\/{rel}","templated":true}]}}