{"id":1054,"date":"2024-04-03T09:55:53","date_gmt":"2024-04-03T09:55:53","guid":{"rendered":"https:\/\/www.doctornelsoncaceres.es\/?page_id=1054"},"modified":"2025-03-10T19:51:44","modified_gmt":"2025-03-10T18:51:44","slug":"tratamiento-de-zona-temporal","status":"publish","type":"page","link":"https:\/\/doctornelsoncaceres.es\/en\/tratamientos\/hyaluronic-acid\/tratamiento-de-zona-temporal\/","title":{"rendered":"Temporal zone treatment"},"content":{"rendered":"<h2 class=\"wp-block-heading\" id=\"h-en-que-consiste-el-tratamiento-de-relleno-de-fosas-temporales\">\u00bfEn qu\u00e9 consiste el tratamiento de relleno de fosas temporales?<\/h2>\n\n\n\n<p>Es muy posible que el tratamiento de relleno de fosas temporales no sea el m\u00e1s conocido de todos. Pero entender la importancia de tratar dicha zona y comprobar el radical cambio que supone su aplicaci\u00f3n lo convierte en uno de mis preferidos y mas necesarios para comenzar una buena <a href=\"https:\/\/doctornelsoncaceres.es\/en\/tratamientos\/hyaluronic-acid\/facial-harmonization\/\">Armonizaci\u00f3n Facial<\/a>. <strong>Con unas infiltraciones\u00a0de \u00e1cido hialur\u00f3nico comenzamos la base de un adecuado tratamiento facial para que la transformaci\u00f3n de un rostro sea espectacular<\/strong>.<\/p>\n\n\n\n<p>He <a href=\"https:\/\/doctornelsoncaceres.es\/en\/tratamientos\/hyaluronic-acid\/\">hyaluronic acid<\/a> tiene muchas caracter\u00edsticas beneficiosas para nuestra piel. Y una de ellas es que puede aportar volumen. Un factor muy interesante para este tratamiento que especialmente interesa a personas de rostro muy delgado, en los que la piel ha perdido soporte y se hunde en las sienes, dejando traslucir la forma del cr\u00e1neo. Es decir, dando un aspecto poco saludable o de craneo esqueletizado en dicha zona.<\/p>\n\n\n\n<h3 class=\"wp-block-heading\" id=\"h-para-que-se-utiliza-el-tratamiento-de-relleno-de-las-fosas-temporales\">\u00bfPara qu\u00e9 se utiliza el tratamiento de relleno de las fosas temporales?<\/h3>\n\n\n\n<p><strong>Levantamiento de la piel de la sien:<\/strong> Este es un tratamiento de medicina est\u00e9tica muy espec\u00edfico y para una zona del rostro muy concreta. Por lo tanto solo hay un caso en el que se plantee: cuando la piel de las fosas temporales ha perdido tanto volumen que apenas son ya una fina capa sobre los laterales del cr\u00e1neo. Los cuales son los huesos temporales que precisamente a la altura de las sienes tienen un peque\u00f1o hundimiento, cuya forma solo es visible en los rostros excesivamente delgados.<\/p>\n\n\n\n<p><strong>\u00bfTiene alg\u00fan otro efecto positivo el tratamiento?<\/strong><\/p>\n\n\n\n<p>El primer resultado positivo en el rostro salta a la vista. Se pierde ese aspecto craneal. Solo con eso, ya compensa de sobra el tratamiento de relleno de las fosas temporales. Pero tiene un efecto m\u00e1s all\u00e1 de lo evidente.<\/p>\n\n\n\n<p>De modo indirecto, <strong>la infiltraci\u00f3n de \u00e1cido hialur\u00f3nico en esa zona de la cabeza proporciona un soporte para la piel de las cejas, que se levantan. Y esto a su vez tambi\u00e9n llega influir en la parte baja del ojo, o sea, las ojeras, cuya piel se tensa y evita el t\u00edpico hundimiento ojeroso.<\/strong><\/p>\n\n\n\n<p>Al ubicar el \u00e1cido hialur\u00f3nico en la parte alta del rostro, este act\u00faa como tensor de todo lo que hay m\u00e1s abajo. Es decir, es una fuerza opuesta a la gravedad que trata el descolgamiento de la piel y los tejidos del rostro.<\/p>\n\n\n\n<h2 class=\"wp-block-heading\" id=\"h-otros-tratamientos-con-acido-hialuronico\">Other treatments with hyaluronic acid<\/h2>\n\n\n<ul class=\"wp-block-page-list\"><li class=\"wp-block-pages-list__item\"><a class=\"wp-block-pages-list__item__link\" href=\"https:\/\/doctornelsoncaceres.es\/en\/tratamientos\/hyaluronic-acid\/barcode\/\">Marionette lines: treatment with hyaluronic acid.<\/a><\/li><li class=\"wp-block-pages-list__item\"><a class=\"wp-block-pages-list__item__link\" href=\"https:\/\/doctornelsoncaceres.es\/en\/tratamientos\/hyaluronic-acid\/restructuring-of-the-mandibular-angle-2\/\">Restructuring of the mandibular angle<\/a><\/li><li class=\"wp-block-pages-list__item\"><a class=\"wp-block-pages-list__item__link\" href=\"https:\/\/doctornelsoncaceres.es\/en\/tratamientos\/hyaluronic-acid\/relleno-de-menton-con-acido-hialuronico-tratamiento-estetico-facial\/\">Relleno de ment\u00f3n con \u00e1cido hialur\u00f3nico<\/a><\/li><li class=\"wp-block-pages-list__item\"><a class=\"wp-block-pages-list__item__link\" href=\"https:\/\/doctornelsoncaceres.es\/en\/tratamientos\/hyaluronic-acid\/rhinomodeling-2\/\">Rhinomodeling with hyaluronic acid<\/a><\/li><li class=\"wp-block-pages-list__item\"><a class=\"wp-block-pages-list__item__link\" href=\"https:\/\/doctornelsoncaceres.es\/en\/tratamientos\/hyaluronic-acid\/barcode\/\">Nasolabial folds: treatment with hyaluronic acid<\/a><\/li><li class=\"wp-block-pages-list__item\"><a class=\"wp-block-pages-list__item__link\" href=\"https:\/\/doctornelsoncaceres.es\/en\/tratamientos\/hyaluronic-acid\/lip-treatment\/\">lip treatment<\/a><\/li><li class=\"wp-block-pages-list__item\"><a class=\"wp-block-pages-list__item__link\" href=\"https:\/\/doctornelsoncaceres.es\/en\/tratamientos\/hyaluronic-acid\/dark-circles-treatment\/\">Tratamiento de ojeras y zona\u00a0periocular<\/a><\/li><li class=\"wp-block-pages-list__item\"><a class=\"wp-block-pages-list__item__link\" href=\"https:\/\/doctornelsoncaceres.es\/en\/tratamientos\/hyaluronic-acid\/tratamiento-de-zona-temporal\/\">Temporal zone treatment<\/a><\/li><li class=\"wp-block-pages-list__item\"><a class=\"wp-block-pages-list__item__link\" href=\"https:\/\/doctornelsoncaceres.es\/en\/tratamientos\/hyaluronic-acid\/barcode\/\">Treatment of the lip perimeter or &quot;bar code&quot; with hyaluronic acid.<\/a><\/li><li class=\"wp-block-pages-list__item\"><a class=\"wp-block-pages-list__item__link\" href=\"https:\/\/doctornelsoncaceres.es\/en\/tratamientos\/hyaluronic-acid\/facial-harmonization\/\">Facial harmonization<\/a><\/li><li class=\"wp-block-pages-list__item\"><a class=\"wp-block-pages-list__item__link\" href=\"https:\/\/doctornelsoncaceres.es\/en\/tratamientos\/hyaluronic-acid\/cheekbone-restructuring\/\">Cheekbone restructuring<\/a><\/li><\/ul>","protected":false},"excerpt":{"rendered":"<p>El aporte de volumen del \u00e1cido hialur\u00f3nico en este tratamiento m\u00e9dico est\u00e9tico es un factor muy interesante que especialmente interesa a personas de rostro muy delgado, en los que la piel ha perdido soporte y se hunde en las sienes, dejando traslucir la forma del cr\u00e1neo.<\/p>","protected":false},"author":1,"featured_media":1056,"parent":322,"menu_order":-10,"comment_status":"closed","ping_status":"closed","template":"","meta":{"_eb_attr":"","_joinchat":[],"footnotes":""},"categories":[17,19],"tags":[10,12],"class_list":["post-1054","page","type-page","status-publish","has-post-thumbnail","hentry","category-acido-hialuronico","category-tratamientos","tag-page-content-sidebar","tag-tratamiento"],"yoast_head":"<!-- This site is optimized with the Yoast SEO Premium plugin v21.5 (Yoast SEO v24.6) - https:\/\/yoast.com\/wordpress\/plugins\/seo\/ -->\n<title>Tratamiento de zona temporal con \u00e1cido hialur\u00f3nico - Doctor Nelson C\u00e1ceres<\/title>\n<meta name=\"description\" content=\"El tratamiento de relleno de fosas temporales con \u00e1cido hialur\u00f3nico supone un cambio radical y contribuye a la armonizaci\u00f3n facial.\" \/>\n<meta name=\"robots\" content=\"index, follow, max-snippet:-1, max-image-preview:large, max-video-preview:-1\" \/>\n<link rel=\"canonical\" href=\"https:\/\/doctornelsoncaceres.es\/en\/tratamientos\/hyaluronic-acid\/tratamiento-de-zona-temporal\/\" \/>\n<meta property=\"og:locale\" content=\"en_GB\" \/>\n<meta property=\"og:type\" content=\"article\" \/>\n<meta property=\"og:title\" content=\"Tratamiento de zona temporal\" \/>\n<meta property=\"og:description\" content=\"El tratamiento de relleno de fosas temporales con \u00e1cido hialur\u00f3nico supone un cambio radical y contribuye a la armonizaci\u00f3n facial.\" \/>\n<meta property=\"og:url\" content=\"https:\/\/doctornelsoncaceres.es\/en\/tratamientos\/hyaluronic-acid\/tratamiento-de-zona-temporal\/\" \/>\n<meta property=\"og:site_name\" content=\"Doctor Nelson C\u00e1ceres\" \/>\n<meta property=\"article:modified_time\" content=\"2025-03-10T18:51:44+00:00\" \/>\n<meta property=\"og:image\" content=\"https:\/\/doctornelsoncaceres.es\/wp-content\/uploads\/2024\/04\/banner-tratamiento-zona-temporal-doctornelsoncaceres.jpg\" \/>\n\t<meta property=\"og:image:width\" content=\"800\" \/>\n\t<meta property=\"og:image:height\" content=\"800\" \/>\n\t<meta property=\"og:image:type\" content=\"image\/jpeg\" \/>\n<meta name=\"twitter:card\" content=\"summary_large_image\" \/>\n<meta name=\"twitter:label1\" content=\"Estimated reading time\" \/>\n\t<meta name=\"twitter:data1\" content=\"3 minutes\" \/>\n<script type=\"application\/ld+json\" class=\"yoast-schema-graph\">{\"@context\":\"https:\/\/schema.org\",\"@graph\":[{\"@type\":\"WebPage\",\"@id\":\"https:\/\/doctornelsoncaceres.es\/tratamientos\/acido-hialuronico\/tratamiento-de-zona-temporal\/\",\"url\":\"https:\/\/doctornelsoncaceres.es\/tratamientos\/acido-hialuronico\/tratamiento-de-zona-temporal\/\",\"name\":\"Tratamiento de zona temporal con \u00e1cido hialur\u00f3nico - Doctor Nelson C\u00e1ceres\",\"isPartOf\":{\"@id\":\"https:\/\/doctornelsoncaceres.es\/en\/#website\"},\"primaryImageOfPage\":{\"@id\":\"https:\/\/doctornelsoncaceres.es\/tratamientos\/acido-hialuronico\/tratamiento-de-zona-temporal\/#primaryimage\"},\"image\":{\"@id\":\"https:\/\/doctornelsoncaceres.es\/tratamientos\/acido-hialuronico\/tratamiento-de-zona-temporal\/#primaryimage\"},\"thumbnailUrl\":\"https:\/\/doctornelsoncaceres.es\/wp-content\/uploads\/2024\/04\/banner-tratamiento-zona-temporal-doctornelsoncaceres.jpg\",\"datePublished\":\"2024-04-03T09:55:53+00:00\",\"dateModified\":\"2025-03-10T18:51:44+00:00\",\"description\":\"El tratamiento de relleno de fosas temporales con \u00e1cido hialur\u00f3nico supone un cambio radical y contribuye a la armonizaci\u00f3n facial.\",\"breadcrumb\":{\"@id\":\"https:\/\/doctornelsoncaceres.es\/tratamientos\/acido-hialuronico\/tratamiento-de-zona-temporal\/#breadcrumb\"},\"inLanguage\":\"en-GB\",\"potentialAction\":[{\"@type\":\"ReadAction\",\"target\":[\"https:\/\/doctornelsoncaceres.es\/tratamientos\/acido-hialuronico\/tratamiento-de-zona-temporal\/\"]}]},{\"@type\":\"ImageObject\",\"inLanguage\":\"en-GB\",\"@id\":\"https:\/\/doctornelsoncaceres.es\/tratamientos\/acido-hialuronico\/tratamiento-de-zona-temporal\/#primaryimage\",\"url\":\"https:\/\/doctornelsoncaceres.es\/wp-content\/uploads\/2024\/04\/banner-tratamiento-zona-temporal-doctornelsoncaceres.jpg\",\"contentUrl\":\"https:\/\/doctornelsoncaceres.es\/wp-content\/uploads\/2024\/04\/banner-tratamiento-zona-temporal-doctornelsoncaceres.jpg\",\"width\":800,\"height\":800,\"caption\":\"Tratamiento de relleno de zonas temporales con \u00e1cido hialur\u00f3nico.\"},{\"@type\":\"BreadcrumbList\",\"@id\":\"https:\/\/doctornelsoncaceres.es\/tratamientos\/acido-hialuronico\/tratamiento-de-zona-temporal\/#breadcrumb\",\"itemListElement\":[{\"@type\":\"ListItem\",\"position\":1,\"name\":\"Portada\",\"item\":\"https:\/\/doctornelsoncaceres.es\/\"},{\"@type\":\"ListItem\",\"position\":2,\"name\":\"Tratamientos\",\"item\":\"https:\/\/doctornelsoncaceres.es\/tratamientos\/\"},{\"@type\":\"ListItem\",\"position\":3,\"name\":\"\u00c1cido hialur\u00f3nico\",\"item\":\"https:\/\/doctornelsoncaceres.es\/tratamientos\/acido-hialuronico\/\"},{\"@type\":\"ListItem\",\"position\":4,\"name\":\"Tratamiento de zona temporal\"}]},{\"@type\":\"WebSite\",\"@id\":\"https:\/\/doctornelsoncaceres.es\/en\/#website\",\"url\":\"https:\/\/doctornelsoncaceres.es\/en\/\",\"name\":\"Doctor Nelson C\u00e1ceres\",\"description\":\"Consulta de medicina est\u00e9tica en M\u00f3stoles\",\"alternateName\":\"Dr Nelson C\u00e1ceres\",\"potentialAction\":[{\"@type\":\"SearchAction\",\"target\":{\"@type\":\"EntryPoint\",\"urlTemplate\":\"https:\/\/doctornelsoncaceres.es\/en\/?s={search_term_string}\"},\"query-input\":{\"@type\":\"PropertyValueSpecification\",\"valueRequired\":true,\"valueName\":\"search_term_string\"}}],\"inLanguage\":\"en-GB\"}]}<\/script>\n<!-- \/ Yoast SEO Premium plugin. -->","yoast_head_json":{"title":"Tratamiento de zona temporal con \u00e1cido hialur\u00f3nico - Doctor Nelson C\u00e1ceres","description":"El tratamiento de relleno de fosas temporales con \u00e1cido hialur\u00f3nico supone un cambio radical y contribuye a la armonizaci\u00f3n facial.","robots":{"index":"index","follow":"follow","max-snippet":"max-snippet:-1","max-image-preview":"max-image-preview:large","max-video-preview":"max-video-preview:-1"},"canonical":"https:\/\/doctornelsoncaceres.es\/en\/tratamientos\/hyaluronic-acid\/tratamiento-de-zona-temporal\/","og_locale":"en_GB","og_type":"article","og_title":"Tratamiento de zona temporal","og_description":"El tratamiento de relleno de fosas temporales con \u00e1cido hialur\u00f3nico supone un cambio radical y contribuye a la armonizaci\u00f3n facial.","og_url":"https:\/\/doctornelsoncaceres.es\/en\/tratamientos\/hyaluronic-acid\/tratamiento-de-zona-temporal\/","og_site_name":"Doctor Nelson C\u00e1ceres","article_modified_time":"2025-03-10T18:51:44+00:00","og_image":[{"width":800,"height":800,"url":"https:\/\/doctornelsoncaceres.es\/wp-content\/uploads\/2024\/04\/banner-tratamiento-zona-temporal-doctornelsoncaceres.jpg","type":"image\/jpeg"}],"twitter_card":"summary_large_image","twitter_misc":{"Estimated reading time":"3 minutes"},"schema":{"@context":"https:\/\/schema.org","@graph":[{"@type":"WebPage","@id":"https:\/\/doctornelsoncaceres.es\/tratamientos\/acido-hialuronico\/tratamiento-de-zona-temporal\/","url":"https:\/\/doctornelsoncaceres.es\/tratamientos\/acido-hialuronico\/tratamiento-de-zona-temporal\/","name":"Tratamiento de zona temporal con \u00e1cido hialur\u00f3nico - Doctor Nelson C\u00e1ceres","isPartOf":{"@id":"https:\/\/doctornelsoncaceres.es\/en\/#website"},"primaryImageOfPage":{"@id":"https:\/\/doctornelsoncaceres.es\/tratamientos\/acido-hialuronico\/tratamiento-de-zona-temporal\/#primaryimage"},"image":{"@id":"https:\/\/doctornelsoncaceres.es\/tratamientos\/acido-hialuronico\/tratamiento-de-zona-temporal\/#primaryimage"},"thumbnailUrl":"https:\/\/doctornelsoncaceres.es\/wp-content\/uploads\/2024\/04\/banner-tratamiento-zona-temporal-doctornelsoncaceres.jpg","datePublished":"2024-04-03T09:55:53+00:00","dateModified":"2025-03-10T18:51:44+00:00","description":"El tratamiento de relleno de fosas temporales con \u00e1cido hialur\u00f3nico supone un cambio radical y contribuye a la armonizaci\u00f3n facial.","breadcrumb":{"@id":"https:\/\/doctornelsoncaceres.es\/tratamientos\/acido-hialuronico\/tratamiento-de-zona-temporal\/#breadcrumb"},"inLanguage":"en-GB","potentialAction":[{"@type":"ReadAction","target":["https:\/\/doctornelsoncaceres.es\/tratamientos\/acido-hialuronico\/tratamiento-de-zona-temporal\/"]}]},{"@type":"ImageObject","inLanguage":"en-GB","@id":"https:\/\/doctornelsoncaceres.es\/tratamientos\/acido-hialuronico\/tratamiento-de-zona-temporal\/#primaryimage","url":"https:\/\/doctornelsoncaceres.es\/wp-content\/uploads\/2024\/04\/banner-tratamiento-zona-temporal-doctornelsoncaceres.jpg","contentUrl":"https:\/\/doctornelsoncaceres.es\/wp-content\/uploads\/2024\/04\/banner-tratamiento-zona-temporal-doctornelsoncaceres.jpg","width":800,"height":800,"caption":"Tratamiento de relleno de zonas temporales con \u00e1cido hialur\u00f3nico."},{"@type":"BreadcrumbList","@id":"https:\/\/doctornelsoncaceres.es\/tratamientos\/acido-hialuronico\/tratamiento-de-zona-temporal\/#breadcrumb","itemListElement":[{"@type":"ListItem","position":1,"name":"Portada","item":"https:\/\/doctornelsoncaceres.es\/"},{"@type":"ListItem","position":2,"name":"Tratamientos","item":"https:\/\/doctornelsoncaceres.es\/tratamientos\/"},{"@type":"ListItem","position":3,"name":"\u00c1cido hialur\u00f3nico","item":"https:\/\/doctornelsoncaceres.es\/tratamientos\/acido-hialuronico\/"},{"@type":"ListItem","position":4,"name":"Tratamiento de zona temporal"}]},{"@type":"WebSite","@id":"https:\/\/doctornelsoncaceres.es\/en\/#website","url":"https:\/\/doctornelsoncaceres.es\/en\/","name":"Doctor Nelson C\u00e1ceres","description":"Consulta de medicina est\u00e9tica en M\u00f3stoles","alternateName":"Dr Nelson C\u00e1ceres","potentialAction":[{"@type":"SearchAction","target":{"@type":"EntryPoint","urlTemplate":"https:\/\/doctornelsoncaceres.es\/en\/?s={search_term_string}"},"query-input":{"@type":"PropertyValueSpecification","valueRequired":true,"valueName":"search_term_string"}}],"inLanguage":"en-GB"}]}},"_links":{"self":[{"href":"https:\/\/doctornelsoncaceres.es\/en\/wp-json\/wp\/v2\/pages\/1054","targetHints":{"allow":["GET"]}}],"collection":[{"href":"https:\/\/doctornelsoncaceres.es\/en\/wp-json\/wp\/v2\/pages"}],"about":[{"href":"https:\/\/doctornelsoncaceres.es\/en\/wp-json\/wp\/v2\/types\/page"}],"author":[{"embeddable":true,"href":"https:\/\/doctornelsoncaceres.es\/en\/wp-json\/wp\/v2\/users\/1"}],"replies":[{"embeddable":true,"href":"https:\/\/doctornelsoncaceres.es\/en\/wp-json\/wp\/v2\/comments?post=1054"}],"version-history":[{"count":4,"href":"https:\/\/doctornelsoncaceres.es\/en\/wp-json\/wp\/v2\/pages\/1054\/revisions"}],"predecessor-version":[{"id":1218,"href":"https:\/\/doctornelsoncaceres.es\/en\/wp-json\/wp\/v2\/pages\/1054\/revisions\/1218"}],"up":[{"embeddable":true,"href":"https:\/\/doctornelsoncaceres.es\/en\/wp-json\/wp\/v2\/pages\/322"}],"wp:featuredmedia":[{"embeddable":true,"href":"https:\/\/doctornelsoncaceres.es\/en\/wp-json\/wp\/v2\/media\/1056"}],"wp:attachment":[{"href":"https:\/\/doctornelsoncaceres.es\/en\/wp-json\/wp\/v2\/media?parent=1054"}],"wp:term":[{"taxonomy":"category","embeddable":true,"href":"https:\/\/doctornelsoncaceres.es\/en\/wp-json\/wp\/v2\/categories?post=1054"},{"taxonomy":"post_tag","embeddable":true,"href":"https:\/\/doctornelsoncaceres.es\/en\/wp-json\/wp\/v2\/tags?post=1054"}],"curies":[{"name":"wp","href":"https:\/\/api.w.org\/{rel}","templated":true}]}}