{"id":1063,"date":"2024-04-03T10:35:35","date_gmt":"2024-04-03T10:35:35","guid":{"rendered":"https:\/\/www.doctornelsoncaceres.es\/?page_id=1063"},"modified":"2025-03-07T08:37:19","modified_gmt":"2025-03-07T08:37:19","slug":"rejuvenecimiento-del-dorso-de-las-manos","status":"publish","type":"page","link":"https:\/\/doctornelsoncaceres.es\/en\/tratamientos\/leather-quality\/rejuvenecimiento-del-dorso-de-las-manos\/","title":{"rendered":"Rejuvenation of the back of the hands"},"content":{"rendered":"<p>Nuestras manos junto al rostro son nuestra mejor carta de presentaci\u00f3n. Todos sabemos <strong>que el estado de las manos es uno de los mejores indicadores de la edad<\/strong>.<\/p>\n\n\n\n<p>Con el paso de los a\u00f1os, y debido a diversos factores como la exposici\u00f3n solar, el uso de productos qu\u00edmicos o el simple envejecimiento hace que la piel pierda su grosor haciendo m\u00e1s prominentes los huesos y venas de las manos, y aparecen peque\u00f1as arrugas debido a la deshidrataci\u00f3n natural de las c\u00e9lulas de la piel que dan lugar a un aspecto envejecido y descuidado. B\u00e1sicamente, es aplicado en pacientes de m\u00e1s de 40 a\u00f1os, etapa en la que las manos empiezan a envejecer, principalmente el dorso; d\u00f3nde ya se hacen visibles \u00a0manchas, piel quebradiza, aumento de la red venosa y cierta deshidrataci\u00f3n capilar. En este sentido, el tratamiento est\u00e9tico buscar\u00e1 tonificar y reducir las arrugas en la zona, principalmente. \u00a0<\/p>\n\n\n\n<p><strong>El rejuvenecimiento del dorso de las manos permite recuperar el volumen, tersura e\u00a0 hidrataci\u00f3n de la piel, dando a \u00e9stas m\u00e1s vitalidad , un aspecto m\u00e1s joven y luminoso.\u00a0 Tambi\u00e9n podemos mejorar los dedos huesudos en el dorso de las manos tambi\u00e9n llamado esqueletizaci\u00f3n del dorso de las manos , que pueden aparecer a cualquier edad, quiz\u00e1s por falta de hidrataci\u00f3n en las capas profundas de la piel.<\/strong><\/p>\n\n\n\n<div class=\"wp-block-cover aligncenter\"><span aria-hidden=\"true\" class=\"wp-block-cover__background has-background-dim\"><\/span><img fetchpriority=\"high\" decoding=\"async\" width=\"735\" height=\"529\" class=\"wp-block-cover__image-background wp-image-1068\" alt=\"\" src=\"https:\/\/www.doctornelsoncaceres.es\/wp-content\/uploads\/2024\/04\/IMG_8699.jpg\" data-object-fit=\"cover\" srcset=\"https:\/\/doctornelsoncaceres.es\/wp-content\/uploads\/2024\/04\/IMG_8699.jpg 735w, https:\/\/doctornelsoncaceres.es\/wp-content\/uploads\/2024\/04\/IMG_8699-300x216.jpg 300w, https:\/\/doctornelsoncaceres.es\/wp-content\/uploads\/2024\/04\/IMG_8699-18x12.jpg 18w\" sizes=\"(max-width: 735px) 100vw, 735px\" \/><div class=\"wp-block-cover__inner-container is-layout-flow wp-block-cover-is-layout-flow\">\n<p class=\"has-text-align-center has-large-font-size\"><\/p>\n\n\n\n<p><em>La infiltraci\u00f3n de \u00e1cido hialur\u00f3nico mediante inyectables contribuye a estimular el col\u00e1geno y rehidratar el tejido de la piel, mejorando la est\u00e9tica y densidad de la piel del dorso de las manos.<\/em><\/p>\n<\/div><\/div>\n\n\n\n<p><strong>Recomendamos la infiltraci\u00f3n productos m\u00e9dicos que contengan\u00a0\u00e1cido hialur\u00f3nico. Esta t\u00e9cnica se encarga de restaurar el volumen perdido, estimular el col\u00e1geno y rehidratar el tejido de la piel.<\/strong> <strong>Con la aplicaci\u00f3n de este tratamiento es posible mejorar la est\u00e9tica y densidad de la piel de las manos. La capacidad del \u00e1cido hialur\u00f3nico para retener agua es un factor clave para rehidratar y aumentar el grosor del tejido.<\/strong><\/p>\n\n\n\n<p>El procedimiento es m\u00ednimamente invasivo y se realiza en una sola sesi\u00f3n, con anestesia local para que el paciente no sienta dolor. Consiste en la infiltraci\u00f3n, mediante una micro c\u00e1nula, de un \u00e1cido hialur\u00f3nico que aporta hidrataci\u00f3n, firmeza y densidad a la piel y mejora notablemente el aspecto de las manos as\u00ed como tambi\u00e9n se pueden utilizar estimuladores del col\u00e1geno y t\u00e9cnicas combinadas.<\/p>\n\n\n\n<p>El rejuvenecimiento de manos es ideal para aquellas personas que deseen que sus manos luzcan m\u00e1s atractivas y eliminar peque\u00f1as arrugas que puedan hacer que aparentemos una mayor edad. Adem\u00e1s, este tratamiento es ideal para prevenir que se note el paso del tiempo en nuestras manos.<\/p>\n\n\n\n<h3 class=\"wp-block-heading\" id=\"h-los-resultados-son-totalmente-naturales-e-inmediatos\">Los resultados son totalmente naturales e inmediatos.<\/h3>\n\n\n\n<p>Los <strong>efectos del rejuvenecimiento de manos<\/strong> con este tipo de relleno suele durar aproximadamente 6-<strong>12 meses<\/strong>. El \u00e1cido hialur\u00f3nico se va reabsorbiendo de forma gradual con lo que las manos mantienen siempre un efecto natural, ya que no se produce ning\u00fan tipo de hundimiento ni descolgamiento, por lo que si el\/la paciente no quiere volver a realizarse el tratamiento mantendr\u00eda el volumen y forma que ten\u00eda antes de realizarse el relleno.<\/p>\n\n\n\n<p>Tras la infiltraci\u00f3n, es posible sentir dormido el dorso de la mano debido a la anestesia durante alrededor de una hora y media.<\/p>\n\n\n\n<p>Los&nbsp;<strong>efectos secundarios del Rejuvenecimiento de Manos son muy escasos<\/strong>. Puede aparecer alg\u00fan hematoma como consecuencia de la inyecci\u00f3n, o inflamaci\u00f3n en los d\u00edas posteriores que se tratar\u00e1 tomando cualquier antiinflamatorio. Normalmente en unas 72 horas todos estos efectos habr\u00e1n desaparecido.<\/p>\n\n\n\n<p>Si est\u00e1s preocupado\/a por el aspecto de tus manos, ll\u00e1manos y te facilitaremos la informaci\u00f3n que necesites.<\/p>\n\n\n\n<h3 class=\"wp-block-heading\" id=\"h-entre-los-principales-tratamientos-destacan\">Entre los principales tratamientos destacan:<\/h3>\n\n\n\n<ul class=\"wp-block-list\">\n<li><strong>Hidrataci\u00f3n con \u00e1cido hialur\u00f3nico<\/strong>: Consiste en la aplicaci\u00f3n de microinfiltraciones en el dorso de la mano, las cuales producen un efecto hidratante y aumentan el grosor del tejido subd\u00e9rmico, minimizando la p\u00e9rdida de densidad en las manos. Sus resultados son \u00f3ptimos, pero no permanentes, ya que pueden durar entre 3 meses y un a\u00f1o.<\/li>\n\n\n\n<li><strong>Revitalizaci\u00f3n con complejos vitam\u00ednicos:<\/strong> Consiste en la aplicaci\u00f3n de sustancias revitalizaci\u00f3n, como vitaminas, minerales, amino\u00e1cidos y aminogluc\u00f3sidos, junto con \u00e1cido hialur\u00f3nico de diferentes densidades. Esta t\u00e9cnica es eficaz, pero requiere de una sesi\u00f3n de mantenimiento cada 2-3 meses.<\/li>\n\n\n\n<li><strong>Tratamiento de bioestimulaci\u00f3n celular con estimuladores del col\u00e1geno<\/strong>: Este tratamiento consiste en la aplicaci\u00f3n de inyecciones de hidroxiapatita de calcio, mejor conocido <strong>rejuvenecimiento de manos radiesse<\/strong>, el cual est\u00e1 compuesto por un mineral a base de gel, calcio y agua. Este tratamiento debe aplicarse bajo anestesia local y los resultados son inmediatos.<\/li>\n\n\n\n<li><strong>Factores de crecimiento (PRP)<\/strong>: Los factores de crecimiento es otra opci\u00f3n para el <strong>rejuvenecimiento de manos<\/strong>. Esta t\u00e9cnica consiste en obtener unos 20 cc de sangre del paciente, la cual se someter\u00e1 a un mecanismo de centrifugaci\u00f3n. Una vez obtenido se hace reaccionar con un compuesto, obteniendo un co\u00e1gulo que se deshar\u00e1 y se mezclar\u00e1 con los complementos vitam\u00ednicos o con el \u00e1cido hialur\u00f3nico. El procedimiento debe repetirse al menos dos veces por a\u00f1o.<\/li>\n\n\n\n<li><strong>Peelings qu\u00edmicos:<\/strong> Finalmente, los peelings qu\u00edmicos son eficaces para eliminar las manchas que aparecen en el dorso de las manos. En esta t\u00e9cnica, diferenciamos entre los peelings qu\u00edmicos (que se realizan principalmente con \u00e1cido salic\u00edlico o \u00e1cido glic\u00f3lico, y \u00e1cido tricloro\u00e1cetico).<\/li>\n\n\n\n<li><strong>Tratamientos con cosm\u00e9tica domiciliaria indicada por tu m\u00e9dico<\/strong><\/li>\n<\/ul>\n\n\n\n<h3 class=\"wp-block-heading\" id=\"h-antes-y-despues-del-rejuvenecimiento-de-manos\">Antes y despu\u00e9s del rejuvenecimiento de manos<\/h3>\n\n\n\n<p>B\u00e1sicamente, la preparaci\u00f3n <strong>antes del rejuvenecimiento de manos<\/strong> depender\u00e1 de la t\u00e9cnica que aplique el m\u00e9dico tratante. Pero b\u00e1sicamente, el paciente debe haber informado al m\u00e9dico si existe alg\u00fan tratamiento con medicamentos o condici\u00f3n de salud previa, que pudiera afectar la realizaci\u00f3n del procedimiento. En tal caso, el m\u00e9dico dar\u00e1 instrucciones personalizadas y precisas que el paciente debe cumplir.<\/p>\n\n\n\n<p>En cuanto al protocolo, adem\u00e1s de higienizar bien las manos, se sugiere tener una buena alimentaci\u00f3n y suspender el h\u00e1bito tab\u00e1quico por dos semanas <strong>antes y despu\u00e9s del rejuvenecimiento de manos<\/strong>.<\/p>\n\n\n\n<p>Por otro lado, una vez realizado el tratamiento, el paciente debe evitar la exposici\u00f3n solar, tomar mucha agua e hidratarse la piel con crema regeneradora.&nbsp; En los casos de <strong>rejuvenecimiento de manos con laser,<\/strong> despu\u00e9s de la sesi\u00f3n, la piel puede hincharse ligeramente y enrojecerse por las siguientes 48 horas. Tambi\u00e9n puede dejar peque\u00f1as costras en la piel, que se van eliminando progresivamente en los pr\u00f3ximos 8 d\u00edas.<\/p>\n\n\n\n<h3 class=\"wp-block-heading\" id=\"h-cual-es-el-precio-del-rejuvenecimiento-de-manos\">\u00bfCu\u00e1l es el precio del rejuvenecimiento de manos?<\/h3>\n\n\n\n<p>Como hemos indicado, hay una variada oferta de tratamientos disponibles para mejorar el aspecto visible de nuestras manos, por tanto el <strong>precio del &nbsp;rejuvenecimiento de manos<\/strong> puede variar, y va a depender de la t\u00e9cnica usada.&nbsp; En este sentido, lo m\u00e1s recomendable es acudir al m\u00e9dico especialista y hacer un diagn\u00f3stico para determinar cu\u00e1l tratamiento es el m\u00e1s indicado y que te hagan un presupuesto personalizado. &nbsp;<\/p>\n\n\n\n<h2 class=\"wp-block-heading\" id=\"h-otros-tratamientos-de-calidad-de-piel\">Other quality skin treatments<\/h2>\n\n\n<ul class=\"wp-block-page-list\"><li class=\"wp-block-pages-list__item\"><a class=\"wp-block-pages-list__item__link\" href=\"https:\/\/doctornelsoncaceres.es\/en\/tratamientos\/leather-quality\/dermapen\/\">Dermapen<\/a><\/li><li class=\"wp-block-pages-list__item\"><a class=\"wp-block-pages-list__item__link\" href=\"https:\/\/doctornelsoncaceres.es\/en\/tratamientos\/leather-quality\/collagen-inducers\/\">collagen stimulators<\/a><\/li><li class=\"wp-block-pages-list__item\"><a class=\"wp-block-pages-list__item__link\" href=\"https:\/\/doctornelsoncaceres.es\/en\/tratamientos\/leather-quality\/plasma-laser\/\">plasma laser<\/a><\/li><li class=\"wp-block-pages-list__item\"><a class=\"wp-block-pages-list__item__link\" href=\"https:\/\/doctornelsoncaceres.es\/en\/tratamientos\/leather-quality\/oxyplus\/\">OxyPlus: deep hygiene and skin hydration.<\/a><\/li><li class=\"wp-block-pages-list__item\"><a class=\"wp-block-pages-list__item__link\" href=\"https:\/\/doctornelsoncaceres.es\/en\/tratamientos\/leather-quality\/rejuvenecimiento-cuello-y-escote\/\">Neck and d\u00e9collet\u00e9 rejuvenation with hyaluronic acid<\/a><\/li><li class=\"wp-block-pages-list__item\"><a class=\"wp-block-pages-list__item__link\" href=\"https:\/\/doctornelsoncaceres.es\/en\/tratamientos\/leather-quality\/rejuvenecimiento-del-dorso-de-las-manos\/\">Rejuvenation of the back of the hands<\/a><\/li><li class=\"wp-block-pages-list__item\"><a class=\"wp-block-pages-list__item__link\" href=\"https:\/\/doctornelsoncaceres.es\/en\/tratamientos\/leather-quality\/revitalizacion-dermica-facial\/\">Facial dermal revitalization<\/a><\/li><li class=\"wp-block-pages-list__item\"><a class=\"wp-block-pages-list__item__link\" href=\"https:\/\/doctornelsoncaceres.es\/en\/tratamientos\/leather-quality\/mesoterapia-facial\/\">facial mesotherapy<\/a><\/li><li class=\"wp-block-pages-list__item\"><a class=\"wp-block-pages-list__item__link\" href=\"https:\/\/doctornelsoncaceres.es\/en\/tratamientos\/leather-quality\/peeling-quimico-medico\/\">Medical chemical peel<\/a><\/li><li class=\"wp-block-pages-list__item\"><a class=\"wp-block-pages-list__item__link\" href=\"https:\/\/doctornelsoncaceres.es\/en\/tratamientos\/leather-quality\/plasma-rico-en-plaquetas\/\">Platelet rich plasma (PRP)<\/a><\/li><\/ul>","protected":false},"excerpt":{"rendered":"<p>El rejuvenecimiento del dorso de las manos permite recuperar el volumen, tersura e\u00a0 hidrataci\u00f3n de la piel, dando a \u00e9stas m\u00e1s vitalidad , un aspecto m\u00e1s joven y luminoso.<\/p>","protected":false},"author":1,"featured_media":1065,"parent":722,"menu_order":-10,"comment_status":"closed","ping_status":"closed","template":"","meta":{"_eb_attr":"","_joinchat":[],"footnotes":""},"categories":[21,19],"tags":[10,12],"class_list":["post-1063","page","type-page","status-publish","has-post-thumbnail","hentry","category-calidad-de-piel","category-tratamientos","tag-page-content-sidebar","tag-tratamiento"],"yoast_head":"<!-- This site is optimized with the Yoast SEO Premium plugin v21.5 (Yoast SEO v24.6) - https:\/\/yoast.com\/wordpress\/plugins\/seo\/ -->\n<title>Rejuvenecimiento del dorso de las manos - Doctor Nelson C\u00e1ceres<\/title>\n<meta name=\"description\" content=\"El rejuvenecimiento del dorso de las manos recupera el volumen, la tersura e\u00a0hidrataci\u00f3n de la piel, aportando vitalidad y luminosidad.\" \/>\n<meta name=\"robots\" content=\"index, follow, max-snippet:-1, max-image-preview:large, max-video-preview:-1\" \/>\n<link rel=\"canonical\" href=\"https:\/\/doctornelsoncaceres.es\/en\/tratamientos\/leather-quality\/rejuvenecimiento-del-dorso-de-las-manos\/\" \/>\n<meta property=\"og:locale\" content=\"en_GB\" \/>\n<meta property=\"og:type\" content=\"article\" \/>\n<meta property=\"og:title\" content=\"Rejuvenecimiento del dorso de las manos\" \/>\n<meta property=\"og:description\" content=\"El rejuvenecimiento del dorso de las manos recupera el volumen, la tersura e\u00a0hidrataci\u00f3n de la piel, aportando vitalidad y luminosidad.\" \/>\n<meta property=\"og:url\" content=\"https:\/\/doctornelsoncaceres.es\/en\/tratamientos\/leather-quality\/rejuvenecimiento-del-dorso-de-las-manos\/\" \/>\n<meta property=\"og:site_name\" content=\"Doctor Nelson C\u00e1ceres\" \/>\n<meta property=\"article:modified_time\" content=\"2025-03-07T08:37:19+00:00\" \/>\n<meta property=\"og:image\" content=\"https:\/\/doctornelsoncaceres.es\/wp-content\/uploads\/2024\/04\/banner-rejuvenecimiento-dorso-manos-doctornelsoncaceres.jpg\" \/>\n\t<meta property=\"og:image:width\" content=\"800\" \/>\n\t<meta property=\"og:image:height\" content=\"800\" \/>\n\t<meta property=\"og:image:type\" content=\"image\/jpeg\" \/>\n<meta name=\"twitter:card\" content=\"summary_large_image\" \/>\n<meta name=\"twitter:label1\" content=\"Estimated reading time\" \/>\n\t<meta name=\"twitter:data1\" content=\"6 minutes\" \/>\n<script type=\"application\/ld+json\" class=\"yoast-schema-graph\">{\"@context\":\"https:\/\/schema.org\",\"@graph\":[{\"@type\":\"WebPage\",\"@id\":\"https:\/\/doctornelsoncaceres.es\/tratamientos\/calidad-de-piel\/rejuvenecimiento-del-dorso-de-las-manos\/\",\"url\":\"https:\/\/doctornelsoncaceres.es\/tratamientos\/calidad-de-piel\/rejuvenecimiento-del-dorso-de-las-manos\/\",\"name\":\"Rejuvenecimiento del dorso de las manos - Doctor Nelson C\u00e1ceres\",\"isPartOf\":{\"@id\":\"https:\/\/doctornelsoncaceres.es\/en\/#website\"},\"primaryImageOfPage\":{\"@id\":\"https:\/\/doctornelsoncaceres.es\/tratamientos\/calidad-de-piel\/rejuvenecimiento-del-dorso-de-las-manos\/#primaryimage\"},\"image\":{\"@id\":\"https:\/\/doctornelsoncaceres.es\/tratamientos\/calidad-de-piel\/rejuvenecimiento-del-dorso-de-las-manos\/#primaryimage\"},\"thumbnailUrl\":\"https:\/\/doctornelsoncaceres.es\/wp-content\/uploads\/2024\/04\/banner-rejuvenecimiento-dorso-manos-doctornelsoncaceres.jpg\",\"datePublished\":\"2024-04-03T10:35:35+00:00\",\"dateModified\":\"2025-03-07T08:37:19+00:00\",\"description\":\"El rejuvenecimiento del dorso de las manos recupera el volumen, la tersura e\u00a0hidrataci\u00f3n de la piel, aportando vitalidad y luminosidad.\",\"breadcrumb\":{\"@id\":\"https:\/\/doctornelsoncaceres.es\/tratamientos\/calidad-de-piel\/rejuvenecimiento-del-dorso-de-las-manos\/#breadcrumb\"},\"inLanguage\":\"en-GB\",\"potentialAction\":[{\"@type\":\"ReadAction\",\"target\":[\"https:\/\/doctornelsoncaceres.es\/tratamientos\/calidad-de-piel\/rejuvenecimiento-del-dorso-de-las-manos\/\"]}]},{\"@type\":\"ImageObject\",\"inLanguage\":\"en-GB\",\"@id\":\"https:\/\/doctornelsoncaceres.es\/tratamientos\/calidad-de-piel\/rejuvenecimiento-del-dorso-de-las-manos\/#primaryimage\",\"url\":\"https:\/\/doctornelsoncaceres.es\/wp-content\/uploads\/2024\/04\/banner-rejuvenecimiento-dorso-manos-doctornelsoncaceres.jpg\",\"contentUrl\":\"https:\/\/doctornelsoncaceres.es\/wp-content\/uploads\/2024\/04\/banner-rejuvenecimiento-dorso-manos-doctornelsoncaceres.jpg\",\"width\":800,\"height\":800,\"caption\":\"Tratamiento del dorso de las manos con infiltraciones de \u00e1cido hialur\u00f3nico.\"},{\"@type\":\"BreadcrumbList\",\"@id\":\"https:\/\/doctornelsoncaceres.es\/tratamientos\/calidad-de-piel\/rejuvenecimiento-del-dorso-de-las-manos\/#breadcrumb\",\"itemListElement\":[{\"@type\":\"ListItem\",\"position\":1,\"name\":\"Portada\",\"item\":\"https:\/\/doctornelsoncaceres.es\/\"},{\"@type\":\"ListItem\",\"position\":2,\"name\":\"Tratamientos\",\"item\":\"https:\/\/doctornelsoncaceres.es\/tratamientos\/\"},{\"@type\":\"ListItem\",\"position\":3,\"name\":\"Calidad de piel\",\"item\":\"https:\/\/doctornelsoncaceres.es\/tratamientos\/calidad-de-piel\/\"},{\"@type\":\"ListItem\",\"position\":4,\"name\":\"Rejuvenecimiento del dorso de las manos\"}]},{\"@type\":\"WebSite\",\"@id\":\"https:\/\/doctornelsoncaceres.es\/en\/#website\",\"url\":\"https:\/\/doctornelsoncaceres.es\/en\/\",\"name\":\"Doctor Nelson C\u00e1ceres\",\"description\":\"Consulta de medicina est\u00e9tica en M\u00f3stoles\",\"alternateName\":\"Dr Nelson C\u00e1ceres\",\"potentialAction\":[{\"@type\":\"SearchAction\",\"target\":{\"@type\":\"EntryPoint\",\"urlTemplate\":\"https:\/\/doctornelsoncaceres.es\/en\/?s={search_term_string}\"},\"query-input\":{\"@type\":\"PropertyValueSpecification\",\"valueRequired\":true,\"valueName\":\"search_term_string\"}}],\"inLanguage\":\"en-GB\"}]}<\/script>\n<!-- \/ Yoast SEO Premium plugin. -->","yoast_head_json":{"title":"Rejuvenecimiento del dorso de las manos - Doctor Nelson C\u00e1ceres","description":"El rejuvenecimiento del dorso de las manos recupera el volumen, la tersura e\u00a0hidrataci\u00f3n de la piel, aportando vitalidad y luminosidad.","robots":{"index":"index","follow":"follow","max-snippet":"max-snippet:-1","max-image-preview":"max-image-preview:large","max-video-preview":"max-video-preview:-1"},"canonical":"https:\/\/doctornelsoncaceres.es\/en\/tratamientos\/leather-quality\/rejuvenecimiento-del-dorso-de-las-manos\/","og_locale":"en_GB","og_type":"article","og_title":"Rejuvenecimiento del dorso de las manos","og_description":"El rejuvenecimiento del dorso de las manos recupera el volumen, la tersura e\u00a0hidrataci\u00f3n de la piel, aportando vitalidad y luminosidad.","og_url":"https:\/\/doctornelsoncaceres.es\/en\/tratamientos\/leather-quality\/rejuvenecimiento-del-dorso-de-las-manos\/","og_site_name":"Doctor Nelson C\u00e1ceres","article_modified_time":"2025-03-07T08:37:19+00:00","og_image":[{"width":800,"height":800,"url":"https:\/\/doctornelsoncaceres.es\/wp-content\/uploads\/2024\/04\/banner-rejuvenecimiento-dorso-manos-doctornelsoncaceres.jpg","type":"image\/jpeg"}],"twitter_card":"summary_large_image","twitter_misc":{"Estimated reading time":"6 minutes"},"schema":{"@context":"https:\/\/schema.org","@graph":[{"@type":"WebPage","@id":"https:\/\/doctornelsoncaceres.es\/tratamientos\/calidad-de-piel\/rejuvenecimiento-del-dorso-de-las-manos\/","url":"https:\/\/doctornelsoncaceres.es\/tratamientos\/calidad-de-piel\/rejuvenecimiento-del-dorso-de-las-manos\/","name":"Rejuvenecimiento del dorso de las manos - Doctor Nelson C\u00e1ceres","isPartOf":{"@id":"https:\/\/doctornelsoncaceres.es\/en\/#website"},"primaryImageOfPage":{"@id":"https:\/\/doctornelsoncaceres.es\/tratamientos\/calidad-de-piel\/rejuvenecimiento-del-dorso-de-las-manos\/#primaryimage"},"image":{"@id":"https:\/\/doctornelsoncaceres.es\/tratamientos\/calidad-de-piel\/rejuvenecimiento-del-dorso-de-las-manos\/#primaryimage"},"thumbnailUrl":"https:\/\/doctornelsoncaceres.es\/wp-content\/uploads\/2024\/04\/banner-rejuvenecimiento-dorso-manos-doctornelsoncaceres.jpg","datePublished":"2024-04-03T10:35:35+00:00","dateModified":"2025-03-07T08:37:19+00:00","description":"El rejuvenecimiento del dorso de las manos recupera el volumen, la tersura e\u00a0hidrataci\u00f3n de la piel, aportando vitalidad y luminosidad.","breadcrumb":{"@id":"https:\/\/doctornelsoncaceres.es\/tratamientos\/calidad-de-piel\/rejuvenecimiento-del-dorso-de-las-manos\/#breadcrumb"},"inLanguage":"en-GB","potentialAction":[{"@type":"ReadAction","target":["https:\/\/doctornelsoncaceres.es\/tratamientos\/calidad-de-piel\/rejuvenecimiento-del-dorso-de-las-manos\/"]}]},{"@type":"ImageObject","inLanguage":"en-GB","@id":"https:\/\/doctornelsoncaceres.es\/tratamientos\/calidad-de-piel\/rejuvenecimiento-del-dorso-de-las-manos\/#primaryimage","url":"https:\/\/doctornelsoncaceres.es\/wp-content\/uploads\/2024\/04\/banner-rejuvenecimiento-dorso-manos-doctornelsoncaceres.jpg","contentUrl":"https:\/\/doctornelsoncaceres.es\/wp-content\/uploads\/2024\/04\/banner-rejuvenecimiento-dorso-manos-doctornelsoncaceres.jpg","width":800,"height":800,"caption":"Tratamiento del dorso de las manos con infiltraciones de \u00e1cido hialur\u00f3nico."},{"@type":"BreadcrumbList","@id":"https:\/\/doctornelsoncaceres.es\/tratamientos\/calidad-de-piel\/rejuvenecimiento-del-dorso-de-las-manos\/#breadcrumb","itemListElement":[{"@type":"ListItem","position":1,"name":"Portada","item":"https:\/\/doctornelsoncaceres.es\/"},{"@type":"ListItem","position":2,"name":"Tratamientos","item":"https:\/\/doctornelsoncaceres.es\/tratamientos\/"},{"@type":"ListItem","position":3,"name":"Calidad de piel","item":"https:\/\/doctornelsoncaceres.es\/tratamientos\/calidad-de-piel\/"},{"@type":"ListItem","position":4,"name":"Rejuvenecimiento del dorso de las manos"}]},{"@type":"WebSite","@id":"https:\/\/doctornelsoncaceres.es\/en\/#website","url":"https:\/\/doctornelsoncaceres.es\/en\/","name":"Doctor Nelson C\u00e1ceres","description":"Consulta de medicina est\u00e9tica en M\u00f3stoles","alternateName":"Dr Nelson C\u00e1ceres","potentialAction":[{"@type":"SearchAction","target":{"@type":"EntryPoint","urlTemplate":"https:\/\/doctornelsoncaceres.es\/en\/?s={search_term_string}"},"query-input":{"@type":"PropertyValueSpecification","valueRequired":true,"valueName":"search_term_string"}}],"inLanguage":"en-GB"}]}},"_links":{"self":[{"href":"https:\/\/doctornelsoncaceres.es\/en\/wp-json\/wp\/v2\/pages\/1063","targetHints":{"allow":["GET"]}}],"collection":[{"href":"https:\/\/doctornelsoncaceres.es\/en\/wp-json\/wp\/v2\/pages"}],"about":[{"href":"https:\/\/doctornelsoncaceres.es\/en\/wp-json\/wp\/v2\/types\/page"}],"author":[{"embeddable":true,"href":"https:\/\/doctornelsoncaceres.es\/en\/wp-json\/wp\/v2\/users\/1"}],"replies":[{"embeddable":true,"href":"https:\/\/doctornelsoncaceres.es\/en\/wp-json\/wp\/v2\/comments?post=1063"}],"version-history":[{"count":5,"href":"https:\/\/doctornelsoncaceres.es\/en\/wp-json\/wp\/v2\/pages\/1063\/revisions"}],"predecessor-version":[{"id":1307,"href":"https:\/\/doctornelsoncaceres.es\/en\/wp-json\/wp\/v2\/pages\/1063\/revisions\/1307"}],"up":[{"embeddable":true,"href":"https:\/\/doctornelsoncaceres.es\/en\/wp-json\/wp\/v2\/pages\/722"}],"wp:featuredmedia":[{"embeddable":true,"href":"https:\/\/doctornelsoncaceres.es\/en\/wp-json\/wp\/v2\/media\/1065"}],"wp:attachment":[{"href":"https:\/\/doctornelsoncaceres.es\/en\/wp-json\/wp\/v2\/media?parent=1063"}],"wp:term":[{"taxonomy":"category","embeddable":true,"href":"https:\/\/doctornelsoncaceres.es\/en\/wp-json\/wp\/v2\/categories?post=1063"},{"taxonomy":"post_tag","embeddable":true,"href":"https:\/\/doctornelsoncaceres.es\/en\/wp-json\/wp\/v2\/tags?post=1063"}],"curies":[{"name":"wp","href":"https:\/\/api.w.org\/{rel}","templated":true}]}}