{"id":1076,"date":"2024-04-04T16:53:38","date_gmt":"2024-04-04T16:53:38","guid":{"rendered":"https:\/\/www.doctornelsoncaceres.es\/?page_id=1076"},"modified":"2025-03-07T08:36:26","modified_gmt":"2025-03-07T08:36:26","slug":"peeling-quimico-medico","status":"publish","type":"page","link":"https:\/\/doctornelsoncaceres.es\/en\/tratamientos\/leather-quality\/peeling-quimico-medico\/","title":{"rendered":"Medical chemical peel"},"content":{"rendered":"<h2 class=\"wp-block-heading\" id=\"h-en-que-consiste-el-peeling-quimico\">\u00bfEn que consiste el peeling qu\u00edmico?<\/h2>\n\n\n\n<p>El peeling qu\u00edmico es un tratamiento que consiste en <strong>la aplicaci\u00f3n de una soluci\u00f3n acida<\/strong> de diferentes sustancias qu\u00edmicas, para renovar las capas m\u00e1s superficiales de la piel <strong>mediante una exfoliaci\u00f3n<\/strong> y cuyo objetivo es la correcci\u00f3n de diversos defectos de la misma, como manchas, acn\u00e9, arrugas poco profundas y marcas y cicatrices ligeras. La palabra peeling se traduce del ingl\u00e9s como \u201cpelar\u201d y eso es precisamente lo que consigue este tratamiento, retirar las capas da\u00f1adas de la piel dejando el rostro con un aspecto mucho m\u00e1s hidratado y jugoso.<\/p>\n\n\n\n<h3 class=\"wp-block-heading\" id=\"h-que-resultados-ofrece-el-peeling-medico\">\u00bfQu\u00e9 resultados ofrece el peeling m\u00e9dico?<\/h3>\n\n\n\n<p>Este tratamiento m\u00e9dico est\u00e9tico <strong>consigue eliminar imperfecciones y cicatrices<\/strong> regenerando la epidermis y la dermis superficial, <strong>favoreciendo la reestructuraci\u00f3n del col\u00e1geno<\/strong> y logrando de este modo alisar la textura cut\u00e1nea.<\/p>\n\n\n\n<p>Unos d\u00edas despu\u00e9s de su aplicaci\u00f3n <strong>notaremos un aspecto m\u00e1s saludable de nuestra piel<\/strong>, m\u00e1s uniforme, sin manchas, m\u00e1s luminosa y con mejor tono, lo que aportar\u00e1 <strong>un notable rejuvenecimiento de nuestro cutis<\/strong>.<\/p>\n\n\n\n<figure class=\"wp-block-image size-full\"><img fetchpriority=\"high\" decoding=\"async\" width=\"900\" height=\"600\" src=\"https:\/\/www.doctornelsoncaceres.es\/wp-content\/uploads\/2024\/04\/antes-despues-peeling-quimico-doctornelsoncaceres.jpg\" alt=\"Antes y despu\u00e9s de un tratamiento de peeling qu\u00edmico para suavizar y reducir marcas de acn\u00e9.\" class=\"wp-image-1086\" srcset=\"https:\/\/doctornelsoncaceres.es\/wp-content\/uploads\/2024\/04\/antes-despues-peeling-quimico-doctornelsoncaceres.jpg 900w, https:\/\/doctornelsoncaceres.es\/wp-content\/uploads\/2024\/04\/antes-despues-peeling-quimico-doctornelsoncaceres-300x200.jpg 300w, https:\/\/doctornelsoncaceres.es\/wp-content\/uploads\/2024\/04\/antes-despues-peeling-quimico-doctornelsoncaceres-768x512.jpg 768w, https:\/\/doctornelsoncaceres.es\/wp-content\/uploads\/2024\/04\/antes-despues-peeling-quimico-doctornelsoncaceres-18x12.jpg 18w\" sizes=\"(max-width: 900px) 100vw, 900px\" \/><figcaption class=\"wp-element-caption\"><em>Antes y despu\u00e9s de un tratamiento de peeling qu\u00edmico para suavizar y reducir marcas de acn\u00e9.<\/em><\/figcaption><\/figure>\n\n\n\n<h3 class=\"wp-block-heading\" id=\"h-como-se-aplica-el-peeling-quimico-medico\">\u00bfC\u00f3mo se aplica el peeling qu\u00edmico m\u00e9dico?<\/h3>\n\n\n\n<p><strong>Sobre la cara totalmente limpia<\/strong> se aplica, con un pincel especial, un c\u00f3ctel de sustancias qu\u00edmicas que penetra en el epitelio con el objetivo de renovar las capas superficiales. <strong>El tiempo de aplicaci\u00f3n no es superior a 30 minutos y no tiene ning\u00fan efecto secundario<\/strong>. Las capas comienzan a renovarse desde el momento de la aplicaci\u00f3n hasta varios d\u00edas despu\u00e9s, cuando el paciente ver\u00e1 c\u00f3mo la piel da\u00f1ada se cae y deja paso a las capas m\u00e1s nuevas. <strong>El resultado es una piel m\u00e1s lisa, tersa y luminosa<\/strong>.<\/p>\n\n\n\n<h3 class=\"wp-block-heading\" id=\"h-existen-diferentes-tipos-de-peeling-medico\">\u00bfExisten diferentes tipos de peeling m\u00e9dico?<\/h3>\n\n\n\n<p>Si, en funci\u00f3n de la intensidad y profundidad de actuaci\u00f3n esperada se pueden clasificar en tres grupos:<\/p>\n\n\n\n<ul class=\"wp-block-list\">\n<li><strong>Peeling m\u00e9dico qu\u00edmico superficial:<\/strong> indicado para eliminar \u00fanicamente la capa m\u00e1s superficial de la piel en aquellos pacientes que no desean una descamaci\u00f3n muy visible. Se utiliza principalmente para suavizar arrugas finas e imperfecciones suaves, igualar el tono facial o tratar marcas ligeras de acn\u00e9, puntos negros o poros abiertos.<\/li>\n\n\n\n<li><strong>Peeling qu\u00edmico m\u00e9dico medio (TCA):<\/strong> act\u00faa de forma m\u00e1s profunda que el anterior, a nivel epidermis y dermis facial. Se le conoce como TCA debido al uso del \u00e1cido tricloroac\u00e9tico en su aplicaci\u00f3n. <strong>Utilizado principalmente para suavizar y rejuvenecer la piel<\/strong>, este peeling qu\u00edmico est\u00e1 <strong>especialmente indicado para el tratamiento del envejecimiento de la piel<\/strong>, tanto solar como senil. Es eficaz contra las manchas ocasionadas por una excesiva exposici\u00f3n solar y <strong>act\u00faa sobre arrugas finas y medias<\/strong> consiguiendo resultados visibles desde la primera sesi\u00f3n.<\/li>\n\n\n\n<li><strong>Peeling m\u00e9dico profundo:<\/strong> se trata de <strong>un peeling qu\u00edmico m\u00e1s agresivo<\/strong> que requiere de un mayor tiempo de recuperaci\u00f3n. Act\u00faa a un nivel m\u00e1s profundo, puesto que no solo alcanza la epidermis y la dermis superficial, sino tambi\u00e9n la dermis media, una capa m\u00e1s inferior. Se suele utilizar una soluci\u00f3n \u00e1cida con mayor capacidad de aclarar la piel como el fenol y <strong>\u00fanicamente se debe aplicar por personal m\u00e9dico con experiencia<\/strong>.<\/li>\n<\/ul>\n\n\n\n<p><\/p>\n\n\n\n<h3 class=\"wp-block-heading\" id=\"h-que-tipo-de-sustancias-se-utilizan-en-el-peeling-quimico\">\u00bfQu\u00e9 tipo de sustancias se utilizan en el peeling qu\u00edmico?<\/h3>\n\n\n\n<p>En funci\u00f3n del tipo de peeling necesario y su intensidad, <strong>es posible utilizar unas sustancias u otras<\/strong>. El profesional m\u00e9dico decidir\u00e1, en funci\u00f3n del tipo de piel del paciente y las imperfecciones a tratar, utilizar sustancias <strong>m\u00e1s comunes como el \u00e1cido salic\u00edlico y el glic\u00f3lico<\/strong> o, si el caso lo requiere, otras <strong>m\u00e1s potentes como el \u00e1cido tricloroac\u00e9tico, el fenol, el mand\u00e9lico o los Alfa-hidroxi\u00e1cidos<\/strong>.<\/p>\n\n\n\n<h3 class=\"wp-block-heading\" id=\"h-posibles-efectos-adversos-del-peeling-quimico\">Posibles efectos adversos del peeling qu\u00edmico<\/h3>\n\n\n\n<p>Como ya hemos dicho, <strong>el peeling qu\u00edmico m\u00e9dico no tiene efectos secundarios<\/strong> m\u00e1s all\u00e1 de un leve enrojecimiento y tirantez de la piel que no debe durar m\u00e1s de 48 horas. Aunque las complicaciones son, en cualquier caso, escasas y se reducen siguiendo las indicaciones post-tratamiento del profesional m\u00e9dico. Con todo, es conveniente saber que durante la aplicaci\u00f3n del agente qu\u00edmico, <strong>el paciente puede sentir un ligero escozor que remite totalmente al aplicar una m\u00e1scara calmante<\/strong> a la finalizaci\u00f3n del proceso. <\/p>\n\n\n\n<p>Hay que tener en cuenta, que <strong>este tratamiento no es nuevo<\/strong> y lleva aplic\u00e1ndose cientos, si no miles de a\u00f1os. Ya en el antiguo Egipto es sabido que Cleopatra tomaba ba\u00f1os de leche de burra con el fin de hidratar su piel, ignorando que era de las propiedades del \u00e1cido l\u00e1ctico de las que se estaba beneficiando. Otros \u00e1cidos como el salic\u00edlico, el tricloroac\u00e9tico (TCA) o el fenol ya se usaban a finales del siglo XIX para el tratamiento de las cicatrices.<\/p>\n\n\n\n<p><strong>El peeling qu\u00edmico m\u00e9dico es por tanto una t\u00e9cnica m\u00e9dica segura, muy vers\u00e1til y relativamente sencilla en su aplicaci\u00f3n<\/strong>. Eso si, siempre que sea realizado por un profesional m\u00e9dico est\u00e9tico como el Doctor Nelson C\u00e1ceres, que se ocupar\u00e1, entre otras cosas, de decidir en funci\u00f3n de tu tipo de piel que sustancias y en que medida aplicar.<\/p>\n\n\n\n<div class=\"wp-block-cover\" style=\"min-height:558px;aspect-ratio:unset;\"><span aria-hidden=\"true\" class=\"wp-block-cover__background has-background-dim\"><\/span><img decoding=\"async\" width=\"900\" height=\"600\" class=\"wp-block-cover__image-background wp-image-1087\" alt=\"\" src=\"https:\/\/www.doctornelsoncaceres.es\/wp-content\/uploads\/2024\/04\/peeling-quimico-doctornelsoncaceres.jpg\" data-object-fit=\"cover\" srcset=\"https:\/\/doctornelsoncaceres.es\/wp-content\/uploads\/2024\/04\/peeling-quimico-doctornelsoncaceres.jpg 900w, https:\/\/doctornelsoncaceres.es\/wp-content\/uploads\/2024\/04\/peeling-quimico-doctornelsoncaceres-300x200.jpg 300w, https:\/\/doctornelsoncaceres.es\/wp-content\/uploads\/2024\/04\/peeling-quimico-doctornelsoncaceres-768x512.jpg 768w, https:\/\/doctornelsoncaceres.es\/wp-content\/uploads\/2024\/04\/peeling-quimico-doctornelsoncaceres-18x12.jpg 18w\" sizes=\"(max-width: 900px) 100vw, 900px\" \/><div class=\"wp-block-cover__inner-container is-layout-flow wp-block-cover-is-layout-flow\">\n<p class=\"has-text-align-center has-large-font-size\"><\/p>\n\n\n\n<h2 class=\"wp-block-heading\" id=\"h-renueva-la-piel-de-tu-rostro\">Renueva la piel de tu rostro<\/h2>\n\n\n\n<p>Consigue una piel m\u00e1s joven, tersa y luminosa mediante una exfoliaci\u00f3n profunda de la epidermis y la dermis del cutis.<\/p>\n<\/div><\/div>\n\n\n\n<h3 class=\"wp-block-heading\" id=\"h-existen-contraindicaciones-que-restrinjan-la-realizacion-de-un-peeling-quimico\">\u00bfExisten contraindicaciones que restrinjan la realizaci\u00f3n de un peeling qu\u00edmico?<\/h3>\n\n\n\n<p>Si, como en casi cualquier tratamiento m\u00e9dico, se deben tener en cuenta diversas circunstancias antes de proceder con la realizaci\u00f3n de un peeling qu\u00edmico.<\/p>\n\n\n\n<ul class=\"wp-block-list\">\n<li>Es necesario informar al profesional m\u00e9dico de la utilizaci\u00f3n de cierto tipo de cremas que incluyan en su composici\u00f3n \u00e1cido retinoico. Tambi\u00e9n <strong>es necesario advertir de la aplicaci\u00f3n de maquillajes permanentes<\/strong>, <strong>toxina botul\u00ednica<\/strong> o de la <strong>realizaci\u00f3n de implantes<\/strong> o cualquier <strong>cirug\u00eda reciente<\/strong>.<\/li>\n\n\n\n<li>Si estas embarazada, crees que pudieras estarlo o durante la lactancia no se recomienda someterse a un peeling qu\u00edmico m\u00e9dico.<\/li>\n\n\n\n<li>Se debe indicar si se ha padecido alguna <strong>infecci\u00f3n cut\u00e1nea<\/strong> en las \u00faltimas semanas o si se es propenso a tener <strong>herpes<\/strong>.<\/li>\n\n\n\n<li>Es muy importante evitar el bronceado con <strong>rayos UVA<\/strong> y\/o una <strong>exposici\u00f3n solar intensa<\/strong> o excesiva antes de realizar un peeling m\u00e9dico.<\/li>\n\n\n\n<li>Durante el tratamiento con <strong>isotretino\u00edna oral<\/strong>, ni en los seis meses posteriores a su finalizaci\u00f3n, no es posible realizar un peeling qu\u00edmico.<\/li>\n<\/ul>\n\n\n\n<p><\/p>\n\n\n\n<h2 class=\"wp-block-heading\" id=\"h-otros-tratamientos-de-calidad-de-piel\">Other quality skin treatments<\/h2>\n\n\n<ul class=\"tratamientos wp-block-page-list\"><li class=\"wp-block-pages-list__item\"><a class=\"wp-block-pages-list__item__link\" href=\"https:\/\/doctornelsoncaceres.es\/en\/tratamientos\/leather-quality\/dermapen\/\">Dermapen<\/a><\/li><li class=\"wp-block-pages-list__item\"><a class=\"wp-block-pages-list__item__link\" href=\"https:\/\/doctornelsoncaceres.es\/en\/tratamientos\/leather-quality\/collagen-inducers\/\">collagen stimulators<\/a><\/li><li class=\"wp-block-pages-list__item\"><a class=\"wp-block-pages-list__item__link\" href=\"https:\/\/doctornelsoncaceres.es\/en\/tratamientos\/leather-quality\/plasma-laser\/\">plasma laser<\/a><\/li><li class=\"wp-block-pages-list__item\"><a class=\"wp-block-pages-list__item__link\" href=\"https:\/\/doctornelsoncaceres.es\/en\/tratamientos\/leather-quality\/oxyplus\/\">OxyPlus: deep hygiene and skin hydration.<\/a><\/li><li class=\"wp-block-pages-list__item\"><a class=\"wp-block-pages-list__item__link\" href=\"https:\/\/doctornelsoncaceres.es\/en\/tratamientos\/leather-quality\/rejuvenecimiento-cuello-y-escote\/\">Neck and d\u00e9collet\u00e9 rejuvenation with hyaluronic acid<\/a><\/li><li class=\"wp-block-pages-list__item\"><a class=\"wp-block-pages-list__item__link\" href=\"https:\/\/doctornelsoncaceres.es\/en\/tratamientos\/leather-quality\/rejuvenecimiento-del-dorso-de-las-manos\/\">Rejuvenation of the back of the hands<\/a><\/li><li class=\"wp-block-pages-list__item\"><a class=\"wp-block-pages-list__item__link\" href=\"https:\/\/doctornelsoncaceres.es\/en\/tratamientos\/leather-quality\/revitalizacion-dermica-facial\/\">Facial dermal revitalization<\/a><\/li><li class=\"wp-block-pages-list__item\"><a class=\"wp-block-pages-list__item__link\" href=\"https:\/\/doctornelsoncaceres.es\/en\/tratamientos\/leather-quality\/mesoterapia-facial\/\">facial mesotherapy<\/a><\/li><li class=\"wp-block-pages-list__item\"><a class=\"wp-block-pages-list__item__link\" href=\"https:\/\/doctornelsoncaceres.es\/en\/tratamientos\/leather-quality\/peeling-quimico-medico\/\">Medical chemical peel<\/a><\/li><li class=\"wp-block-pages-list__item\"><a class=\"wp-block-pages-list__item__link\" href=\"https:\/\/doctornelsoncaceres.es\/en\/tratamientos\/leather-quality\/plasma-rico-en-plaquetas\/\">Platelet rich plasma (PRP)<\/a><\/li><\/ul>","protected":false},"excerpt":{"rendered":"<p>El peeling qu\u00edmico m\u00e9dico es un tratamiento que mejora significativamente la salud y el aspecto de la piel del cutis, mediante la aplicaci\u00f3n de un agente qu\u00edmico con distintos grados de acidez en funci\u00f3n de los resultados esperados. Tiene como efecto una exfoliaci\u00f3n controlada de la epidermis y la dermis superficial o media que renueva y rejuvenece la piel del rostro.<\/p>","protected":false},"author":1,"featured_media":1085,"parent":722,"menu_order":0,"comment_status":"closed","ping_status":"closed","template":"","meta":{"_eb_attr":"","_joinchat":[],"footnotes":""},"categories":[21],"tags":[10,12],"class_list":["post-1076","page","type-page","status-publish","has-post-thumbnail","hentry","category-calidad-de-piel","tag-page-content-sidebar","tag-tratamiento"],"yoast_head":"<!-- This site is optimized with the Yoast SEO Premium plugin v21.5 (Yoast SEO v24.6) - https:\/\/yoast.com\/wordpress\/plugins\/seo\/ -->\n<title>Peeling qu\u00edmico m\u00e9dico - Doctor Nelson C\u00e1ceres<\/title>\n<meta name=\"description\" content=\"Mejora significativamente el aspecto y salud de tu cutis con un peeling qu\u00edmico que renueva y rejuvenece la piel del rostro eficazmente.\" \/>\n<meta name=\"robots\" content=\"index, follow, max-snippet:-1, max-image-preview:large, max-video-preview:-1\" \/>\n<link rel=\"canonical\" href=\"https:\/\/doctornelsoncaceres.es\/en\/tratamientos\/leather-quality\/peeling-quimico-medico\/\" \/>\n<meta property=\"og:locale\" content=\"en_GB\" \/>\n<meta property=\"og:type\" content=\"article\" \/>\n<meta property=\"og:title\" content=\"Peeling qu\u00edmico m\u00e9dico\" \/>\n<meta property=\"og:description\" content=\"Mejora significativamente el aspecto y salud de tu cutis con un peeling qu\u00edmico que renueva y rejuvenece la piel del rostro eficazmente.\" \/>\n<meta property=\"og:url\" content=\"https:\/\/doctornelsoncaceres.es\/en\/tratamientos\/leather-quality\/peeling-quimico-medico\/\" \/>\n<meta property=\"og:site_name\" content=\"Doctor Nelson C\u00e1ceres\" \/>\n<meta property=\"article:modified_time\" content=\"2025-03-07T08:36:26+00:00\" \/>\n<meta property=\"og:image\" content=\"https:\/\/doctornelsoncaceres.es\/wp-content\/uploads\/2024\/04\/banner-peeling-quimico-doctornelsoncaceres.jpg\" \/>\n\t<meta property=\"og:image:width\" content=\"800\" \/>\n\t<meta property=\"og:image:height\" content=\"800\" \/>\n\t<meta property=\"og:image:type\" content=\"image\/jpeg\" \/>\n<meta name=\"twitter:card\" content=\"summary_large_image\" \/>\n<meta name=\"twitter:label1\" content=\"Estimated reading time\" \/>\n\t<meta name=\"twitter:data1\" content=\"6 minutes\" \/>\n<script type=\"application\/ld+json\" class=\"yoast-schema-graph\">{\"@context\":\"https:\/\/schema.org\",\"@graph\":[{\"@type\":\"WebPage\",\"@id\":\"https:\/\/doctornelsoncaceres.es\/tratamientos\/calidad-de-piel\/peeling-quimico-medico\/\",\"url\":\"https:\/\/doctornelsoncaceres.es\/tratamientos\/calidad-de-piel\/peeling-quimico-medico\/\",\"name\":\"Peeling qu\u00edmico m\u00e9dico - Doctor Nelson C\u00e1ceres\",\"isPartOf\":{\"@id\":\"https:\/\/doctornelsoncaceres.es\/en\/#website\"},\"primaryImageOfPage\":{\"@id\":\"https:\/\/doctornelsoncaceres.es\/tratamientos\/calidad-de-piel\/peeling-quimico-medico\/#primaryimage\"},\"image\":{\"@id\":\"https:\/\/doctornelsoncaceres.es\/tratamientos\/calidad-de-piel\/peeling-quimico-medico\/#primaryimage\"},\"thumbnailUrl\":\"https:\/\/doctornelsoncaceres.es\/wp-content\/uploads\/2024\/04\/banner-peeling-quimico-doctornelsoncaceres.jpg\",\"datePublished\":\"2024-04-04T16:53:38+00:00\",\"dateModified\":\"2025-03-07T08:36:26+00:00\",\"description\":\"Mejora significativamente el aspecto y salud de tu cutis con un peeling qu\u00edmico que renueva y rejuvenece la piel del rostro eficazmente.\",\"breadcrumb\":{\"@id\":\"https:\/\/doctornelsoncaceres.es\/tratamientos\/calidad-de-piel\/peeling-quimico-medico\/#breadcrumb\"},\"inLanguage\":\"en-GB\",\"potentialAction\":[{\"@type\":\"ReadAction\",\"target\":[\"https:\/\/doctornelsoncaceres.es\/tratamientos\/calidad-de-piel\/peeling-quimico-medico\/\"]}]},{\"@type\":\"ImageObject\",\"inLanguage\":\"en-GB\",\"@id\":\"https:\/\/doctornelsoncaceres.es\/tratamientos\/calidad-de-piel\/peeling-quimico-medico\/#primaryimage\",\"url\":\"https:\/\/doctornelsoncaceres.es\/wp-content\/uploads\/2024\/04\/banner-peeling-quimico-doctornelsoncaceres.jpg\",\"contentUrl\":\"https:\/\/doctornelsoncaceres.es\/wp-content\/uploads\/2024\/04\/banner-peeling-quimico-doctornelsoncaceres.jpg\",\"width\":800,\"height\":800,\"caption\":\"Tratamiento de peeling qu\u00edmico m\u00e9dico en paciente femenino.\"},{\"@type\":\"BreadcrumbList\",\"@id\":\"https:\/\/doctornelsoncaceres.es\/tratamientos\/calidad-de-piel\/peeling-quimico-medico\/#breadcrumb\",\"itemListElement\":[{\"@type\":\"ListItem\",\"position\":1,\"name\":\"Portada\",\"item\":\"https:\/\/doctornelsoncaceres.es\/\"},{\"@type\":\"ListItem\",\"position\":2,\"name\":\"Tratamientos\",\"item\":\"https:\/\/doctornelsoncaceres.es\/tratamientos\/\"},{\"@type\":\"ListItem\",\"position\":3,\"name\":\"Calidad de piel\",\"item\":\"https:\/\/doctornelsoncaceres.es\/tratamientos\/calidad-de-piel\/\"},{\"@type\":\"ListItem\",\"position\":4,\"name\":\"Peeling qu\u00edmico m\u00e9dico\"}]},{\"@type\":\"WebSite\",\"@id\":\"https:\/\/doctornelsoncaceres.es\/en\/#website\",\"url\":\"https:\/\/doctornelsoncaceres.es\/en\/\",\"name\":\"Doctor Nelson C\u00e1ceres\",\"description\":\"Consulta de medicina est\u00e9tica en M\u00f3stoles\",\"alternateName\":\"Dr Nelson C\u00e1ceres\",\"potentialAction\":[{\"@type\":\"SearchAction\",\"target\":{\"@type\":\"EntryPoint\",\"urlTemplate\":\"https:\/\/doctornelsoncaceres.es\/en\/?s={search_term_string}\"},\"query-input\":{\"@type\":\"PropertyValueSpecification\",\"valueRequired\":true,\"valueName\":\"search_term_string\"}}],\"inLanguage\":\"en-GB\"}]}<\/script>\n<!-- \/ Yoast SEO Premium plugin. -->","yoast_head_json":{"title":"Peeling qu\u00edmico m\u00e9dico - Doctor Nelson C\u00e1ceres","description":"Mejora significativamente el aspecto y salud de tu cutis con un peeling qu\u00edmico que renueva y rejuvenece la piel del rostro eficazmente.","robots":{"index":"index","follow":"follow","max-snippet":"max-snippet:-1","max-image-preview":"max-image-preview:large","max-video-preview":"max-video-preview:-1"},"canonical":"https:\/\/doctornelsoncaceres.es\/en\/tratamientos\/leather-quality\/peeling-quimico-medico\/","og_locale":"en_GB","og_type":"article","og_title":"Peeling qu\u00edmico m\u00e9dico","og_description":"Mejora significativamente el aspecto y salud de tu cutis con un peeling qu\u00edmico que renueva y rejuvenece la piel del rostro eficazmente.","og_url":"https:\/\/doctornelsoncaceres.es\/en\/tratamientos\/leather-quality\/peeling-quimico-medico\/","og_site_name":"Doctor Nelson C\u00e1ceres","article_modified_time":"2025-03-07T08:36:26+00:00","og_image":[{"width":800,"height":800,"url":"https:\/\/doctornelsoncaceres.es\/wp-content\/uploads\/2024\/04\/banner-peeling-quimico-doctornelsoncaceres.jpg","type":"image\/jpeg"}],"twitter_card":"summary_large_image","twitter_misc":{"Estimated reading time":"6 minutes"},"schema":{"@context":"https:\/\/schema.org","@graph":[{"@type":"WebPage","@id":"https:\/\/doctornelsoncaceres.es\/tratamientos\/calidad-de-piel\/peeling-quimico-medico\/","url":"https:\/\/doctornelsoncaceres.es\/tratamientos\/calidad-de-piel\/peeling-quimico-medico\/","name":"Peeling qu\u00edmico m\u00e9dico - Doctor Nelson C\u00e1ceres","isPartOf":{"@id":"https:\/\/doctornelsoncaceres.es\/en\/#website"},"primaryImageOfPage":{"@id":"https:\/\/doctornelsoncaceres.es\/tratamientos\/calidad-de-piel\/peeling-quimico-medico\/#primaryimage"},"image":{"@id":"https:\/\/doctornelsoncaceres.es\/tratamientos\/calidad-de-piel\/peeling-quimico-medico\/#primaryimage"},"thumbnailUrl":"https:\/\/doctornelsoncaceres.es\/wp-content\/uploads\/2024\/04\/banner-peeling-quimico-doctornelsoncaceres.jpg","datePublished":"2024-04-04T16:53:38+00:00","dateModified":"2025-03-07T08:36:26+00:00","description":"Mejora significativamente el aspecto y salud de tu cutis con un peeling qu\u00edmico que renueva y rejuvenece la piel del rostro eficazmente.","breadcrumb":{"@id":"https:\/\/doctornelsoncaceres.es\/tratamientos\/calidad-de-piel\/peeling-quimico-medico\/#breadcrumb"},"inLanguage":"en-GB","potentialAction":[{"@type":"ReadAction","target":["https:\/\/doctornelsoncaceres.es\/tratamientos\/calidad-de-piel\/peeling-quimico-medico\/"]}]},{"@type":"ImageObject","inLanguage":"en-GB","@id":"https:\/\/doctornelsoncaceres.es\/tratamientos\/calidad-de-piel\/peeling-quimico-medico\/#primaryimage","url":"https:\/\/doctornelsoncaceres.es\/wp-content\/uploads\/2024\/04\/banner-peeling-quimico-doctornelsoncaceres.jpg","contentUrl":"https:\/\/doctornelsoncaceres.es\/wp-content\/uploads\/2024\/04\/banner-peeling-quimico-doctornelsoncaceres.jpg","width":800,"height":800,"caption":"Tratamiento de peeling qu\u00edmico m\u00e9dico en paciente femenino."},{"@type":"BreadcrumbList","@id":"https:\/\/doctornelsoncaceres.es\/tratamientos\/calidad-de-piel\/peeling-quimico-medico\/#breadcrumb","itemListElement":[{"@type":"ListItem","position":1,"name":"Portada","item":"https:\/\/doctornelsoncaceres.es\/"},{"@type":"ListItem","position":2,"name":"Tratamientos","item":"https:\/\/doctornelsoncaceres.es\/tratamientos\/"},{"@type":"ListItem","position":3,"name":"Calidad de piel","item":"https:\/\/doctornelsoncaceres.es\/tratamientos\/calidad-de-piel\/"},{"@type":"ListItem","position":4,"name":"Peeling qu\u00edmico m\u00e9dico"}]},{"@type":"WebSite","@id":"https:\/\/doctornelsoncaceres.es\/en\/#website","url":"https:\/\/doctornelsoncaceres.es\/en\/","name":"Doctor Nelson C\u00e1ceres","description":"Consulta de medicina est\u00e9tica en M\u00f3stoles","alternateName":"Dr Nelson C\u00e1ceres","potentialAction":[{"@type":"SearchAction","target":{"@type":"EntryPoint","urlTemplate":"https:\/\/doctornelsoncaceres.es\/en\/?s={search_term_string}"},"query-input":{"@type":"PropertyValueSpecification","valueRequired":true,"valueName":"search_term_string"}}],"inLanguage":"en-GB"}]}},"_links":{"self":[{"href":"https:\/\/doctornelsoncaceres.es\/en\/wp-json\/wp\/v2\/pages\/1076","targetHints":{"allow":["GET"]}}],"collection":[{"href":"https:\/\/doctornelsoncaceres.es\/en\/wp-json\/wp\/v2\/pages"}],"about":[{"href":"https:\/\/doctornelsoncaceres.es\/en\/wp-json\/wp\/v2\/types\/page"}],"author":[{"embeddable":true,"href":"https:\/\/doctornelsoncaceres.es\/en\/wp-json\/wp\/v2\/users\/1"}],"replies":[{"embeddable":true,"href":"https:\/\/doctornelsoncaceres.es\/en\/wp-json\/wp\/v2\/comments?post=1076"}],"version-history":[{"count":5,"href":"https:\/\/doctornelsoncaceres.es\/en\/wp-json\/wp\/v2\/pages\/1076\/revisions"}],"predecessor-version":[{"id":1088,"href":"https:\/\/doctornelsoncaceres.es\/en\/wp-json\/wp\/v2\/pages\/1076\/revisions\/1088"}],"up":[{"embeddable":true,"href":"https:\/\/doctornelsoncaceres.es\/en\/wp-json\/wp\/v2\/pages\/722"}],"wp:featuredmedia":[{"embeddable":true,"href":"https:\/\/doctornelsoncaceres.es\/en\/wp-json\/wp\/v2\/media\/1085"}],"wp:attachment":[{"href":"https:\/\/doctornelsoncaceres.es\/en\/wp-json\/wp\/v2\/media?parent=1076"}],"wp:term":[{"taxonomy":"category","embeddable":true,"href":"https:\/\/doctornelsoncaceres.es\/en\/wp-json\/wp\/v2\/categories?post=1076"},{"taxonomy":"post_tag","embeddable":true,"href":"https:\/\/doctornelsoncaceres.es\/en\/wp-json\/wp\/v2\/tags?post=1076"}],"curies":[{"name":"wp","href":"https:\/\/api.w.org\/{rel}","templated":true}]}}