{"id":512,"date":"2023-11-17T14:08:48","date_gmt":"2023-11-17T14:08:48","guid":{"rendered":"https:\/\/dev.doctornelsoncaceres.es\/?page_id=512"},"modified":"2023-11-23T14:02:10","modified_gmt":"2023-11-23T14:02:10","slug":"aviso-legal","status":"publish","type":"page","link":"https:\/\/doctornelsoncaceres.es\/en\/informacion-legal\/legal-warning\/","title":{"rendered":"Legal warning"},"content":{"rendered":"<h2 class=\"wp-block-heading\">OBJECT:<\/h2>\n\n\n\n<p>This website has been designed to publicize and sell to the general public the services offered by the Dr. Nelson C\u00e1ceres Aesthetic Medicine Consultation, with address at: Calle Alonso Cano, number 3 posterior, M\u00f3stoles, Madrid, CP: 28933 , Spain; as well as for receiving potential clients and business contacts.<\/p>\n\n\n\n<h3 class=\"wp-block-heading\">INTELLECTUAL AND INDUSTRIAL PROPERTY:<\/h3>\n\n\n\n<p><a href=\"https:\/\/doctornelsoncaceres.es\/en\/\" target=\"_blank\" rel=\"noreferrer noopener\"><strong>doctornelsoncaceres.es<\/strong><\/a><strong>&nbsp;belonging to:<\/strong><\/p>\n\n\n\n<p><strong>Nelson Caceres Alfonso<\/strong><br>Calle Alonso Cano, 3 \u2013 posterior to M\u00f3stoles.<br>28933. Madrid.<br><strong>Tel.:<\/strong>&nbsp;604 812 064<br><strong>Email:<\/strong>&nbsp;<a href=\"mailto:info@doctornelsoncaceres.es\" target=\"_blank\" rel=\"noreferrer noopener\">info@doctornelsoncaceres.es<\/a><br><strong>Legal representative:<\/strong>&nbsp;Nelson Caceres Alfonso<br><strong>College data:<\/strong>&nbsp;<a href=\"https:\/\/www.icomem.es\/ventanilla-unica\/buscador-colegiados\/6150652826855039813\/306dad7eaf8f6b9be10d37a25ccec9f3\" target=\"_blank\" rel=\"noreferrer noopener nofollow\">Registered doctor with No.: 283508513 of the Illustrious Official College of Physicians of Madrid.<\/a><br><strong>Tax identification number:<\/strong>&nbsp;55006818H<\/p>\n\n\n\n<p>The intellectual property rights of the doctornelsoncaceres.es page, design, navigation structures and the different elements contained therein are owned by \u201cNelson C\u00e1ceres Alfonso\u201d, who is responsible for the exclusive exercise of the rights to exploit them in any form. and, especially, the rights of reproduction, distribution, public communication and transformation, in accordance with the applicable Spanish and European Union legislation.<\/p>\n\n\n\n<p>The website of \u201cConsulta M\u00e9dico Est\u00e9tica Dr. Nelson C\u00e1ceres\u201d, the pages it comprises and the information or elements contained therein, include texts, documents, photographs, drawings, graphic representations, computer programs, as well as logos, brands, names commercial signs, or other distinctive signs, protected by intellectual or industrial property rights, of which \u201cNelson C\u00e1ceres Alfonso\u201d is the owner or legitimate licensee.<\/p>\n\n\n\n<h4 class=\"wp-block-heading\">CONTENTS:<\/h4>\n\n\n\n<p>Information is provided through this website about products and services intended for public knowledge that in any case will be subject to the terms and conditions expressly detailed at all times and that are accessible from this website, which will be subject to the different provisions. applicable laws.<\/p>\n\n\n\n<h4 class=\"wp-block-heading\">ACCESS AND USE:<\/h4>\n\n\n\n<p>Both access to this website, and the use that may be made of the information and content included therein, will be the exclusive responsibility of whoever does so.<\/p>\n\n\n\n<p>The conditions of access to this website will be subject to current legislation and the principles of good faith and lawful use by the user, and any type of action to the detriment of \u201dNelson C\u00e1ceres Alfonso\u201d is generally prohibited.<\/p>\n\n\n\n<p>The use of this website for illegal or unauthorized purposes will be considered strictly prohibited.<\/p>\n\n\n\n<p>Any form of exploitation is prohibited, including all types of reproduction, distribution, transfer to third parties, public communication and transformation, by any type of support and medium, of the aforementioned works, creations and distinctive signs without prior and express authorization from their respective owners. Headlines. Failure to comply with this prohibition may constitute an offense punishable by current legislation.<\/p>\n\n\n\n<p>However, at their own risk and expense, the user may download or make a copy of such elements exclusively for their personal use, provided that they do not infringe any of the intellectual or industrial property rights of \u201dNelson C\u00e1ceres Alfonso\u201d, nor alter them in whole or in part. partially. In no case will this mean an authorization or license over the property rights of \u201cNelson C\u00e1ceres Alfonso\u201d.<\/p>\n\n\n\n<p>It is prohibited, except in cases expressly authorized by \u201dNelson C\u00e1ceres Alfonso\u201d, to present the pages of \u201cwww.doctornelsoncaceres.es\u201d, \u201cdoctornelsoncaceres.es\u201d, or the information contained therein under frames, distinctive signs, brands. or social or commercial names of another person, company or entity.<\/p>\n\n\n\n<h4 class=\"wp-block-heading\">RESPONSIBILITY:<\/h4>\n\n\n\n<p>\u201cNelson C\u00e1ceres Alfonso\u201d is not responsible under any circumstances for any type of damage that could be caused by users of this website, or to any other, due to the illegal or improper use of it, or of the contents and information accessible or provided to through it.<\/p>\n\n\n\n<h4 class=\"wp-block-heading\">SERVICE:<\/h4>\n\n\n\n<p>\u201cNelson C\u00e1ceres Alfonso\u201d reserves the right to suspend access to the website: psicologiacorbacho.es, without prior notice, on a discretionary and temporary basis, for technical or any other reasons, and may also unilaterally modify both the access conditions, as all or part of the contents included therein.<\/p>\n\n\n\n<h4 class=\"wp-block-heading\">GENERAL:<\/h4>\n\n\n\n<p>For any contentious issue or matter that concerns the website: doctornelsoncaceres.es, property of \u201cNelson C\u00e1ceres Alfonso\u201d, Spanish legislation will apply, being competent to resolve all conflicts arising from or related to the use of this website. , the Courts and Tribunals of M\u00f3stoles, province of Madrid. Access to the website \u201cdoctornelsoncaceres.es\u201d implies acceptance of all the conditions expressed above.<\/p>\n\n\n\n<h4 class=\"wp-block-heading\">HYPERLINKS:<\/h4>\n\n\n\n<p>The hyperlinks contained on the website: doctornelsoncaceres.es, property of \u201cNelson C\u00e1ceres Alfonso\u201d may direct to third-party web pages. \u201dNelson C\u00e1ceres Alfonso\u201d does not assume any responsibility for the content, information or services that may appear on said sites, which will be exclusively informative and that in no case imply any relationship between \u201cNelson C\u00e1ceres Alfonso\u201d and the persons or entities that own such sites. contents or headlines of the sites where they are found.<\/p>\n\n\n\n<h4 class=\"wp-block-heading\">USE OF COOKIES:<\/h4>\n\n\n\n<p>\u201cConsulta M\u00e9dico Est\u00e9tica Dr. Nelson C\u00e1ceres\u201d may use cookies when a user browses the web pages of the Website. Cookies are only associated with the browser of a specific computer (an anonymous user), and do not by themselves provide the user&#039;s first and last name. Thanks to cookies, it is possible for \u201cConsulta M\u00e9dico Est\u00e9tica Dr. Nelson C\u00e1ceres\u201d to recognize preferences on the contents of the website selected in previous visits by users, to be able to remember their preferences without having to select them again on subsequent visits.<\/p>\n\n\n\n<p>The user has the possibility of configuring their browser to be notified on the screen of the reception of cookies and to prevent the installation of cookies on their hard drive.<\/p>\n\n\n\n<p>Please consult your browser&#039;s instructions and manuals for more information. To use the website, it is not necessary for the user to allow the installation of cookies sent by \u201cConsulta M\u00e9dico Est\u00e9tica Dr. Nelson C\u00e1ceres\u201d, without prejudice to the fact that, in such case, it will be necessary for the user to make this selection in every time you visit the website.<\/p>","protected":false},"excerpt":{"rendered":"<p>OBJETO: La presente p\u00e1gina web ha sido dise\u00f1ada para dar a conocer y vender al p\u00fablico en general los servicios ofertados por la Consulta de Medicina Est\u00e9tica Dr. Nelson C\u00e1ceres, con domicilio en: Calle Alonso cano, n\u00famero 3 posterior, M\u00f3stoles, Madrid, C.P.: 28933, Espa\u00f1a; as\u00ed como para la recepci\u00f3n de posibles clientes y contactos comerciales. [&hellip;]<\/p>","protected":false},"author":1,"featured_media":0,"parent":569,"menu_order":0,"comment_status":"closed","ping_status":"closed","template":"","meta":{"_eb_attr":"","_joinchat":[],"footnotes":""},"categories":[14],"tags":[15],"class_list":["post-512","page","type-page","status-publish","hentry","category-legal","tag-page-legal-sidebar"],"yoast_head":"<!-- This site is optimized with the Yoast SEO Premium plugin v21.5 (Yoast SEO v24.6) - https:\/\/yoast.com\/wordpress\/plugins\/seo\/ -->\n<title>Aviso Legal - Doctor Nelson C\u00e1ceres<\/title>\n<meta name=\"robots\" content=\"index, follow, max-snippet:-1, max-image-preview:large, max-video-preview:-1\" \/>\n<link rel=\"canonical\" href=\"https:\/\/doctornelsoncaceres.es\/en\/informacion-legal\/legal-warning\/\" \/>\n<meta property=\"og:locale\" content=\"en_GB\" \/>\n<meta property=\"og:type\" content=\"article\" \/>\n<meta property=\"og:title\" content=\"Aviso Legal\" \/>\n<meta property=\"og:description\" content=\"OBJETO: La presente p\u00e1gina web ha sido dise\u00f1ada para dar a conocer y vender al p\u00fablico en general los servicios ofertados por la Consulta de Medicina Est\u00e9tica Dr. Nelson C\u00e1ceres, con domicilio en: Calle Alonso cano, n\u00famero 3 posterior, M\u00f3stoles, Madrid, C.P.: 28933, Espa\u00f1a; as\u00ed como para la recepci\u00f3n de posibles clientes y contactos comerciales. [&hellip;]\" \/>\n<meta property=\"og:url\" content=\"https:\/\/doctornelsoncaceres.es\/en\/informacion-legal\/legal-warning\/\" \/>\n<meta property=\"og:site_name\" content=\"Doctor Nelson C\u00e1ceres\" \/>\n<meta property=\"article:modified_time\" content=\"2023-11-23T14:02:10+00:00\" \/>\n<meta name=\"twitter:card\" content=\"summary_large_image\" \/>\n<meta name=\"twitter:label1\" content=\"Estimated reading time\" \/>\n\t<meta name=\"twitter:data1\" content=\"6 minutes\" \/>\n<script type=\"application\/ld+json\" class=\"yoast-schema-graph\">{\"@context\":\"https:\/\/schema.org\",\"@graph\":[{\"@type\":\"WebPage\",\"@id\":\"https:\/\/doctornelsoncaceres.es\/en\/informacion-legal\/legal-warning\/\",\"url\":\"https:\/\/doctornelsoncaceres.es\/en\/informacion-legal\/legal-warning\/\",\"name\":\"Aviso Legal - Doctor Nelson C\u00e1ceres\",\"isPartOf\":{\"@id\":\"https:\/\/doctornelsoncaceres.es\/en\/#website\"},\"datePublished\":\"2023-11-17T14:08:48+00:00\",\"dateModified\":\"2023-11-23T14:02:10+00:00\",\"breadcrumb\":{\"@id\":\"https:\/\/doctornelsoncaceres.es\/en\/informacion-legal\/legal-warning\/#breadcrumb\"},\"inLanguage\":\"en-GB\",\"potentialAction\":[{\"@type\":\"ReadAction\",\"target\":[\"https:\/\/doctornelsoncaceres.es\/en\/informacion-legal\/legal-warning\/\"]}]},{\"@type\":\"BreadcrumbList\",\"@id\":\"https:\/\/doctornelsoncaceres.es\/en\/informacion-legal\/legal-warning\/#breadcrumb\",\"itemListElement\":[{\"@type\":\"ListItem\",\"position\":1,\"name\":\"Portada\",\"item\":\"https:\/\/doctornelsoncaceres.es\/\"},{\"@type\":\"ListItem\",\"position\":2,\"name\":\"Informaci\u00f3n Legal\",\"item\":\"https:\/\/doctornelsoncaceres.es\/en\/informacion-legal\/\"},{\"@type\":\"ListItem\",\"position\":3,\"name\":\"Aviso Legal\"}]},{\"@type\":\"WebSite\",\"@id\":\"https:\/\/doctornelsoncaceres.es\/en\/#website\",\"url\":\"https:\/\/doctornelsoncaceres.es\/en\/\",\"name\":\"Doctor Nelson C\u00e1ceres\",\"description\":\"Consulta de medicina est\u00e9tica en M\u00f3stoles\",\"alternateName\":\"Dr Nelson C\u00e1ceres\",\"potentialAction\":[{\"@type\":\"SearchAction\",\"target\":{\"@type\":\"EntryPoint\",\"urlTemplate\":\"https:\/\/doctornelsoncaceres.es\/en\/?s={search_term_string}\"},\"query-input\":{\"@type\":\"PropertyValueSpecification\",\"valueRequired\":true,\"valueName\":\"search_term_string\"}}],\"inLanguage\":\"en-GB\"}]}<\/script>\n<!-- \/ Yoast SEO Premium plugin. -->","yoast_head_json":{"title":"Aviso Legal - Doctor Nelson C\u00e1ceres","robots":{"index":"index","follow":"follow","max-snippet":"max-snippet:-1","max-image-preview":"max-image-preview:large","max-video-preview":"max-video-preview:-1"},"canonical":"https:\/\/doctornelsoncaceres.es\/en\/informacion-legal\/legal-warning\/","og_locale":"en_GB","og_type":"article","og_title":"Aviso Legal","og_description":"OBJETO: La presente p\u00e1gina web ha sido dise\u00f1ada para dar a conocer y vender al p\u00fablico en general los servicios ofertados por la Consulta de Medicina Est\u00e9tica Dr. Nelson C\u00e1ceres, con domicilio en: Calle Alonso cano, n\u00famero 3 posterior, M\u00f3stoles, Madrid, C.P.: 28933, Espa\u00f1a; as\u00ed como para la recepci\u00f3n de posibles clientes y contactos comerciales. [&hellip;]","og_url":"https:\/\/doctornelsoncaceres.es\/en\/informacion-legal\/legal-warning\/","og_site_name":"Doctor Nelson C\u00e1ceres","article_modified_time":"2023-11-23T14:02:10+00:00","twitter_card":"summary_large_image","twitter_misc":{"Estimated reading time":"6 minutes"},"schema":{"@context":"https:\/\/schema.org","@graph":[{"@type":"WebPage","@id":"https:\/\/doctornelsoncaceres.es\/en\/informacion-legal\/legal-warning\/","url":"https:\/\/doctornelsoncaceres.es\/en\/informacion-legal\/legal-warning\/","name":"Aviso Legal - Doctor Nelson C\u00e1ceres","isPartOf":{"@id":"https:\/\/doctornelsoncaceres.es\/en\/#website"},"datePublished":"2023-11-17T14:08:48+00:00","dateModified":"2023-11-23T14:02:10+00:00","breadcrumb":{"@id":"https:\/\/doctornelsoncaceres.es\/en\/informacion-legal\/legal-warning\/#breadcrumb"},"inLanguage":"en-GB","potentialAction":[{"@type":"ReadAction","target":["https:\/\/doctornelsoncaceres.es\/en\/informacion-legal\/legal-warning\/"]}]},{"@type":"BreadcrumbList","@id":"https:\/\/doctornelsoncaceres.es\/en\/informacion-legal\/legal-warning\/#breadcrumb","itemListElement":[{"@type":"ListItem","position":1,"name":"Portada","item":"https:\/\/doctornelsoncaceres.es\/"},{"@type":"ListItem","position":2,"name":"Informaci\u00f3n Legal","item":"https:\/\/doctornelsoncaceres.es\/en\/informacion-legal\/"},{"@type":"ListItem","position":3,"name":"Aviso Legal"}]},{"@type":"WebSite","@id":"https:\/\/doctornelsoncaceres.es\/en\/#website","url":"https:\/\/doctornelsoncaceres.es\/en\/","name":"Doctor Nelson C\u00e1ceres","description":"Consulta de medicina est\u00e9tica en M\u00f3stoles","alternateName":"Dr Nelson C\u00e1ceres","potentialAction":[{"@type":"SearchAction","target":{"@type":"EntryPoint","urlTemplate":"https:\/\/doctornelsoncaceres.es\/en\/?s={search_term_string}"},"query-input":{"@type":"PropertyValueSpecification","valueRequired":true,"valueName":"search_term_string"}}],"inLanguage":"en-GB"}]}},"_links":{"self":[{"href":"https:\/\/doctornelsoncaceres.es\/en\/wp-json\/wp\/v2\/pages\/512","targetHints":{"allow":["GET"]}}],"collection":[{"href":"https:\/\/doctornelsoncaceres.es\/en\/wp-json\/wp\/v2\/pages"}],"about":[{"href":"https:\/\/doctornelsoncaceres.es\/en\/wp-json\/wp\/v2\/types\/page"}],"author":[{"embeddable":true,"href":"https:\/\/doctornelsoncaceres.es\/en\/wp-json\/wp\/v2\/users\/1"}],"replies":[{"embeddable":true,"href":"https:\/\/doctornelsoncaceres.es\/en\/wp-json\/wp\/v2\/comments?post=512"}],"version-history":[{"count":3,"href":"https:\/\/doctornelsoncaceres.es\/en\/wp-json\/wp\/v2\/pages\/512\/revisions"}],"predecessor-version":[{"id":544,"href":"https:\/\/doctornelsoncaceres.es\/en\/wp-json\/wp\/v2\/pages\/512\/revisions\/544"}],"up":[{"embeddable":true,"href":"https:\/\/doctornelsoncaceres.es\/en\/wp-json\/wp\/v2\/pages\/569"}],"wp:attachment":[{"href":"https:\/\/doctornelsoncaceres.es\/en\/wp-json\/wp\/v2\/media?parent=512"}],"wp:term":[{"taxonomy":"category","embeddable":true,"href":"https:\/\/doctornelsoncaceres.es\/en\/wp-json\/wp\/v2\/categories?post=512"},{"taxonomy":"post_tag","embeddable":true,"href":"https:\/\/doctornelsoncaceres.es\/en\/wp-json\/wp\/v2\/tags?post=512"}],"curies":[{"name":"wp","href":"https:\/\/api.w.org\/{rel}","templated":true}]}}