{"id":567,"date":"2023-11-23T13:58:04","date_gmt":"2023-11-23T13:58:04","guid":{"rendered":"https:\/\/dev.doctornelsoncaceres.es\/?page_id=567"},"modified":"2025-02-28T13:39:04","modified_gmt":"2025-02-28T13:39:04","slug":"tratamientos","status":"publish","type":"page","link":"https:\/\/doctornelsoncaceres.es\/en\/tratamientos\/","title":{"rendered":"Treatments"},"content":{"rendered":"","protected":false},"excerpt":{"rendered":"","protected":false},"author":1,"featured_media":0,"parent":0,"menu_order":0,"comment_status":"closed","ping_status":"closed","template":"","meta":{"_eb_attr":"","_joinchat":[],"footnotes":""},"categories":[19],"tags":[10],"class_list":["post-567","page","type-page","status-publish","hentry","category-tratamientos","tag-page-content-sidebar"],"yoast_head":"<!-- This site is optimized with the Yoast SEO Premium plugin v21.5 (Yoast SEO v24.6) - https:\/\/yoast.com\/wordpress\/plugins\/seo\/ -->\n<title>Tratamientos - Doctor Nelson C\u00e1ceres<\/title>\n<meta name=\"robots\" content=\"noindex, follow\" \/>\n<meta property=\"og:locale\" content=\"en_GB\" \/>\n<meta property=\"og:type\" content=\"article\" \/>\n<meta property=\"og:title\" content=\"Tratamientos\" \/>\n<meta property=\"og:url\" content=\"https:\/\/doctornelsoncaceres.es\/en\/tratamientos\/\" \/>\n<meta property=\"og:site_name\" content=\"Doctor Nelson C\u00e1ceres\" \/>\n<meta property=\"article:modified_time\" content=\"2025-02-28T13:39:04+00:00\" \/>\n<meta name=\"twitter:card\" content=\"summary_large_image\" \/>\n<script type=\"application\/ld+json\" class=\"yoast-schema-graph\">{\"@context\":\"https:\/\/schema.org\",\"@graph\":[{\"@type\":\"WebPage\",\"@id\":\"https:\/\/doctornelsoncaceres.es\/tratamientos\/\",\"url\":\"https:\/\/doctornelsoncaceres.es\/tratamientos\/\",\"name\":\"Tratamientos - Doctor Nelson C\u00e1ceres\",\"isPartOf\":{\"@id\":\"https:\/\/doctornelsoncaceres.es\/en\/#website\"},\"datePublished\":\"2023-11-23T13:58:04+00:00\",\"dateModified\":\"2025-02-28T13:39:04+00:00\",\"breadcrumb\":{\"@id\":\"https:\/\/doctornelsoncaceres.es\/tratamientos\/#breadcrumb\"},\"inLanguage\":\"en-GB\",\"potentialAction\":[{\"@type\":\"ReadAction\",\"target\":[\"https:\/\/doctornelsoncaceres.es\/tratamientos\/\"]}]},{\"@type\":\"BreadcrumbList\",\"@id\":\"https:\/\/doctornelsoncaceres.es\/tratamientos\/#breadcrumb\",\"itemListElement\":[{\"@type\":\"ListItem\",\"position\":1,\"name\":\"Portada\",\"item\":\"https:\/\/doctornelsoncaceres.es\/\"},{\"@type\":\"ListItem\",\"position\":2,\"name\":\"Tratamientos\"}]},{\"@type\":\"WebSite\",\"@id\":\"https:\/\/doctornelsoncaceres.es\/en\/#website\",\"url\":\"https:\/\/doctornelsoncaceres.es\/en\/\",\"name\":\"Doctor Nelson C\u00e1ceres\",\"description\":\"Consulta de medicina est\u00e9tica en M\u00f3stoles\",\"alternateName\":\"Dr Nelson C\u00e1ceres\",\"potentialAction\":[{\"@type\":\"SearchAction\",\"target\":{\"@type\":\"EntryPoint\",\"urlTemplate\":\"https:\/\/doctornelsoncaceres.es\/en\/?s={search_term_string}\"},\"query-input\":{\"@type\":\"PropertyValueSpecification\",\"valueRequired\":true,\"valueName\":\"search_term_string\"}}],\"inLanguage\":\"en-GB\"}]}<\/script>\n<!-- \/ Yoast SEO Premium plugin. -->","yoast_head_json":{"title":"Tratamientos - Doctor Nelson C\u00e1ceres","robots":{"index":"noindex","follow":"follow"},"og_locale":"en_GB","og_type":"article","og_title":"Tratamientos","og_url":"https:\/\/doctornelsoncaceres.es\/en\/tratamientos\/","og_site_name":"Doctor Nelson C\u00e1ceres","article_modified_time":"2025-02-28T13:39:04+00:00","twitter_card":"summary_large_image","schema":{"@context":"https:\/\/schema.org","@graph":[{"@type":"WebPage","@id":"https:\/\/doctornelsoncaceres.es\/tratamientos\/","url":"https:\/\/doctornelsoncaceres.es\/tratamientos\/","name":"Tratamientos - Doctor Nelson C\u00e1ceres","isPartOf":{"@id":"https:\/\/doctornelsoncaceres.es\/en\/#website"},"datePublished":"2023-11-23T13:58:04+00:00","dateModified":"2025-02-28T13:39:04+00:00","breadcrumb":{"@id":"https:\/\/doctornelsoncaceres.es\/tratamientos\/#breadcrumb"},"inLanguage":"en-GB","potentialAction":[{"@type":"ReadAction","target":["https:\/\/doctornelsoncaceres.es\/tratamientos\/"]}]},{"@type":"BreadcrumbList","@id":"https:\/\/doctornelsoncaceres.es\/tratamientos\/#breadcrumb","itemListElement":[{"@type":"ListItem","position":1,"name":"Portada","item":"https:\/\/doctornelsoncaceres.es\/"},{"@type":"ListItem","position":2,"name":"Tratamientos"}]},{"@type":"WebSite","@id":"https:\/\/doctornelsoncaceres.es\/en\/#website","url":"https:\/\/doctornelsoncaceres.es\/en\/","name":"Doctor Nelson C\u00e1ceres","description":"Consulta de medicina est\u00e9tica en M\u00f3stoles","alternateName":"Dr Nelson C\u00e1ceres","potentialAction":[{"@type":"SearchAction","target":{"@type":"EntryPoint","urlTemplate":"https:\/\/doctornelsoncaceres.es\/en\/?s={search_term_string}"},"query-input":{"@type":"PropertyValueSpecification","valueRequired":true,"valueName":"search_term_string"}}],"inLanguage":"en-GB"}]}},"_links":{"self":[{"href":"https:\/\/doctornelsoncaceres.es\/en\/wp-json\/wp\/v2\/pages\/567","targetHints":{"allow":["GET"]}}],"collection":[{"href":"https:\/\/doctornelsoncaceres.es\/en\/wp-json\/wp\/v2\/pages"}],"about":[{"href":"https:\/\/doctornelsoncaceres.es\/en\/wp-json\/wp\/v2\/types\/page"}],"author":[{"embeddable":true,"href":"https:\/\/doctornelsoncaceres.es\/en\/wp-json\/wp\/v2\/users\/1"}],"replies":[{"embeddable":true,"href":"https:\/\/doctornelsoncaceres.es\/en\/wp-json\/wp\/v2\/comments?post=567"}],"version-history":[{"count":2,"href":"https:\/\/doctornelsoncaceres.es\/en\/wp-json\/wp\/v2\/pages\/567\/revisions"}],"predecessor-version":[{"id":1284,"href":"https:\/\/doctornelsoncaceres.es\/en\/wp-json\/wp\/v2\/pages\/567\/revisions\/1284"}],"wp:attachment":[{"href":"https:\/\/doctornelsoncaceres.es\/en\/wp-json\/wp\/v2\/media?parent=567"}],"wp:term":[{"taxonomy":"category","embeddable":true,"href":"https:\/\/doctornelsoncaceres.es\/en\/wp-json\/wp\/v2\/categories?post=567"},{"taxonomy":"post_tag","embeddable":true,"href":"https:\/\/doctornelsoncaceres.es\/en\/wp-json\/wp\/v2\/tags?post=567"}],"curies":[{"name":"wp","href":"https:\/\/api.w.org\/{rel}","templated":true}]}}