{"id":815,"date":"2024-01-23T18:39:06","date_gmt":"2024-01-23T18:39:06","guid":{"rendered":"https:\/\/www.doctornelsoncaceres.es\/?page_id=815"},"modified":"2024-01-24T12:19:23","modified_gmt":"2024-01-24T12:19:23","slug":"nelson-caceres-alfonso","status":"publish","type":"page","link":"https:\/\/doctornelsoncaceres.es\/en\/nelson-caceres-alfonso\/","title":{"rendered":"Nelson Caceres Alfonso"},"content":{"rendered":"<div data-elementor-type=\"wp-page\" data-elementor-id=\"815\" class=\"elementor elementor-815\" data-elementor-post-type=\"page\">\n\t\t\t\t<div data-particle_enable=\"false\" data-particle-mobile-disabled=\"false\" class=\"elementor-element elementor-element-2492bae e-con-full e-flex e-con e-parent\" data-id=\"2492bae\" data-element_type=\"container\">\n\t\t<div data-particle_enable=\"false\" data-particle-mobile-disabled=\"false\" class=\"elementor-element elementor-element-b55abb0 e-con-full e-flex e-con e-child\" data-id=\"b55abb0\" data-element_type=\"container\">\n\t\t\t\t<div class=\"elementor-element elementor-element-8e0d786 elementor-widget elementor-widget-heading\" data-id=\"8e0d786\" data-element_type=\"widget\" data-widget_type=\"heading.default\">\n\t\t\t\t<div class=\"elementor-widget-container\">\n\t\t\t\t\t<h2 class=\"elementor-heading-title elementor-size-default\">Nelson Caceres Alfonso<\/h2>\t\t\t\t<\/div>\n\t\t\t\t<\/div>\n\t\t\t\t<div class=\"elementor-element elementor-element-56d7f40 elementor-widget elementor-widget-heading\" data-id=\"56d7f40\" data-element_type=\"widget\" data-widget_type=\"heading.default\">\n\t\t\t\t<div class=\"elementor-widget-container\">\n\t\t\t\t\t<h2 class=\"elementor-heading-title elementor-size-default\">BACHELOR OF MEDICINE, SPECIALIST IN AESTHETIC MEDICINE<\/h2>\t\t\t\t<\/div>\n\t\t\t\t<\/div>\n\t\t\t\t<div class=\"elementor-element elementor-element-9cfedf7 elementor-widget elementor-widget-text-editor\" data-id=\"9cfedf7\" data-element_type=\"widget\" data-widget_type=\"text-editor.default\">\n\t\t\t\t<div class=\"elementor-widget-container\">\n\t\t\t\t\t\t\t\t\t<p data-pm-slice=\"1 1 []\">My name is Nelson C\u00e1ceres Alfonso, I am currently an aesthetic doctor. I was born in Cuba, an island full of color and joy that taught me the value of family, solidarity and the little things in life. Since I was very young I have been passionate about personal care and helping people feel better. I studied medicine at <a href=\"https:\/\/instituciones.sld.cu\/ucmvc\/facultad-de-medicina\/\" target=\"_blank\" rel=\"noopener\">Faculty of Medicine of the University of Medical Sciences of Villa Clara<\/a> where I learned the fundamentals of science and medical practice.<\/p><p>My dream was to continue training and growing as a professional, that&#039;s why I decided to start a new life in Spain to expand my knowledge and experiences. In this beautiful country I discovered my vocation for aesthetic medicine. It was then when I began to train as an aesthetic doctor through a Master&#039;s Degree in Aesthetic Medicine, Nutrition and Anti-Aging as a bridge to a medical specialization that I was very excited about since I would begin to treat my patients from a medical basis, but focusing more in enhancing beauty and delaying the aging process, developing the art of beautifying and harmonizing, improving people&#039;s appearance and self-esteem. I have continuously carried out various training courses to date, in which I have learned the most advanced and effective techniques to offer my patients the best results, always with safety, quality and ethics.<\/p><p>I am a registered doctor with Membership Number: <a href=\"https:\/\/www.icomem.es\/ventanilla-unica\/buscador-colegiados\/6150652826855039813\/306dad7eaf8f6b9be10d37a25ccec9f3\" target=\"_blank\" rel=\"noopener\">283508513 of the Illustrious Official College of Physicians of Madrid<\/a>.<\/p><p>My goal is to help you feel good about yourself by highlighting your natural beauty, improving your health and well-being. Because for me, aesthetic medicine is not just a profession, it is a passion and a form of expression.<\/p>\t\t\t\t\t\t\t\t<\/div>\n\t\t\t\t<\/div>\n\t\t\t\t<\/div>\n\t\t<div data-particle_enable=\"false\" data-particle-mobile-disabled=\"false\" class=\"elementor-element elementor-element-2d6ccc5 e-con-full e-flex e-con e-child\" data-id=\"2d6ccc5\" data-element_type=\"container\">\n\t\t\t\t<div class=\"elementor-element elementor-element-da41454 elementor-widget elementor-widget-image\" data-id=\"da41454\" data-element_type=\"widget\" data-widget_type=\"image.default\">\n\t\t\t\t<div class=\"elementor-widget-container\">\n\t\t\t\t\t\t\t\t\t\t\t\t\t\t\t<img fetchpriority=\"high\" decoding=\"async\" width=\"900\" height=\"1350\" src=\"https:\/\/doctornelsoncaceres.es\/wp-content\/uploads\/2024\/01\/doctor-nelson-caceres-alfonso.jpg\" class=\"attachment-full size-full wp-image-866\" alt=\"Image of Doctor Nelson C\u00e1ceres Alfonso in his aesthetic medicine consultation in M\u00f3stoles, Madrid.\" srcset=\"https:\/\/doctornelsoncaceres.es\/wp-content\/uploads\/2024\/01\/doctor-nelson-caceres-alfonso.jpg 900w, https:\/\/doctornelsoncaceres.es\/wp-content\/uploads\/2024\/01\/doctor-nelson-caceres-alfonso-200x300.jpg 200w, https:\/\/doctornelsoncaceres.es\/wp-content\/uploads\/2024\/01\/doctor-nelson-caceres-alfonso-683x1024.jpg 683w, https:\/\/doctornelsoncaceres.es\/wp-content\/uploads\/2024\/01\/doctor-nelson-caceres-alfonso-768x1152.jpg 768w\" sizes=\"(max-width: 900px) 100vw, 900px\" \/>\t\t\t\t\t\t\t\t\t\t\t\t\t\t\t<\/div>\n\t\t\t\t<\/div>\n\t\t\t\t<\/div>\n\t\t\t\t<\/div>\n\t\t<div data-particle_enable=\"false\" data-particle-mobile-disabled=\"false\" class=\"elementor-element elementor-element-c114b82 e-flex e-con-boxed e-con e-parent\" data-id=\"c114b82\" data-element_type=\"container\">\n\t\t\t\t\t<div class=\"e-con-inner\">\n\t\t\t\t<div class=\"elementor-element elementor-element-70ceada elementor-widget elementor-widget-image\" data-id=\"70ceada\" data-element_type=\"widget\" data-widget_type=\"image.default\">\n\t\t\t\t<div class=\"elementor-widget-container\">\n\t\t\t\t\t\t\t\t\t\t\t\t\t\t\t<img decoding=\"async\" width=\"300\" height=\"54\" src=\"https:\/\/doctornelsoncaceres.es\/wp-content\/uploads\/2024\/01\/Logo_doctoralia-300x54.png\" class=\"attachment-medium size-medium wp-image-867\" alt=\"\" srcset=\"https:\/\/doctornelsoncaceres.es\/wp-content\/uploads\/2024\/01\/Logo_doctoralia-300x54.png 300w, https:\/\/doctornelsoncaceres.es\/wp-content\/uploads\/2024\/01\/Logo_doctoralia-1024x186.png 1024w, https:\/\/doctornelsoncaceres.es\/wp-content\/uploads\/2024\/01\/Logo_doctoralia-768x139.png 768w, https:\/\/doctornelsoncaceres.es\/wp-content\/uploads\/2024\/01\/Logo_doctoralia-1536x279.png 1536w, https:\/\/doctornelsoncaceres.es\/wp-content\/uploads\/2024\/01\/Logo_doctoralia-2048x372.png 2048w\" sizes=\"(max-width: 300px) 100vw, 300px\" \/>\t\t\t\t\t\t\t\t\t\t\t\t\t\t\t<\/div>\n\t\t\t\t<\/div>\n\t\t\t\t<div class=\"elementor-element elementor-element-ca83406 elementor-widget elementor-widget-image\" data-id=\"ca83406\" data-element_type=\"widget\" data-widget_type=\"image.default\">\n\t\t\t\t<div class=\"elementor-widget-container\">\n\t\t\t\t\t\t\t\t\t\t\t\t\t\t\t\t<a href=\"https:\/\/www.doctoralia.es\/nelson-caceres-alfonso\/medico-general-medico-estetico\/mostoles#address-id=%5B250765%5D&#038;filters%5Bspecializations%5D%5B%5D=33\" target=\"_blank\" rel=\"nofollow\">\n\t\t\t\t\t\t\t<img decoding=\"async\" width=\"550\" height=\"158\" src=\"https:\/\/doctornelsoncaceres.es\/wp-content\/uploads\/2024\/01\/perfildoctoralia.png\" class=\"attachment-large size-large wp-image-868\" alt=\"\" srcset=\"https:\/\/doctornelsoncaceres.es\/wp-content\/uploads\/2024\/01\/perfildoctoralia.png 550w, https:\/\/doctornelsoncaceres.es\/wp-content\/uploads\/2024\/01\/perfildoctoralia-300x86.png 300w\" sizes=\"(max-width: 550px) 100vw, 550px\" \/>\t\t\t\t\t\t\t\t<\/a>\n\t\t\t\t\t\t\t\t\t\t\t\t\t\t\t<\/div>\n\t\t\t\t<\/div>\n\t\t\t\t<div class=\"elementor-element elementor-element-7a6babe elementor-widget elementor-widget-image\" data-id=\"7a6babe\" data-element_type=\"widget\" data-widget_type=\"image.default\">\n\t\t\t\t<div class=\"elementor-widget-container\">\n\t\t\t\t\t\t\t\t\t\t\t\t\t\t\t\t<a href=\"https:\/\/www.icomem.es\/ventanilla-unica\/buscador-colegiados\/6150652826855039813\/306dad7eaf8f6b9be10d37a25ccec9f3\" target=\"_blank\" rel=\"nofollow\">\n\t\t\t\t\t\t\t<img loading=\"lazy\" decoding=\"async\" width=\"550\" height=\"160\" src=\"https:\/\/doctornelsoncaceres.es\/wp-content\/uploads\/2024\/01\/MEDICO-COLEGIADO.jpg\" class=\"attachment-large size-large wp-image-869\" alt=\"\" srcset=\"https:\/\/doctornelsoncaceres.es\/wp-content\/uploads\/2024\/01\/MEDICO-COLEGIADO.jpg 550w, https:\/\/doctornelsoncaceres.es\/wp-content\/uploads\/2024\/01\/MEDICO-COLEGIADO-300x87.jpg 300w\" sizes=\"(max-width: 550px) 100vw, 550px\" \/>\t\t\t\t\t\t\t\t<\/a>\n\t\t\t\t\t\t\t\t\t\t\t\t\t\t\t<\/div>\n\t\t\t\t<\/div>\n\t\t\t\t\t<\/div>\n\t\t\t\t<\/div>\n\t\t\t\t<\/div>","protected":false},"excerpt":{"rendered":"<p>Nelson C\u00e1ceres Alfonso LICENCIADO EN MEDICINA, ESPECIALISTA EN MEDICINA EST\u00c9TICA Mi nombre es Nelson C\u00e1ceres Alfonso, actualmente soy m\u00e9dico est\u00e9tico. Nac\u00ed en Cuba, una isla llena de color y alegr\u00eda que me ense\u00f1\u00f3 el valor de la familia, la solidaridad y de las peque\u00f1as cosas de la vida. Desde muy joven\u00a0 me apasiona el cuidado [&hellip;]<\/p>","protected":false},"author":1,"featured_media":0,"parent":0,"menu_order":0,"comment_status":"closed","ping_status":"closed","template":"elementor_header_footer","meta":{"_eb_attr":"","_joinchat":[],"footnotes":""},"categories":[],"tags":[],"class_list":["post-815","page","type-page","status-publish","hentry"],"yoast_head":"<!-- This site is optimized with the Yoast SEO Premium plugin v21.5 (Yoast SEO v24.6) - https:\/\/yoast.com\/wordpress\/plugins\/seo\/ -->\n<title>Nelson C\u00e1ceres Alfonso - Doctor Nelson C\u00e1ceres<\/title>\n<meta name=\"robots\" content=\"index, follow, max-snippet:-1, max-image-preview:large, max-video-preview:-1\" \/>\n<link rel=\"canonical\" href=\"https:\/\/doctornelsoncaceres.es\/en\/nelson-caceres-alfonso\/\" \/>\n<meta property=\"og:locale\" content=\"en_GB\" \/>\n<meta property=\"og:type\" content=\"article\" \/>\n<meta property=\"og:title\" content=\"Nelson C\u00e1ceres Alfonso\" \/>\n<meta property=\"og:description\" content=\"Nelson C\u00e1ceres Alfonso LICENCIADO EN MEDICINA, ESPECIALISTA EN MEDICINA EST\u00c9TICA Mi nombre es Nelson C\u00e1ceres Alfonso, actualmente soy m\u00e9dico est\u00e9tico. Nac\u00ed en Cuba, una isla llena de color y alegr\u00eda que me ense\u00f1\u00f3 el valor de la familia, la solidaridad y de las peque\u00f1as cosas de la vida. Desde muy joven\u00a0 me apasiona el cuidado [&hellip;]\" \/>\n<meta property=\"og:url\" content=\"https:\/\/doctornelsoncaceres.es\/en\/nelson-caceres-alfonso\/\" \/>\n<meta property=\"og:site_name\" content=\"Doctor Nelson C\u00e1ceres\" \/>\n<meta property=\"article:modified_time\" content=\"2024-01-24T12:19:23+00:00\" \/>\n<meta property=\"og:image\" content=\"https:\/\/www.doctornelsoncaceres.es\/wp-content\/uploads\/2024\/01\/doctor-nelson-caceres-alfonso.jpg\" \/>\n<meta name=\"twitter:card\" content=\"summary_large_image\" \/>\n<meta name=\"twitter:label1\" content=\"Estimated reading time\" \/>\n\t<meta name=\"twitter:data1\" content=\"3 minutes\" \/>\n<script type=\"application\/ld+json\" class=\"yoast-schema-graph\">{\"@context\":\"https:\/\/schema.org\",\"@graph\":[{\"@type\":\"WebPage\",\"@id\":\"https:\/\/doctornelsoncaceres.es\/en\/nelson-caceres-alfonso\/\",\"url\":\"https:\/\/doctornelsoncaceres.es\/en\/nelson-caceres-alfonso\/\",\"name\":\"Nelson C\u00e1ceres Alfonso - Doctor Nelson C\u00e1ceres\",\"isPartOf\":{\"@id\":\"https:\/\/doctornelsoncaceres.es\/en\/#website\"},\"primaryImageOfPage\":{\"@id\":\"https:\/\/doctornelsoncaceres.es\/en\/nelson-caceres-alfonso\/#primaryimage\"},\"image\":{\"@id\":\"https:\/\/doctornelsoncaceres.es\/en\/nelson-caceres-alfonso\/#primaryimage\"},\"thumbnailUrl\":\"https:\/\/www.doctornelsoncaceres.es\/wp-content\/uploads\/2024\/01\/doctor-nelson-caceres-alfonso.jpg\",\"datePublished\":\"2024-01-23T18:39:06+00:00\",\"dateModified\":\"2024-01-24T12:19:23+00:00\",\"breadcrumb\":{\"@id\":\"https:\/\/doctornelsoncaceres.es\/en\/nelson-caceres-alfonso\/#breadcrumb\"},\"inLanguage\":\"en-GB\",\"potentialAction\":[{\"@type\":\"ReadAction\",\"target\":[\"https:\/\/doctornelsoncaceres.es\/en\/nelson-caceres-alfonso\/\"]}]},{\"@type\":\"ImageObject\",\"inLanguage\":\"en-GB\",\"@id\":\"https:\/\/doctornelsoncaceres.es\/en\/nelson-caceres-alfonso\/#primaryimage\",\"url\":\"https:\/\/www.doctornelsoncaceres.es\/wp-content\/uploads\/2024\/01\/doctor-nelson-caceres-alfonso.jpg\",\"contentUrl\":\"https:\/\/www.doctornelsoncaceres.es\/wp-content\/uploads\/2024\/01\/doctor-nelson-caceres-alfonso.jpg\"},{\"@type\":\"BreadcrumbList\",\"@id\":\"https:\/\/doctornelsoncaceres.es\/en\/nelson-caceres-alfonso\/#breadcrumb\",\"itemListElement\":[{\"@type\":\"ListItem\",\"position\":1,\"name\":\"Portada\",\"item\":\"https:\/\/doctornelsoncaceres.es\/\"},{\"@type\":\"ListItem\",\"position\":2,\"name\":\"Nelson C\u00e1ceres Alfonso\"}]},{\"@type\":\"WebSite\",\"@id\":\"https:\/\/doctornelsoncaceres.es\/en\/#website\",\"url\":\"https:\/\/doctornelsoncaceres.es\/en\/\",\"name\":\"Doctor Nelson C\u00e1ceres\",\"description\":\"Consulta de medicina est\u00e9tica en M\u00f3stoles\",\"alternateName\":\"Dr Nelson C\u00e1ceres\",\"potentialAction\":[{\"@type\":\"SearchAction\",\"target\":{\"@type\":\"EntryPoint\",\"urlTemplate\":\"https:\/\/doctornelsoncaceres.es\/en\/?s={search_term_string}\"},\"query-input\":{\"@type\":\"PropertyValueSpecification\",\"valueRequired\":true,\"valueName\":\"search_term_string\"}}],\"inLanguage\":\"en-GB\"}]}<\/script>\n<!-- \/ Yoast SEO Premium plugin. -->","yoast_head_json":{"title":"Nelson C\u00e1ceres Alfonso - Doctor Nelson C\u00e1ceres","robots":{"index":"index","follow":"follow","max-snippet":"max-snippet:-1","max-image-preview":"max-image-preview:large","max-video-preview":"max-video-preview:-1"},"canonical":"https:\/\/doctornelsoncaceres.es\/en\/nelson-caceres-alfonso\/","og_locale":"en_GB","og_type":"article","og_title":"Nelson C\u00e1ceres Alfonso","og_description":"Nelson C\u00e1ceres Alfonso LICENCIADO EN MEDICINA, ESPECIALISTA EN MEDICINA EST\u00c9TICA Mi nombre es Nelson C\u00e1ceres Alfonso, actualmente soy m\u00e9dico est\u00e9tico. Nac\u00ed en Cuba, una isla llena de color y alegr\u00eda que me ense\u00f1\u00f3 el valor de la familia, la solidaridad y de las peque\u00f1as cosas de la vida. Desde muy joven\u00a0 me apasiona el cuidado [&hellip;]","og_url":"https:\/\/doctornelsoncaceres.es\/en\/nelson-caceres-alfonso\/","og_site_name":"Doctor Nelson C\u00e1ceres","article_modified_time":"2024-01-24T12:19:23+00:00","og_image":[{"url":"https:\/\/www.doctornelsoncaceres.es\/wp-content\/uploads\/2024\/01\/doctor-nelson-caceres-alfonso.jpg","type":"","width":"","height":""}],"twitter_card":"summary_large_image","twitter_misc":{"Estimated reading time":"3 minutes"},"schema":{"@context":"https:\/\/schema.org","@graph":[{"@type":"WebPage","@id":"https:\/\/doctornelsoncaceres.es\/en\/nelson-caceres-alfonso\/","url":"https:\/\/doctornelsoncaceres.es\/en\/nelson-caceres-alfonso\/","name":"Nelson C\u00e1ceres Alfonso - Doctor Nelson C\u00e1ceres","isPartOf":{"@id":"https:\/\/doctornelsoncaceres.es\/en\/#website"},"primaryImageOfPage":{"@id":"https:\/\/doctornelsoncaceres.es\/en\/nelson-caceres-alfonso\/#primaryimage"},"image":{"@id":"https:\/\/doctornelsoncaceres.es\/en\/nelson-caceres-alfonso\/#primaryimage"},"thumbnailUrl":"https:\/\/www.doctornelsoncaceres.es\/wp-content\/uploads\/2024\/01\/doctor-nelson-caceres-alfonso.jpg","datePublished":"2024-01-23T18:39:06+00:00","dateModified":"2024-01-24T12:19:23+00:00","breadcrumb":{"@id":"https:\/\/doctornelsoncaceres.es\/en\/nelson-caceres-alfonso\/#breadcrumb"},"inLanguage":"en-GB","potentialAction":[{"@type":"ReadAction","target":["https:\/\/doctornelsoncaceres.es\/en\/nelson-caceres-alfonso\/"]}]},{"@type":"ImageObject","inLanguage":"en-GB","@id":"https:\/\/doctornelsoncaceres.es\/en\/nelson-caceres-alfonso\/#primaryimage","url":"https:\/\/www.doctornelsoncaceres.es\/wp-content\/uploads\/2024\/01\/doctor-nelson-caceres-alfonso.jpg","contentUrl":"https:\/\/www.doctornelsoncaceres.es\/wp-content\/uploads\/2024\/01\/doctor-nelson-caceres-alfonso.jpg"},{"@type":"BreadcrumbList","@id":"https:\/\/doctornelsoncaceres.es\/en\/nelson-caceres-alfonso\/#breadcrumb","itemListElement":[{"@type":"ListItem","position":1,"name":"Portada","item":"https:\/\/doctornelsoncaceres.es\/"},{"@type":"ListItem","position":2,"name":"Nelson C\u00e1ceres Alfonso"}]},{"@type":"WebSite","@id":"https:\/\/doctornelsoncaceres.es\/en\/#website","url":"https:\/\/doctornelsoncaceres.es\/en\/","name":"Doctor Nelson C\u00e1ceres","description":"Consulta de medicina est\u00e9tica en M\u00f3stoles","alternateName":"Dr Nelson C\u00e1ceres","potentialAction":[{"@type":"SearchAction","target":{"@type":"EntryPoint","urlTemplate":"https:\/\/doctornelsoncaceres.es\/en\/?s={search_term_string}"},"query-input":{"@type":"PropertyValueSpecification","valueRequired":true,"valueName":"search_term_string"}}],"inLanguage":"en-GB"}]}},"_links":{"self":[{"href":"https:\/\/doctornelsoncaceres.es\/en\/wp-json\/wp\/v2\/pages\/815","targetHints":{"allow":["GET"]}}],"collection":[{"href":"https:\/\/doctornelsoncaceres.es\/en\/wp-json\/wp\/v2\/pages"}],"about":[{"href":"https:\/\/doctornelsoncaceres.es\/en\/wp-json\/wp\/v2\/types\/page"}],"author":[{"embeddable":true,"href":"https:\/\/doctornelsoncaceres.es\/en\/wp-json\/wp\/v2\/users\/1"}],"replies":[{"embeddable":true,"href":"https:\/\/doctornelsoncaceres.es\/en\/wp-json\/wp\/v2\/comments?post=815"}],"version-history":[{"count":11,"href":"https:\/\/doctornelsoncaceres.es\/en\/wp-json\/wp\/v2\/pages\/815\/revisions"}],"predecessor-version":[{"id":915,"href":"https:\/\/doctornelsoncaceres.es\/en\/wp-json\/wp\/v2\/pages\/815\/revisions\/915"}],"wp:attachment":[{"href":"https:\/\/doctornelsoncaceres.es\/en\/wp-json\/wp\/v2\/media?parent=815"}],"wp:term":[{"taxonomy":"category","embeddable":true,"href":"https:\/\/doctornelsoncaceres.es\/en\/wp-json\/wp\/v2\/categories?post=815"},{"taxonomy":"post_tag","embeddable":true,"href":"https:\/\/doctornelsoncaceres.es\/en\/wp-json\/wp\/v2\/tags?post=815"}],"curies":[{"name":"wp","href":"https:\/\/api.w.org\/{rel}","templated":true}]}}