{"id":928,"date":"2024-03-20T17:28:11","date_gmt":"2024-03-20T17:28:11","guid":{"rendered":"https:\/\/www.doctornelsoncaceres.es\/?page_id=928"},"modified":"2025-03-07T08:42:59","modified_gmt":"2025-03-07T08:42:59","slug":"dermapen","status":"publish","type":"page","link":"https:\/\/doctornelsoncaceres.es\/en\/tratamientos\/leather-quality\/dermapen\/","title":{"rendered":"Dermapen"},"content":{"rendered":"<h2 class=\"wp-block-heading\" id=\"h-hidrata-rejuvenece-y-reafirma-el-tejido-cutaneo-de-forma-inmediata\">Moisturizes, rejuvenates and firms skin tissue immediately.<\/h2>\n\n\n\n<p>He <strong>Microneedling or Micropuncture<\/strong>, also know as <strong>Dermapen<\/strong> It is a non-invasive aesthetic treatment, which consists of performing micropunctures in the skin using a device with micro needles. These needles generate channels through which the different active ingredients penetrate, such as vitamin complexes enriched with hyaluronic acid, applications of platelet-rich plasma and growth factors, etc., which have rejuvenating properties. Many people go to beauty clinics looking for a treatment to rejuvenate their skin, and microneedling may be what they need. Below, we detail all the characteristics and benefits of this treatment.<\/p>\n\n\n\n<figure class=\"wp-block-image size-full\"><img fetchpriority=\"high\" decoding=\"async\" width=\"1680\" height=\"765\" src=\"https:\/\/www.doctornelsoncaceres.es\/wp-content\/uploads\/2024\/03\/dermapen-doctornelsoncaceres.es_.jpg\" alt=\"Image of a dermapen treatment.\" class=\"wp-image-931\" srcset=\"https:\/\/doctornelsoncaceres.es\/wp-content\/uploads\/2024\/03\/dermapen-doctornelsoncaceres.es_.jpg 1680w, https:\/\/doctornelsoncaceres.es\/wp-content\/uploads\/2024\/03\/dermapen-doctornelsoncaceres.es_-300x137.jpg 300w, https:\/\/doctornelsoncaceres.es\/wp-content\/uploads\/2024\/03\/dermapen-doctornelsoncaceres.es_-1024x466.jpg 1024w, https:\/\/doctornelsoncaceres.es\/wp-content\/uploads\/2024\/03\/dermapen-doctornelsoncaceres.es_-768x350.jpg 768w, https:\/\/doctornelsoncaceres.es\/wp-content\/uploads\/2024\/03\/dermapen-doctornelsoncaceres.es_-1536x699.jpg 1536w, https:\/\/doctornelsoncaceres.es\/wp-content\/uploads\/2024\/03\/dermapen-doctornelsoncaceres.es_-18x8.jpg 18w\" sizes=\"(max-width: 1680px) 100vw, 1680px\" \/><\/figure>\n\n\n\n<h3 class=\"wp-block-heading\">Benefits of Dermapen or Microneedling<\/h3>\n\n\n\n<ul class=\"wp-block-list\">\n<li><strong>Hydration and Luminosity: <\/strong>The microchannels created in the skin facilitate transdermal absorption of restructuring and regenerating active ingredients.<\/li>\n\n\n\n<li><strong>Firming: <\/strong>The production of elastin and collagen is increased, increasing the density and firmness of the skin.<\/li>\n\n\n\n<li><strong>It is used for the treatment of acne scars.<\/strong><\/li>\n\n\n\n<li><strong>Reduces pore dilation.<\/strong><\/li>\n\n\n\n<li><strong>Reduces stretch marks.<\/strong><\/li>\n\n\n\n<li><strong>Reduces wrinkles.<\/strong><\/li>\n<\/ul>\n\n\n\n<h3 class=\"wp-block-heading\" id=\"h-otros-tratamientos-de-calidad-de-piel\">Other quality skin treatments<\/h3>\n\n\n<ul class=\"wp-block-page-list\"><li class=\"wp-block-pages-list__item\"><a class=\"wp-block-pages-list__item__link\" href=\"https:\/\/doctornelsoncaceres.es\/en\/tratamientos\/leather-quality\/dermapen\/\">Dermapen<\/a><\/li><li class=\"wp-block-pages-list__item\"><a class=\"wp-block-pages-list__item__link\" href=\"https:\/\/doctornelsoncaceres.es\/en\/tratamientos\/leather-quality\/collagen-inducers\/\">collagen stimulators<\/a><\/li><li class=\"wp-block-pages-list__item\"><a class=\"wp-block-pages-list__item__link\" href=\"https:\/\/doctornelsoncaceres.es\/en\/tratamientos\/leather-quality\/plasma-laser\/\">plasma laser<\/a><\/li><li class=\"wp-block-pages-list__item\"><a class=\"wp-block-pages-list__item__link\" href=\"https:\/\/doctornelsoncaceres.es\/en\/tratamientos\/leather-quality\/oxyplus\/\">OxyPlus: deep hygiene and skin hydration.<\/a><\/li><li class=\"wp-block-pages-list__item\"><a class=\"wp-block-pages-list__item__link\" href=\"https:\/\/doctornelsoncaceres.es\/en\/tratamientos\/leather-quality\/rejuvenecimiento-cuello-y-escote\/\">Neck and d\u00e9collet\u00e9 rejuvenation with hyaluronic acid<\/a><\/li><li class=\"wp-block-pages-list__item\"><a class=\"wp-block-pages-list__item__link\" href=\"https:\/\/doctornelsoncaceres.es\/en\/tratamientos\/leather-quality\/rejuvenecimiento-del-dorso-de-las-manos\/\">Rejuvenation of the back of the hands<\/a><\/li><li class=\"wp-block-pages-list__item\"><a class=\"wp-block-pages-list__item__link\" href=\"https:\/\/doctornelsoncaceres.es\/en\/tratamientos\/leather-quality\/revitalizacion-dermica-facial\/\">Facial dermal revitalization<\/a><\/li><li class=\"wp-block-pages-list__item\"><a class=\"wp-block-pages-list__item__link\" href=\"https:\/\/doctornelsoncaceres.es\/en\/tratamientos\/leather-quality\/mesoterapia-facial\/\">facial mesotherapy<\/a><\/li><li class=\"wp-block-pages-list__item\"><a class=\"wp-block-pages-list__item__link\" href=\"https:\/\/doctornelsoncaceres.es\/en\/tratamientos\/leather-quality\/peeling-quimico-medico\/\">Medical chemical peel<\/a><\/li><li class=\"wp-block-pages-list__item\"><a class=\"wp-block-pages-list__item__link\" href=\"https:\/\/doctornelsoncaceres.es\/en\/tratamientos\/leather-quality\/plasma-rico-en-plaquetas\/\">Platelet rich plasma (PRP)<\/a><\/li><\/ul>","protected":false},"excerpt":{"rendered":"<p>Many people go to beauty clinics looking for a treatment to rejuvenate their skin, and microneedling may be what they need.<\/p>","protected":false},"author":1,"featured_media":933,"parent":722,"menu_order":-10,"comment_status":"closed","ping_status":"closed","template":"","meta":{"_eb_attr":"","_joinchat":[],"footnotes":""},"categories":[21,19],"tags":[10,12],"class_list":["post-928","page","type-page","status-publish","has-post-thumbnail","hentry","category-calidad-de-piel","category-tratamientos","tag-page-content-sidebar","tag-tratamiento"],"yoast_head":"<!-- This site is optimized with the Yoast SEO Premium plugin v21.5 (Yoast SEO v24.6) - https:\/\/yoast.com\/wordpress\/plugins\/seo\/ -->\n<title>Dermapen o Microneedling - Doctor Nelson C\u00e1ceres<\/title>\n<meta name=\"description\" content=\"El Dermapen, Microneedling o Micropunci\u00f3n, es un tratamiento est\u00e9tico no invasivo, que consiste en la realizaci\u00f3n de micropunciones.\" \/>\n<meta name=\"robots\" content=\"index, follow, max-snippet:-1, max-image-preview:large, max-video-preview:-1\" \/>\n<link rel=\"canonical\" href=\"https:\/\/doctornelsoncaceres.es\/en\/tratamientos\/leather-quality\/dermapen\/\" \/>\n<meta property=\"og:locale\" content=\"en_GB\" \/>\n<meta property=\"og:type\" content=\"article\" \/>\n<meta property=\"og:title\" content=\"Dermapen\" \/>\n<meta property=\"og:description\" content=\"El Dermapen, Microneedling o Micropunci\u00f3n, es un tratamiento est\u00e9tico no invasivo, que consiste en la realizaci\u00f3n de micropunciones.\" \/>\n<meta property=\"og:url\" content=\"https:\/\/doctornelsoncaceres.es\/en\/tratamientos\/leather-quality\/dermapen\/\" \/>\n<meta property=\"og:site_name\" content=\"Doctor Nelson C\u00e1ceres\" \/>\n<meta property=\"article:modified_time\" content=\"2025-03-07T08:42:59+00:00\" \/>\n<meta property=\"og:image\" content=\"https:\/\/doctornelsoncaceres.es\/wp-content\/uploads\/2024\/03\/dermapen-doctornelsoncaceres.jpg\" \/>\n\t<meta property=\"og:image:width\" content=\"800\" \/>\n\t<meta property=\"og:image:height\" content=\"800\" \/>\n\t<meta property=\"og:image:type\" content=\"image\/jpeg\" \/>\n<meta name=\"twitter:card\" content=\"summary_large_image\" \/>\n<meta name=\"twitter:label1\" content=\"Estimated reading time\" \/>\n\t<meta name=\"twitter:data1\" content=\"2 minutes\" \/>\n<script type=\"application\/ld+json\" class=\"yoast-schema-graph\">{\"@context\":\"https:\/\/schema.org\",\"@graph\":[{\"@type\":\"WebPage\",\"@id\":\"https:\/\/doctornelsoncaceres.es\/tratamientos\/calidad-de-piel\/dermapen\/\",\"url\":\"https:\/\/doctornelsoncaceres.es\/tratamientos\/calidad-de-piel\/dermapen\/\",\"name\":\"Dermapen o Microneedling - Doctor Nelson C\u00e1ceres\",\"isPartOf\":{\"@id\":\"https:\/\/doctornelsoncaceres.es\/en\/#website\"},\"primaryImageOfPage\":{\"@id\":\"https:\/\/doctornelsoncaceres.es\/tratamientos\/calidad-de-piel\/dermapen\/#primaryimage\"},\"image\":{\"@id\":\"https:\/\/doctornelsoncaceres.es\/tratamientos\/calidad-de-piel\/dermapen\/#primaryimage\"},\"thumbnailUrl\":\"https:\/\/doctornelsoncaceres.es\/wp-content\/uploads\/2024\/03\/dermapen-doctornelsoncaceres.jpg\",\"datePublished\":\"2024-03-20T17:28:11+00:00\",\"dateModified\":\"2025-03-07T08:42:59+00:00\",\"description\":\"El Dermapen, Microneedling o Micropunci\u00f3n, es un tratamiento est\u00e9tico no invasivo, que consiste en la realizaci\u00f3n de micropunciones.\",\"breadcrumb\":{\"@id\":\"https:\/\/doctornelsoncaceres.es\/tratamientos\/calidad-de-piel\/dermapen\/#breadcrumb\"},\"inLanguage\":\"en-GB\",\"potentialAction\":[{\"@type\":\"ReadAction\",\"target\":[\"https:\/\/doctornelsoncaceres.es\/tratamientos\/calidad-de-piel\/dermapen\/\"]}]},{\"@type\":\"ImageObject\",\"inLanguage\":\"en-GB\",\"@id\":\"https:\/\/doctornelsoncaceres.es\/tratamientos\/calidad-de-piel\/dermapen\/#primaryimage\",\"url\":\"https:\/\/doctornelsoncaceres.es\/wp-content\/uploads\/2024\/03\/dermapen-doctornelsoncaceres.jpg\",\"contentUrl\":\"https:\/\/doctornelsoncaceres.es\/wp-content\/uploads\/2024\/03\/dermapen-doctornelsoncaceres.jpg\",\"width\":800,\"height\":800,\"caption\":\"Dermapen, hidrata, rejuvenece y reafirma el tejido cut\u00e1neo.\"},{\"@type\":\"BreadcrumbList\",\"@id\":\"https:\/\/doctornelsoncaceres.es\/tratamientos\/calidad-de-piel\/dermapen\/#breadcrumb\",\"itemListElement\":[{\"@type\":\"ListItem\",\"position\":1,\"name\":\"Portada\",\"item\":\"https:\/\/doctornelsoncaceres.es\/\"},{\"@type\":\"ListItem\",\"position\":2,\"name\":\"Tratamientos\",\"item\":\"https:\/\/doctornelsoncaceres.es\/tratamientos\/\"},{\"@type\":\"ListItem\",\"position\":3,\"name\":\"Calidad de piel\",\"item\":\"https:\/\/doctornelsoncaceres.es\/tratamientos\/calidad-de-piel\/\"},{\"@type\":\"ListItem\",\"position\":4,\"name\":\"Dermapen\"}]},{\"@type\":\"WebSite\",\"@id\":\"https:\/\/doctornelsoncaceres.es\/en\/#website\",\"url\":\"https:\/\/doctornelsoncaceres.es\/en\/\",\"name\":\"Doctor Nelson C\u00e1ceres\",\"description\":\"Consulta de medicina est\u00e9tica en M\u00f3stoles\",\"alternateName\":\"Dr Nelson C\u00e1ceres\",\"potentialAction\":[{\"@type\":\"SearchAction\",\"target\":{\"@type\":\"EntryPoint\",\"urlTemplate\":\"https:\/\/doctornelsoncaceres.es\/en\/?s={search_term_string}\"},\"query-input\":{\"@type\":\"PropertyValueSpecification\",\"valueRequired\":true,\"valueName\":\"search_term_string\"}}],\"inLanguage\":\"en-GB\"}]}<\/script>\n<!-- \/ Yoast SEO Premium plugin. -->","yoast_head_json":{"title":"Dermapen o Microneedling - Doctor Nelson C\u00e1ceres","description":"El Dermapen, Microneedling o Micropunci\u00f3n, es un tratamiento est\u00e9tico no invasivo, que consiste en la realizaci\u00f3n de micropunciones.","robots":{"index":"index","follow":"follow","max-snippet":"max-snippet:-1","max-image-preview":"max-image-preview:large","max-video-preview":"max-video-preview:-1"},"canonical":"https:\/\/doctornelsoncaceres.es\/en\/tratamientos\/leather-quality\/dermapen\/","og_locale":"en_GB","og_type":"article","og_title":"Dermapen","og_description":"El Dermapen, Microneedling o Micropunci\u00f3n, es un tratamiento est\u00e9tico no invasivo, que consiste en la realizaci\u00f3n de micropunciones.","og_url":"https:\/\/doctornelsoncaceres.es\/en\/tratamientos\/leather-quality\/dermapen\/","og_site_name":"Doctor Nelson C\u00e1ceres","article_modified_time":"2025-03-07T08:42:59+00:00","og_image":[{"width":800,"height":800,"url":"https:\/\/doctornelsoncaceres.es\/wp-content\/uploads\/2024\/03\/dermapen-doctornelsoncaceres.jpg","type":"image\/jpeg"}],"twitter_card":"summary_large_image","twitter_misc":{"Estimated reading time":"2 minutes"},"schema":{"@context":"https:\/\/schema.org","@graph":[{"@type":"WebPage","@id":"https:\/\/doctornelsoncaceres.es\/tratamientos\/calidad-de-piel\/dermapen\/","url":"https:\/\/doctornelsoncaceres.es\/tratamientos\/calidad-de-piel\/dermapen\/","name":"Dermapen o Microneedling - Doctor Nelson C\u00e1ceres","isPartOf":{"@id":"https:\/\/doctornelsoncaceres.es\/en\/#website"},"primaryImageOfPage":{"@id":"https:\/\/doctornelsoncaceres.es\/tratamientos\/calidad-de-piel\/dermapen\/#primaryimage"},"image":{"@id":"https:\/\/doctornelsoncaceres.es\/tratamientos\/calidad-de-piel\/dermapen\/#primaryimage"},"thumbnailUrl":"https:\/\/doctornelsoncaceres.es\/wp-content\/uploads\/2024\/03\/dermapen-doctornelsoncaceres.jpg","datePublished":"2024-03-20T17:28:11+00:00","dateModified":"2025-03-07T08:42:59+00:00","description":"El Dermapen, Microneedling o Micropunci\u00f3n, es un tratamiento est\u00e9tico no invasivo, que consiste en la realizaci\u00f3n de micropunciones.","breadcrumb":{"@id":"https:\/\/doctornelsoncaceres.es\/tratamientos\/calidad-de-piel\/dermapen\/#breadcrumb"},"inLanguage":"en-GB","potentialAction":[{"@type":"ReadAction","target":["https:\/\/doctornelsoncaceres.es\/tratamientos\/calidad-de-piel\/dermapen\/"]}]},{"@type":"ImageObject","inLanguage":"en-GB","@id":"https:\/\/doctornelsoncaceres.es\/tratamientos\/calidad-de-piel\/dermapen\/#primaryimage","url":"https:\/\/doctornelsoncaceres.es\/wp-content\/uploads\/2024\/03\/dermapen-doctornelsoncaceres.jpg","contentUrl":"https:\/\/doctornelsoncaceres.es\/wp-content\/uploads\/2024\/03\/dermapen-doctornelsoncaceres.jpg","width":800,"height":800,"caption":"Dermapen, hidrata, rejuvenece y reafirma el tejido cut\u00e1neo."},{"@type":"BreadcrumbList","@id":"https:\/\/doctornelsoncaceres.es\/tratamientos\/calidad-de-piel\/dermapen\/#breadcrumb","itemListElement":[{"@type":"ListItem","position":1,"name":"Portada","item":"https:\/\/doctornelsoncaceres.es\/"},{"@type":"ListItem","position":2,"name":"Tratamientos","item":"https:\/\/doctornelsoncaceres.es\/tratamientos\/"},{"@type":"ListItem","position":3,"name":"Calidad de piel","item":"https:\/\/doctornelsoncaceres.es\/tratamientos\/calidad-de-piel\/"},{"@type":"ListItem","position":4,"name":"Dermapen"}]},{"@type":"WebSite","@id":"https:\/\/doctornelsoncaceres.es\/en\/#website","url":"https:\/\/doctornelsoncaceres.es\/en\/","name":"Doctor Nelson C\u00e1ceres","description":"Consulta de medicina est\u00e9tica en M\u00f3stoles","alternateName":"Dr Nelson C\u00e1ceres","potentialAction":[{"@type":"SearchAction","target":{"@type":"EntryPoint","urlTemplate":"https:\/\/doctornelsoncaceres.es\/en\/?s={search_term_string}"},"query-input":{"@type":"PropertyValueSpecification","valueRequired":true,"valueName":"search_term_string"}}],"inLanguage":"en-GB"}]}},"_links":{"self":[{"href":"https:\/\/doctornelsoncaceres.es\/en\/wp-json\/wp\/v2\/pages\/928","targetHints":{"allow":["GET"]}}],"collection":[{"href":"https:\/\/doctornelsoncaceres.es\/en\/wp-json\/wp\/v2\/pages"}],"about":[{"href":"https:\/\/doctornelsoncaceres.es\/en\/wp-json\/wp\/v2\/types\/page"}],"author":[{"embeddable":true,"href":"https:\/\/doctornelsoncaceres.es\/en\/wp-json\/wp\/v2\/users\/1"}],"replies":[{"embeddable":true,"href":"https:\/\/doctornelsoncaceres.es\/en\/wp-json\/wp\/v2\/comments?post=928"}],"version-history":[{"count":4,"href":"https:\/\/doctornelsoncaceres.es\/en\/wp-json\/wp\/v2\/pages\/928\/revisions"}],"predecessor-version":[{"id":1325,"href":"https:\/\/doctornelsoncaceres.es\/en\/wp-json\/wp\/v2\/pages\/928\/revisions\/1325"}],"up":[{"embeddable":true,"href":"https:\/\/doctornelsoncaceres.es\/en\/wp-json\/wp\/v2\/pages\/722"}],"wp:featuredmedia":[{"embeddable":true,"href":"https:\/\/doctornelsoncaceres.es\/en\/wp-json\/wp\/v2\/media\/933"}],"wp:attachment":[{"href":"https:\/\/doctornelsoncaceres.es\/en\/wp-json\/wp\/v2\/media?parent=928"}],"wp:term":[{"taxonomy":"category","embeddable":true,"href":"https:\/\/doctornelsoncaceres.es\/en\/wp-json\/wp\/v2\/categories?post=928"},{"taxonomy":"post_tag","embeddable":true,"href":"https:\/\/doctornelsoncaceres.es\/en\/wp-json\/wp\/v2\/tags?post=928"}],"curies":[{"name":"wp","href":"https:\/\/api.w.org\/{rel}","templated":true}]}}