{"id":939,"date":"2024-03-20T18:11:55","date_gmt":"2024-03-20T18:11:55","guid":{"rendered":"https:\/\/www.doctornelsoncaceres.es\/?page_id=939"},"modified":"2025-03-07T08:46:22","modified_gmt":"2025-03-07T08:46:22","slug":"estimuladores-de-colageno","status":"publish","type":"page","link":"https:\/\/doctornelsoncaceres.es\/en\/tratamientos\/leather-quality\/collagen-inducers\/","title":{"rendered":"collagen stimulators"},"content":{"rendered":"<h3 class=\"wp-block-heading\">What is lifting without surgery?<\/h3>\n\n\n\n<p>Lifting without surgery or <strong>radiesse liquid lifting<\/strong> It is a collagen inducer for the skin used to reduce the effect of wrinkles and folds, providing an immediate lifting effect and stimulating collagen production naturally.<\/p>\n\n\n\n<h3 class=\"wp-block-heading\">What is Radiesse?<\/h3>\n\n\n\n<p>This treatment <strong>consists of injecting calcium hydroxyapatite into the dermis<\/strong> providing firmness to the skin since its microspheres stimulate collagen production and the generation of new tissue <strong>increasing internal stretch in infiltrated areas<\/strong>.<\/p>\n\n\n\n<figure class=\"wp-block-image size-full\"><img fetchpriority=\"high\" decoding=\"async\" width=\"900\" height=\"600\" src=\"https:\/\/www.doctornelsoncaceres.es\/wp-content\/uploads\/2024\/03\/radiesse-doctornelsoncaceres.jpg\" alt=\"\" class=\"wp-image-941\" srcset=\"https:\/\/doctornelsoncaceres.es\/wp-content\/uploads\/2024\/03\/radiesse-doctornelsoncaceres.jpg 900w, https:\/\/doctornelsoncaceres.es\/wp-content\/uploads\/2024\/03\/radiesse-doctornelsoncaceres-300x200.jpg 300w, https:\/\/doctornelsoncaceres.es\/wp-content\/uploads\/2024\/03\/radiesse-doctornelsoncaceres-768x512.jpg 768w, https:\/\/doctornelsoncaceres.es\/wp-content\/uploads\/2024\/03\/radiesse-doctornelsoncaceres-18x12.jpg 18w\" sizes=\"(max-width: 900px) 100vw, 900px\" \/><\/figure>\n\n\n\n<p><br>This is one of the safest fillers, considered in aesthetic medicine as <strong>the most suitable product to treat facial sagging<\/strong>. It is completely reabsorbed and thanks to its viscosity, it does not migrate and maintains the natural expression of the face.<\/p>\n\n\n\n<p><strong>For more complete results, apply mixed with hyaluronic acid.<\/strong> providing the above described plus the properties of hyaluronic acid, leaving the skin smooth, supported, revitalized and hydrated.<\/p>\n\n\n\n<p><strong>Thanks to it we can achieve:<\/strong><\/p>\n\n\n\n<ul class=\"wp-block-list\">\n<li><strong>A facial lifting effect without surgery<\/strong>.<\/li>\n\n\n\n<li><strong>Correct wrinkles<\/strong> superficial and deep providing volume.<\/li>\n\n\n\n<li><strong>Smooth wrinkles and folds<\/strong> around the nose and mouth, including the nasolabial folds.<\/li>\n\n\n\n<li><strong>Volumize<\/strong> the cheekbones or the chin.<\/li>\n\n\n\n<li>Disguise the double chin through vector augmentation.<\/li>\n\n\n\n<li>Improve skin quality thanks to collagen stimulation.<\/li>\n\n\n\n<li><strong>Marking of the mandibular arch<\/strong>.<\/li>\n<\/ul>\n\n\n\n<p><\/p>\n\n\n\n<p style=\"font-size:28px\"><strong>Other collagen inducers<\/strong><\/p>\n\n\n\n<h3 class=\"wp-block-heading\" id=\"h-que-es-karisma-rh-collagen\">WHAT IS KARISMA RH COLLAGEN?<\/h3>\n\n\n\n<p><strong>Karisma is an injectable and resorbable medical product<\/strong>, is a soft and bioreparative filler, as it naturally restores pre-aging conditions, acting on the rejuvenation of the extracellular matrix.<\/p>\n\n\n\n<p>This is guaranteed by a studied and calibrated dosage of its ingredients that allows a long-lasting and prolonged effect.<\/p>\n\n\n\n<h3 class=\"wp-block-heading\" id=\"h-para-que-esta-indicado\">WHAT IS IT INDICATED FOR? <\/h3>\n\n\n\n<p><strong>Correction of facial skin defects<\/strong> due to skin aging. <strong>Volume Loss Fix<\/strong>. <strong>Reduction of skin imperfections<\/strong> of the face or lips. <strong>Redefinition of the facial contour<\/strong> (when there is especially unstructured subcutaneous tissue). <strong>Filling small scars<\/strong> post-traumatic and\/or surgical (for example, acne scars).<\/p>\n\n\n\n<p><strong>Increases the production of procollagen C peptide type 1 in fibroblasts<\/strong>. This type of peptide facilitates procollagen molecules to adopt a triple helix conformation within the endoplasmic reticulum. <strong>Has an anti-aging effect on the dermis<\/strong>: inhibits the action of the hyaluronidase enzyme and preserves endogenous hyaluronic acid, and while it remains in the tissues, it continues to carry out its deep hydration and tissue repair activity. <strong>Participates in the creation of a favorable environment for the proliferation and metabolism of fibroblasts<\/strong>.<\/p>\n\n\n\n<h3 class=\"wp-block-heading\" id=\"h-otros-tratamientos-de-calidad-de-piel\">Other quality skin treatments<\/h3>\n\n\n<ul class=\"wp-block-page-list\"><li class=\"wp-block-pages-list__item\"><a class=\"wp-block-pages-list__item__link\" href=\"https:\/\/doctornelsoncaceres.es\/en\/tratamientos\/leather-quality\/dermapen\/\">Dermapen<\/a><\/li><li class=\"wp-block-pages-list__item\"><a class=\"wp-block-pages-list__item__link\" href=\"https:\/\/doctornelsoncaceres.es\/en\/tratamientos\/leather-quality\/collagen-inducers\/\">collagen stimulators<\/a><\/li><li class=\"wp-block-pages-list__item\"><a class=\"wp-block-pages-list__item__link\" href=\"https:\/\/doctornelsoncaceres.es\/en\/tratamientos\/leather-quality\/plasma-laser\/\">plasma laser<\/a><\/li><li class=\"wp-block-pages-list__item\"><a class=\"wp-block-pages-list__item__link\" href=\"https:\/\/doctornelsoncaceres.es\/en\/tratamientos\/leather-quality\/oxyplus\/\">OxyPlus: deep hygiene and skin hydration.<\/a><\/li><li class=\"wp-block-pages-list__item\"><a class=\"wp-block-pages-list__item__link\" href=\"https:\/\/doctornelsoncaceres.es\/en\/tratamientos\/leather-quality\/rejuvenecimiento-cuello-y-escote\/\">Neck and d\u00e9collet\u00e9 rejuvenation with hyaluronic acid<\/a><\/li><li class=\"wp-block-pages-list__item\"><a class=\"wp-block-pages-list__item__link\" href=\"https:\/\/doctornelsoncaceres.es\/en\/tratamientos\/leather-quality\/rejuvenecimiento-del-dorso-de-las-manos\/\">Rejuvenation of the back of the hands<\/a><\/li><li class=\"wp-block-pages-list__item\"><a class=\"wp-block-pages-list__item__link\" href=\"https:\/\/doctornelsoncaceres.es\/en\/tratamientos\/leather-quality\/revitalizacion-dermica-facial\/\">Facial dermal revitalization<\/a><\/li><li class=\"wp-block-pages-list__item\"><a class=\"wp-block-pages-list__item__link\" href=\"https:\/\/doctornelsoncaceres.es\/en\/tratamientos\/leather-quality\/mesoterapia-facial\/\">facial mesotherapy<\/a><\/li><li class=\"wp-block-pages-list__item\"><a class=\"wp-block-pages-list__item__link\" href=\"https:\/\/doctornelsoncaceres.es\/en\/tratamientos\/leather-quality\/peeling-quimico-medico\/\">Medical chemical peel<\/a><\/li><li class=\"wp-block-pages-list__item\"><a class=\"wp-block-pages-list__item__link\" href=\"https:\/\/doctornelsoncaceres.es\/en\/tratamientos\/leather-quality\/plasma-rico-en-plaquetas\/\">Platelet rich plasma (PRP)<\/a><\/li><\/ul>","protected":false},"excerpt":{"rendered":"<p>Radiesse is one of the safest fillers, considered in aesthetic medicine as the most suitable product to treat facial sagging. It is completely reabsorbed and thanks to its viscosity, it does not migrate and maintains the natural expression of the face.<\/p>","protected":false},"author":1,"featured_media":948,"parent":722,"menu_order":-10,"comment_status":"closed","ping_status":"closed","template":"","meta":{"_eb_attr":"","_joinchat":[],"footnotes":""},"categories":[21,19],"tags":[10,12],"class_list":["post-939","page","type-page","status-publish","has-post-thumbnail","hentry","category-calidad-de-piel","category-tratamientos","tag-page-content-sidebar","tag-tratamiento"],"yoast_head":"<!-- This site is optimized with the Yoast SEO Premium plugin v21.5 (Yoast SEO v24.6) - https:\/\/yoast.com\/wordpress\/plugins\/seo\/ -->\n<title>Estimuladores de col\u00e1geno, el lifting sin cirug\u00eda - Doctor Nelson C\u00e1ceres<\/title>\n<meta name=\"description\" content=\"Lifting sin cirug\u00eda o lifting l\u00edquido radiesse es un inductor de col\u00e1geno para la piel usado para atenuar el efecto de las arrugas y pliegues.\" \/>\n<meta name=\"robots\" content=\"index, follow, max-snippet:-1, max-image-preview:large, max-video-preview:-1\" \/>\n<link rel=\"canonical\" href=\"https:\/\/doctornelsoncaceres.es\/en\/tratamientos\/leather-quality\/collagen-inducers\/\" \/>\n<meta property=\"og:locale\" content=\"en_GB\" \/>\n<meta property=\"og:type\" content=\"article\" \/>\n<meta property=\"og:title\" content=\"Estimuladores de col\u00e1geno\" \/>\n<meta property=\"og:description\" content=\"Lifting sin cirug\u00eda o lifting l\u00edquido radiesse es un inductor de col\u00e1geno para la piel usado para atenuar el efecto de las arrugas y pliegues.\" \/>\n<meta property=\"og:url\" content=\"https:\/\/doctornelsoncaceres.es\/en\/tratamientos\/leather-quality\/collagen-inducers\/\" \/>\n<meta property=\"og:site_name\" content=\"Doctor Nelson C\u00e1ceres\" \/>\n<meta property=\"article:modified_time\" content=\"2025-03-07T08:46:22+00:00\" \/>\n<meta property=\"og:image\" content=\"https:\/\/doctornelsoncaceres.es\/wp-content\/uploads\/2024\/03\/inductor-de-colageno-doctornelsoncaceres.jpg\" \/>\n\t<meta property=\"og:image:width\" content=\"800\" \/>\n\t<meta property=\"og:image:height\" content=\"800\" \/>\n\t<meta property=\"og:image:type\" content=\"image\/jpeg\" \/>\n<meta name=\"twitter:card\" content=\"summary_large_image\" \/>\n<meta name=\"twitter:label1\" content=\"Estimated reading time\" \/>\n\t<meta name=\"twitter:data1\" content=\"3 minutes\" \/>\n<script type=\"application\/ld+json\" class=\"yoast-schema-graph\">{\"@context\":\"https:\/\/schema.org\",\"@graph\":[{\"@type\":\"WebPage\",\"@id\":\"https:\/\/doctornelsoncaceres.es\/tratamientos\/calidad-de-piel\/estimuladores-de-colageno\/\",\"url\":\"https:\/\/doctornelsoncaceres.es\/tratamientos\/calidad-de-piel\/estimuladores-de-colageno\/\",\"name\":\"Estimuladores de col\u00e1geno, el lifting sin cirug\u00eda - Doctor Nelson C\u00e1ceres\",\"isPartOf\":{\"@id\":\"https:\/\/doctornelsoncaceres.es\/en\/#website\"},\"primaryImageOfPage\":{\"@id\":\"https:\/\/doctornelsoncaceres.es\/tratamientos\/calidad-de-piel\/estimuladores-de-colageno\/#primaryimage\"},\"image\":{\"@id\":\"https:\/\/doctornelsoncaceres.es\/tratamientos\/calidad-de-piel\/estimuladores-de-colageno\/#primaryimage\"},\"thumbnailUrl\":\"https:\/\/doctornelsoncaceres.es\/wp-content\/uploads\/2024\/03\/inductor-de-colageno-doctornelsoncaceres.jpg\",\"datePublished\":\"2024-03-20T18:11:55+00:00\",\"dateModified\":\"2025-03-07T08:46:22+00:00\",\"description\":\"Lifting sin cirug\u00eda o lifting l\u00edquido radiesse es un inductor de col\u00e1geno para la piel usado para atenuar el efecto de las arrugas y pliegues.\",\"breadcrumb\":{\"@id\":\"https:\/\/doctornelsoncaceres.es\/tratamientos\/calidad-de-piel\/estimuladores-de-colageno\/#breadcrumb\"},\"inLanguage\":\"en-GB\",\"potentialAction\":[{\"@type\":\"ReadAction\",\"target\":[\"https:\/\/doctornelsoncaceres.es\/tratamientos\/calidad-de-piel\/estimuladores-de-colageno\/\"]}]},{\"@type\":\"ImageObject\",\"inLanguage\":\"en-GB\",\"@id\":\"https:\/\/doctornelsoncaceres.es\/tratamientos\/calidad-de-piel\/estimuladores-de-colageno\/#primaryimage\",\"url\":\"https:\/\/doctornelsoncaceres.es\/wp-content\/uploads\/2024\/03\/inductor-de-colageno-doctornelsoncaceres.jpg\",\"contentUrl\":\"https:\/\/doctornelsoncaceres.es\/wp-content\/uploads\/2024\/03\/inductor-de-colageno-doctornelsoncaceres.jpg\",\"width\":800,\"height\":800,\"caption\":\"Inductores de col\u00e1geno, el lifting sin cirug\u00eda.\"},{\"@type\":\"BreadcrumbList\",\"@id\":\"https:\/\/doctornelsoncaceres.es\/tratamientos\/calidad-de-piel\/estimuladores-de-colageno\/#breadcrumb\",\"itemListElement\":[{\"@type\":\"ListItem\",\"position\":1,\"name\":\"Portada\",\"item\":\"https:\/\/doctornelsoncaceres.es\/\"},{\"@type\":\"ListItem\",\"position\":2,\"name\":\"Tratamientos\",\"item\":\"https:\/\/doctornelsoncaceres.es\/tratamientos\/\"},{\"@type\":\"ListItem\",\"position\":3,\"name\":\"Calidad de piel\",\"item\":\"https:\/\/doctornelsoncaceres.es\/tratamientos\/calidad-de-piel\/\"},{\"@type\":\"ListItem\",\"position\":4,\"name\":\"Estimuladores de col\u00e1geno\"}]},{\"@type\":\"WebSite\",\"@id\":\"https:\/\/doctornelsoncaceres.es\/en\/#website\",\"url\":\"https:\/\/doctornelsoncaceres.es\/en\/\",\"name\":\"Doctor Nelson C\u00e1ceres\",\"description\":\"Consulta de medicina est\u00e9tica en M\u00f3stoles\",\"alternateName\":\"Dr Nelson C\u00e1ceres\",\"potentialAction\":[{\"@type\":\"SearchAction\",\"target\":{\"@type\":\"EntryPoint\",\"urlTemplate\":\"https:\/\/doctornelsoncaceres.es\/en\/?s={search_term_string}\"},\"query-input\":{\"@type\":\"PropertyValueSpecification\",\"valueRequired\":true,\"valueName\":\"search_term_string\"}}],\"inLanguage\":\"en-GB\"}]}<\/script>\n<!-- \/ Yoast SEO Premium plugin. -->","yoast_head_json":{"title":"Estimuladores de col\u00e1geno, el lifting sin cirug\u00eda - Doctor Nelson C\u00e1ceres","description":"Lifting sin cirug\u00eda o lifting l\u00edquido radiesse es un inductor de col\u00e1geno para la piel usado para atenuar el efecto de las arrugas y pliegues.","robots":{"index":"index","follow":"follow","max-snippet":"max-snippet:-1","max-image-preview":"max-image-preview:large","max-video-preview":"max-video-preview:-1"},"canonical":"https:\/\/doctornelsoncaceres.es\/en\/tratamientos\/leather-quality\/collagen-inducers\/","og_locale":"en_GB","og_type":"article","og_title":"Estimuladores de col\u00e1geno","og_description":"Lifting sin cirug\u00eda o lifting l\u00edquido radiesse es un inductor de col\u00e1geno para la piel usado para atenuar el efecto de las arrugas y pliegues.","og_url":"https:\/\/doctornelsoncaceres.es\/en\/tratamientos\/leather-quality\/collagen-inducers\/","og_site_name":"Doctor Nelson C\u00e1ceres","article_modified_time":"2025-03-07T08:46:22+00:00","og_image":[{"width":800,"height":800,"url":"https:\/\/doctornelsoncaceres.es\/wp-content\/uploads\/2024\/03\/inductor-de-colageno-doctornelsoncaceres.jpg","type":"image\/jpeg"}],"twitter_card":"summary_large_image","twitter_misc":{"Estimated reading time":"3 minutes"},"schema":{"@context":"https:\/\/schema.org","@graph":[{"@type":"WebPage","@id":"https:\/\/doctornelsoncaceres.es\/tratamientos\/calidad-de-piel\/estimuladores-de-colageno\/","url":"https:\/\/doctornelsoncaceres.es\/tratamientos\/calidad-de-piel\/estimuladores-de-colageno\/","name":"Estimuladores de col\u00e1geno, el lifting sin cirug\u00eda - Doctor Nelson C\u00e1ceres","isPartOf":{"@id":"https:\/\/doctornelsoncaceres.es\/en\/#website"},"primaryImageOfPage":{"@id":"https:\/\/doctornelsoncaceres.es\/tratamientos\/calidad-de-piel\/estimuladores-de-colageno\/#primaryimage"},"image":{"@id":"https:\/\/doctornelsoncaceres.es\/tratamientos\/calidad-de-piel\/estimuladores-de-colageno\/#primaryimage"},"thumbnailUrl":"https:\/\/doctornelsoncaceres.es\/wp-content\/uploads\/2024\/03\/inductor-de-colageno-doctornelsoncaceres.jpg","datePublished":"2024-03-20T18:11:55+00:00","dateModified":"2025-03-07T08:46:22+00:00","description":"Lifting sin cirug\u00eda o lifting l\u00edquido radiesse es un inductor de col\u00e1geno para la piel usado para atenuar el efecto de las arrugas y pliegues.","breadcrumb":{"@id":"https:\/\/doctornelsoncaceres.es\/tratamientos\/calidad-de-piel\/estimuladores-de-colageno\/#breadcrumb"},"inLanguage":"en-GB","potentialAction":[{"@type":"ReadAction","target":["https:\/\/doctornelsoncaceres.es\/tratamientos\/calidad-de-piel\/estimuladores-de-colageno\/"]}]},{"@type":"ImageObject","inLanguage":"en-GB","@id":"https:\/\/doctornelsoncaceres.es\/tratamientos\/calidad-de-piel\/estimuladores-de-colageno\/#primaryimage","url":"https:\/\/doctornelsoncaceres.es\/wp-content\/uploads\/2024\/03\/inductor-de-colageno-doctornelsoncaceres.jpg","contentUrl":"https:\/\/doctornelsoncaceres.es\/wp-content\/uploads\/2024\/03\/inductor-de-colageno-doctornelsoncaceres.jpg","width":800,"height":800,"caption":"Inductores de col\u00e1geno, el lifting sin cirug\u00eda."},{"@type":"BreadcrumbList","@id":"https:\/\/doctornelsoncaceres.es\/tratamientos\/calidad-de-piel\/estimuladores-de-colageno\/#breadcrumb","itemListElement":[{"@type":"ListItem","position":1,"name":"Portada","item":"https:\/\/doctornelsoncaceres.es\/"},{"@type":"ListItem","position":2,"name":"Tratamientos","item":"https:\/\/doctornelsoncaceres.es\/tratamientos\/"},{"@type":"ListItem","position":3,"name":"Calidad de piel","item":"https:\/\/doctornelsoncaceres.es\/tratamientos\/calidad-de-piel\/"},{"@type":"ListItem","position":4,"name":"Estimuladores de col\u00e1geno"}]},{"@type":"WebSite","@id":"https:\/\/doctornelsoncaceres.es\/en\/#website","url":"https:\/\/doctornelsoncaceres.es\/en\/","name":"Doctor Nelson C\u00e1ceres","description":"Consulta de medicina est\u00e9tica en M\u00f3stoles","alternateName":"Dr Nelson C\u00e1ceres","potentialAction":[{"@type":"SearchAction","target":{"@type":"EntryPoint","urlTemplate":"https:\/\/doctornelsoncaceres.es\/en\/?s={search_term_string}"},"query-input":{"@type":"PropertyValueSpecification","valueRequired":true,"valueName":"search_term_string"}}],"inLanguage":"en-GB"}]}},"_links":{"self":[{"href":"https:\/\/doctornelsoncaceres.es\/en\/wp-json\/wp\/v2\/pages\/939","targetHints":{"allow":["GET"]}}],"collection":[{"href":"https:\/\/doctornelsoncaceres.es\/en\/wp-json\/wp\/v2\/pages"}],"about":[{"href":"https:\/\/doctornelsoncaceres.es\/en\/wp-json\/wp\/v2\/types\/page"}],"author":[{"embeddable":true,"href":"https:\/\/doctornelsoncaceres.es\/en\/wp-json\/wp\/v2\/users\/1"}],"replies":[{"embeddable":true,"href":"https:\/\/doctornelsoncaceres.es\/en\/wp-json\/wp\/v2\/comments?post=939"}],"version-history":[{"count":6,"href":"https:\/\/doctornelsoncaceres.es\/en\/wp-json\/wp\/v2\/pages\/939\/revisions"}],"predecessor-version":[{"id":1329,"href":"https:\/\/doctornelsoncaceres.es\/en\/wp-json\/wp\/v2\/pages\/939\/revisions\/1329"}],"up":[{"embeddable":true,"href":"https:\/\/doctornelsoncaceres.es\/en\/wp-json\/wp\/v2\/pages\/722"}],"wp:featuredmedia":[{"embeddable":true,"href":"https:\/\/doctornelsoncaceres.es\/en\/wp-json\/wp\/v2\/media\/948"}],"wp:attachment":[{"href":"https:\/\/doctornelsoncaceres.es\/en\/wp-json\/wp\/v2\/media?parent=939"}],"wp:term":[{"taxonomy":"category","embeddable":true,"href":"https:\/\/doctornelsoncaceres.es\/en\/wp-json\/wp\/v2\/categories?post=939"},{"taxonomy":"post_tag","embeddable":true,"href":"https:\/\/doctornelsoncaceres.es\/en\/wp-json\/wp\/v2\/tags?post=939"}],"curies":[{"name":"wp","href":"https:\/\/api.w.org\/{rel}","templated":true}]}}