{"id":967,"date":"2024-03-21T09:49:13","date_gmt":"2024-03-21T09:49:13","guid":{"rendered":"https:\/\/www.doctornelsoncaceres.es\/?page_id=967"},"modified":"2025-03-07T08:42:10","modified_gmt":"2025-03-07T08:42:10","slug":"laser-de-plasma","status":"publish","type":"page","link":"https:\/\/doctornelsoncaceres.es\/en\/tratamientos\/leather-quality\/plasma-laser\/","title":{"rendered":"plasma laser"},"content":{"rendered":"<p>The Plasma Laser is a high-tech medical device, <strong>a plasma laser pen<\/strong> which enables <strong>burn injuries<\/strong> without damaging the skin, without bleeding, and hardly any pain. It is a novel, safe and effective system to non-surgically treat the skin, taking advantage of the fourth state of matter after solids, fluids and gases.&nbsp;<strong>\u201cthe plasma\u201d<\/strong>. Thanks to the ionization process of the gases contained in the air, a <strong><em>&quot;plasma arc&quot;<\/em><\/strong> which gives rise to <strong>a controlled tissue burn<\/strong>, which generates visible smoke and then a very small scab in the treated area. The scar will fall off in about a week.&nbsp;<\/p>\n\n\n\n<p><strong>Allows you to treat wrinkles and other benign skin lesions<\/strong>, such as warts, moles, skin tags, ruby points, spots due to age or sun exposure, or acne scars, among others. This technology <strong>achieves tissue retraction to effectively treat the signs of aging<\/strong> on the skin.<\/p>\n\n\n\n<h3 class=\"wp-block-heading\" id=\"h-beneficios-del-tratamiento-estetico-con-laser-de-plasma\">Benefits of aesthetic treatment with plasma laser<\/h3>\n\n\n\n<p>Aesthetic treatment with plasma laser <strong>regenerates collagen and elastin<\/strong>, improving the appearance of the skin immediately. This technology offers a wide range of benefits to improve the appearance of the skin in a non-invasive and safe way.<\/p>\n\n\n\n<h3 class=\"wp-block-heading\" id=\"h-aplicaciones-del-plasma-en-medicina-estetica\">Applications of plasma in aesthetic medicine<\/h3>\n\n\n\n<p>This technology is successfully used in the treatment of:<\/p>\n\n\n\n<ul class=\"wp-block-list\">\n<li>Moles<\/li>\n\n\n\n<li>Warts<\/li>\n\n\n\n<li>Xanthelasmas<\/li>\n\n\n\n<li>Skin tags<\/li>\n\n\n\n<li>ruby points<\/li>\n<\/ul>\n\n\n\n<p><\/p>\n\n\n\n<p>Achieving visible results immediately.<\/p>\n\n\n\n<h3 class=\"wp-block-heading\" id=\"h-cuidados-post-tratamiento-estetico-con-laser-de-plasma\">Plasma laser aesthetic post-treatment care<\/h3>\n\n\n\n<p>After undergoing plasma laser treatment, it is essential to follow a series of care to promote skin regeneration and maintain the results obtained. The post-treatment indications and recommendations are detailed below:<\/p>\n\n\n\n<h4 class=\"wp-block-heading\" id=\"h-indicaciones-para-favorecer-la-regeneracion-de-la-piel\">Indications to promote skin regeneration<\/h4>\n\n\n\n<ul class=\"wp-block-list\">\n<li>Apply regenerating cream according to the specialist&#039;s instructions.<\/li>\n\n\n\n<li>Avoid the direct exposure to the sun.<\/li>\n\n\n\n<li>Do not manipulate or rub the treated area.<\/li>\n<\/ul>\n\n\n\n<h4 class=\"wp-block-heading\" id=\"h-evitar-la-exposicion-al-sol-tras-el-tratamiento-de-laser-de-plasma\">Avoid sun exposure after plasma laser treatment<\/h4>\n\n\n\n<p>Sunlight can cause complications in skin recently treated with a plasma laser. It is important to protect the skin with broad-spectrum sunscreen and avoid prolonged sun exposure, especially during the first weeks post-treatment.<\/p>\n\n\n\n<h4 class=\"wp-block-heading\" id=\"h-importancia-de-seguir-las-recomendaciones-post-tratamiento\">Importance of following post-treatment recommendations<\/h4>\n\n\n\n<ul class=\"wp-block-list\">\n<li>Go to scheduled check-ups with the specialist.<\/li>\n\n\n\n<li>Be consistent in the application of the recommended products.<\/li>\n\n\n\n<li>Report any anomaly or side effect to the doctor.<\/li>\n<\/ul>\n\n\n\n<h3 class=\"wp-block-heading\" id=\"h-otros-tratamientos-de-calidad-de-piel\">Other quality skin treatments<\/h3>\n\n\n<ul class=\"wp-block-page-list\"><li class=\"wp-block-pages-list__item\"><a class=\"wp-block-pages-list__item__link\" href=\"https:\/\/doctornelsoncaceres.es\/en\/tratamientos\/leather-quality\/dermapen\/\">Dermapen<\/a><\/li><li class=\"wp-block-pages-list__item\"><a class=\"wp-block-pages-list__item__link\" href=\"https:\/\/doctornelsoncaceres.es\/en\/tratamientos\/leather-quality\/collagen-inducers\/\">collagen stimulators<\/a><\/li><li class=\"wp-block-pages-list__item\"><a class=\"wp-block-pages-list__item__link\" href=\"https:\/\/doctornelsoncaceres.es\/en\/tratamientos\/leather-quality\/plasma-laser\/\">plasma laser<\/a><\/li><li class=\"wp-block-pages-list__item\"><a class=\"wp-block-pages-list__item__link\" href=\"https:\/\/doctornelsoncaceres.es\/en\/tratamientos\/leather-quality\/oxyplus\/\">OxyPlus: deep hygiene and skin hydration.<\/a><\/li><li class=\"wp-block-pages-list__item\"><a class=\"wp-block-pages-list__item__link\" href=\"https:\/\/doctornelsoncaceres.es\/en\/tratamientos\/leather-quality\/rejuvenecimiento-cuello-y-escote\/\">Neck and d\u00e9collet\u00e9 rejuvenation with hyaluronic acid<\/a><\/li><li class=\"wp-block-pages-list__item\"><a class=\"wp-block-pages-list__item__link\" href=\"https:\/\/doctornelsoncaceres.es\/en\/tratamientos\/leather-quality\/rejuvenecimiento-del-dorso-de-las-manos\/\">Rejuvenation of the back of the hands<\/a><\/li><li class=\"wp-block-pages-list__item\"><a class=\"wp-block-pages-list__item__link\" href=\"https:\/\/doctornelsoncaceres.es\/en\/tratamientos\/leather-quality\/revitalizacion-dermica-facial\/\">Facial dermal revitalization<\/a><\/li><li class=\"wp-block-pages-list__item\"><a class=\"wp-block-pages-list__item__link\" href=\"https:\/\/doctornelsoncaceres.es\/en\/tratamientos\/leather-quality\/mesoterapia-facial\/\">facial mesotherapy<\/a><\/li><li class=\"wp-block-pages-list__item\"><a class=\"wp-block-pages-list__item__link\" href=\"https:\/\/doctornelsoncaceres.es\/en\/tratamientos\/leather-quality\/peeling-quimico-medico\/\">Medical chemical peel<\/a><\/li><li class=\"wp-block-pages-list__item\"><a class=\"wp-block-pages-list__item__link\" href=\"https:\/\/doctornelsoncaceres.es\/en\/tratamientos\/leather-quality\/plasma-rico-en-plaquetas\/\">Platelet rich plasma (PRP)<\/a><\/li><\/ul>","protected":false},"excerpt":{"rendered":"<p>The Plasma Laser can treat wrinkles and other benign skin lesions, such as warts, moles, skin tags, ruby spots, spots due to age or sun exposure, or acne scars, among others. This technology achieves tissue retraction to effectively treat the signs of aging on the skin.<\/p>","protected":false},"author":1,"featured_media":970,"parent":722,"menu_order":-10,"comment_status":"closed","ping_status":"closed","template":"","meta":{"_eb_attr":"","_joinchat":[],"footnotes":""},"categories":[21,19],"tags":[10,12],"class_list":["post-967","page","type-page","status-publish","has-post-thumbnail","hentry","category-calidad-de-piel","category-tratamientos","tag-page-content-sidebar","tag-tratamiento"],"yoast_head":"<!-- This site is optimized with the Yoast SEO Premium plugin v21.5 (Yoast SEO v24.6) - https:\/\/yoast.com\/wordpress\/plugins\/seo\/ -->\n<title>L\u00e1ser de plasma - Doctor Nelson C\u00e1ceres<\/title>\n<meta name=\"description\" content=\"El Plasma L\u00e1ser es una t\u00e9cnica innovadora que no requiere cirug\u00eda y estimula y reparara la piel eliminando manchas y lesiones cut\u00e1neas.\" \/>\n<meta name=\"robots\" content=\"index, follow, max-snippet:-1, max-image-preview:large, max-video-preview:-1\" \/>\n<link rel=\"canonical\" href=\"https:\/\/doctornelsoncaceres.es\/en\/tratamientos\/leather-quality\/plasma-laser\/\" \/>\n<meta property=\"og:locale\" content=\"en_GB\" \/>\n<meta property=\"og:type\" content=\"article\" \/>\n<meta property=\"og:title\" content=\"L\u00e1ser de plasma\" \/>\n<meta property=\"og:description\" content=\"El Plasma L\u00e1ser es una t\u00e9cnica innovadora que no requiere cirug\u00eda y estimula y reparara la piel eliminando manchas y lesiones cut\u00e1neas.\" \/>\n<meta property=\"og:url\" content=\"https:\/\/doctornelsoncaceres.es\/en\/tratamientos\/leather-quality\/plasma-laser\/\" \/>\n<meta property=\"og:site_name\" content=\"Doctor Nelson C\u00e1ceres\" \/>\n<meta property=\"article:modified_time\" content=\"2025-03-07T08:42:10+00:00\" \/>\n<meta property=\"og:image\" content=\"https:\/\/doctornelsoncaceres.es\/wp-content\/uploads\/2024\/03\/banner-cabecera-plasmalaser-doctornelsoncaceres.jpg\" \/>\n\t<meta property=\"og:image:width\" content=\"800\" \/>\n\t<meta property=\"og:image:height\" content=\"800\" \/>\n\t<meta property=\"og:image:type\" content=\"image\/jpeg\" \/>\n<meta name=\"twitter:card\" content=\"summary_large_image\" \/>\n<meta name=\"twitter:label1\" content=\"Estimated reading time\" \/>\n\t<meta name=\"twitter:data1\" content=\"3 minutes\" \/>\n<script type=\"application\/ld+json\" class=\"yoast-schema-graph\">{\"@context\":\"https:\/\/schema.org\",\"@graph\":[{\"@type\":\"WebPage\",\"@id\":\"https:\/\/doctornelsoncaceres.es\/tratamientos\/calidad-de-piel\/laser-de-plasma\/\",\"url\":\"https:\/\/doctornelsoncaceres.es\/tratamientos\/calidad-de-piel\/laser-de-plasma\/\",\"name\":\"L\u00e1ser de plasma - Doctor Nelson C\u00e1ceres\",\"isPartOf\":{\"@id\":\"https:\/\/doctornelsoncaceres.es\/en\/#website\"},\"primaryImageOfPage\":{\"@id\":\"https:\/\/doctornelsoncaceres.es\/tratamientos\/calidad-de-piel\/laser-de-plasma\/#primaryimage\"},\"image\":{\"@id\":\"https:\/\/doctornelsoncaceres.es\/tratamientos\/calidad-de-piel\/laser-de-plasma\/#primaryimage\"},\"thumbnailUrl\":\"https:\/\/doctornelsoncaceres.es\/wp-content\/uploads\/2024\/03\/banner-cabecera-plasmalaser-doctornelsoncaceres.jpg\",\"datePublished\":\"2024-03-21T09:49:13+00:00\",\"dateModified\":\"2025-03-07T08:42:10+00:00\",\"description\":\"El Plasma L\u00e1ser es una t\u00e9cnica innovadora que no requiere cirug\u00eda y estimula y reparara la piel eliminando manchas y lesiones cut\u00e1neas.\",\"breadcrumb\":{\"@id\":\"https:\/\/doctornelsoncaceres.es\/tratamientos\/calidad-de-piel\/laser-de-plasma\/#breadcrumb\"},\"inLanguage\":\"en-GB\",\"potentialAction\":[{\"@type\":\"ReadAction\",\"target\":[\"https:\/\/doctornelsoncaceres.es\/tratamientos\/calidad-de-piel\/laser-de-plasma\/\"]}]},{\"@type\":\"ImageObject\",\"inLanguage\":\"en-GB\",\"@id\":\"https:\/\/doctornelsoncaceres.es\/tratamientos\/calidad-de-piel\/laser-de-plasma\/#primaryimage\",\"url\":\"https:\/\/doctornelsoncaceres.es\/wp-content\/uploads\/2024\/03\/banner-cabecera-plasmalaser-doctornelsoncaceres.jpg\",\"contentUrl\":\"https:\/\/doctornelsoncaceres.es\/wp-content\/uploads\/2024\/03\/banner-cabecera-plasmalaser-doctornelsoncaceres.jpg\",\"width\":800,\"height\":800,\"caption\":\"Tratamiento est\u00e9tico con l\u00e1ser plasm\u00e1tico para mejorar la calidad de la piel.\"},{\"@type\":\"BreadcrumbList\",\"@id\":\"https:\/\/doctornelsoncaceres.es\/tratamientos\/calidad-de-piel\/laser-de-plasma\/#breadcrumb\",\"itemListElement\":[{\"@type\":\"ListItem\",\"position\":1,\"name\":\"Portada\",\"item\":\"https:\/\/doctornelsoncaceres.es\/\"},{\"@type\":\"ListItem\",\"position\":2,\"name\":\"Tratamientos\",\"item\":\"https:\/\/doctornelsoncaceres.es\/tratamientos\/\"},{\"@type\":\"ListItem\",\"position\":3,\"name\":\"Calidad de piel\",\"item\":\"https:\/\/doctornelsoncaceres.es\/tratamientos\/calidad-de-piel\/\"},{\"@type\":\"ListItem\",\"position\":4,\"name\":\"L\u00e1ser de plasma\"}]},{\"@type\":\"WebSite\",\"@id\":\"https:\/\/doctornelsoncaceres.es\/en\/#website\",\"url\":\"https:\/\/doctornelsoncaceres.es\/en\/\",\"name\":\"Doctor Nelson C\u00e1ceres\",\"description\":\"Consulta de medicina est\u00e9tica en M\u00f3stoles\",\"alternateName\":\"Dr Nelson C\u00e1ceres\",\"potentialAction\":[{\"@type\":\"SearchAction\",\"target\":{\"@type\":\"EntryPoint\",\"urlTemplate\":\"https:\/\/doctornelsoncaceres.es\/en\/?s={search_term_string}\"},\"query-input\":{\"@type\":\"PropertyValueSpecification\",\"valueRequired\":true,\"valueName\":\"search_term_string\"}}],\"inLanguage\":\"en-GB\"}]}<\/script>\n<!-- \/ Yoast SEO Premium plugin. -->","yoast_head_json":{"title":"L\u00e1ser de plasma - Doctor Nelson C\u00e1ceres","description":"El Plasma L\u00e1ser es una t\u00e9cnica innovadora que no requiere cirug\u00eda y estimula y reparara la piel eliminando manchas y lesiones cut\u00e1neas.","robots":{"index":"index","follow":"follow","max-snippet":"max-snippet:-1","max-image-preview":"max-image-preview:large","max-video-preview":"max-video-preview:-1"},"canonical":"https:\/\/doctornelsoncaceres.es\/en\/tratamientos\/leather-quality\/plasma-laser\/","og_locale":"en_GB","og_type":"article","og_title":"L\u00e1ser de plasma","og_description":"El Plasma L\u00e1ser es una t\u00e9cnica innovadora que no requiere cirug\u00eda y estimula y reparara la piel eliminando manchas y lesiones cut\u00e1neas.","og_url":"https:\/\/doctornelsoncaceres.es\/en\/tratamientos\/leather-quality\/plasma-laser\/","og_site_name":"Doctor Nelson C\u00e1ceres","article_modified_time":"2025-03-07T08:42:10+00:00","og_image":[{"width":800,"height":800,"url":"https:\/\/doctornelsoncaceres.es\/wp-content\/uploads\/2024\/03\/banner-cabecera-plasmalaser-doctornelsoncaceres.jpg","type":"image\/jpeg"}],"twitter_card":"summary_large_image","twitter_misc":{"Estimated reading time":"3 minutes"},"schema":{"@context":"https:\/\/schema.org","@graph":[{"@type":"WebPage","@id":"https:\/\/doctornelsoncaceres.es\/tratamientos\/calidad-de-piel\/laser-de-plasma\/","url":"https:\/\/doctornelsoncaceres.es\/tratamientos\/calidad-de-piel\/laser-de-plasma\/","name":"L\u00e1ser de plasma - Doctor Nelson C\u00e1ceres","isPartOf":{"@id":"https:\/\/doctornelsoncaceres.es\/en\/#website"},"primaryImageOfPage":{"@id":"https:\/\/doctornelsoncaceres.es\/tratamientos\/calidad-de-piel\/laser-de-plasma\/#primaryimage"},"image":{"@id":"https:\/\/doctornelsoncaceres.es\/tratamientos\/calidad-de-piel\/laser-de-plasma\/#primaryimage"},"thumbnailUrl":"https:\/\/doctornelsoncaceres.es\/wp-content\/uploads\/2024\/03\/banner-cabecera-plasmalaser-doctornelsoncaceres.jpg","datePublished":"2024-03-21T09:49:13+00:00","dateModified":"2025-03-07T08:42:10+00:00","description":"El Plasma L\u00e1ser es una t\u00e9cnica innovadora que no requiere cirug\u00eda y estimula y reparara la piel eliminando manchas y lesiones cut\u00e1neas.","breadcrumb":{"@id":"https:\/\/doctornelsoncaceres.es\/tratamientos\/calidad-de-piel\/laser-de-plasma\/#breadcrumb"},"inLanguage":"en-GB","potentialAction":[{"@type":"ReadAction","target":["https:\/\/doctornelsoncaceres.es\/tratamientos\/calidad-de-piel\/laser-de-plasma\/"]}]},{"@type":"ImageObject","inLanguage":"en-GB","@id":"https:\/\/doctornelsoncaceres.es\/tratamientos\/calidad-de-piel\/laser-de-plasma\/#primaryimage","url":"https:\/\/doctornelsoncaceres.es\/wp-content\/uploads\/2024\/03\/banner-cabecera-plasmalaser-doctornelsoncaceres.jpg","contentUrl":"https:\/\/doctornelsoncaceres.es\/wp-content\/uploads\/2024\/03\/banner-cabecera-plasmalaser-doctornelsoncaceres.jpg","width":800,"height":800,"caption":"Tratamiento est\u00e9tico con l\u00e1ser plasm\u00e1tico para mejorar la calidad de la piel."},{"@type":"BreadcrumbList","@id":"https:\/\/doctornelsoncaceres.es\/tratamientos\/calidad-de-piel\/laser-de-plasma\/#breadcrumb","itemListElement":[{"@type":"ListItem","position":1,"name":"Portada","item":"https:\/\/doctornelsoncaceres.es\/"},{"@type":"ListItem","position":2,"name":"Tratamientos","item":"https:\/\/doctornelsoncaceres.es\/tratamientos\/"},{"@type":"ListItem","position":3,"name":"Calidad de piel","item":"https:\/\/doctornelsoncaceres.es\/tratamientos\/calidad-de-piel\/"},{"@type":"ListItem","position":4,"name":"L\u00e1ser de plasma"}]},{"@type":"WebSite","@id":"https:\/\/doctornelsoncaceres.es\/en\/#website","url":"https:\/\/doctornelsoncaceres.es\/en\/","name":"Doctor Nelson C\u00e1ceres","description":"Consulta de medicina est\u00e9tica en M\u00f3stoles","alternateName":"Dr Nelson C\u00e1ceres","potentialAction":[{"@type":"SearchAction","target":{"@type":"EntryPoint","urlTemplate":"https:\/\/doctornelsoncaceres.es\/en\/?s={search_term_string}"},"query-input":{"@type":"PropertyValueSpecification","valueRequired":true,"valueName":"search_term_string"}}],"inLanguage":"en-GB"}]}},"_links":{"self":[{"href":"https:\/\/doctornelsoncaceres.es\/en\/wp-json\/wp\/v2\/pages\/967","targetHints":{"allow":["GET"]}}],"collection":[{"href":"https:\/\/doctornelsoncaceres.es\/en\/wp-json\/wp\/v2\/pages"}],"about":[{"href":"https:\/\/doctornelsoncaceres.es\/en\/wp-json\/wp\/v2\/types\/page"}],"author":[{"embeddable":true,"href":"https:\/\/doctornelsoncaceres.es\/en\/wp-json\/wp\/v2\/users\/1"}],"replies":[{"embeddable":true,"href":"https:\/\/doctornelsoncaceres.es\/en\/wp-json\/wp\/v2\/comments?post=967"}],"version-history":[{"count":8,"href":"https:\/\/doctornelsoncaceres.es\/en\/wp-json\/wp\/v2\/pages\/967\/revisions"}],"predecessor-version":[{"id":1323,"href":"https:\/\/doctornelsoncaceres.es\/en\/wp-json\/wp\/v2\/pages\/967\/revisions\/1323"}],"up":[{"embeddable":true,"href":"https:\/\/doctornelsoncaceres.es\/en\/wp-json\/wp\/v2\/pages\/722"}],"wp:featuredmedia":[{"embeddable":true,"href":"https:\/\/doctornelsoncaceres.es\/en\/wp-json\/wp\/v2\/media\/970"}],"wp:attachment":[{"href":"https:\/\/doctornelsoncaceres.es\/en\/wp-json\/wp\/v2\/media?parent=967"}],"wp:term":[{"taxonomy":"category","embeddable":true,"href":"https:\/\/doctornelsoncaceres.es\/en\/wp-json\/wp\/v2\/categories?post=967"},{"taxonomy":"post_tag","embeddable":true,"href":"https:\/\/doctornelsoncaceres.es\/en\/wp-json\/wp\/v2\/tags?post=967"}],"curies":[{"name":"wp","href":"https:\/\/api.w.org\/{rel}","templated":true}]}}